{"id":161322,"date":"2022-09-28T17:49:24","date_gmt":"2022-09-28T17:49:24","guid":{"rendered":"http:\/\/climalife.com\/product\/solstice-propellant-hfo-1234ze\/"},"modified":"2025-08-13T07:26:44","modified_gmt":"2025-08-13T07:26:44","slug":"solstice-propellant-hfo-1234ze","status":"publish","type":"product","link":"https:\/\/climalife.com\/hu\/product\/solstice-propellant-hfo-1234ze\/","title":{"rendered":"HFO 1234ze Solstice\u00ae Propellant"},"content":{"rendered":"<p>A nem gy\u00fal\u00e9kony\u00a0Solstice<sup>\u00ae<\/sup> Propellant HFO 1234ze sz\u00e1mos lehet\u0151s\u00e9get k\u00edn\u00e1l olyan k\u00e9sz\u00edtm\u00e9nyekben val\u00f3 felhaszn\u00e1l\u00e1sra, amelyek biztons\u00e1gi k\u00f6vetelm\u00e9nyeket ig\u00e9nyelnek (szab\u00e1lyoz\u00e1si, kock\u00e1zatos k\u00f6rnyezet, z\u00e1rt k\u00f6rnyezet).Haszn\u00e1lata cs\u00f6kkenti sz\u00e1mos k\u00e9sz\u00edtm\u00e9ny gy\u00fal\u00e9konys\u00e1g\u00e1t, \u00edgy a 2008 \/47 \/ EK ir\u00e1nyelv \u00e9rtelm\u00e9ben nem gy\u00fal\u00e9kony kateg\u00f3ri\u00e1ba sorolva azokat. Felhaszn\u00e1l\u00e1sa nem ig\u00e9nyel k\u00fcl\u00f6n\u00f6sebb beruh\u00e1z\u00e1st, mint p\u00e9ld\u00e1ul ATEX-es biztons\u00e1gi berendez\u00e9seket. A HFO 1234ze Solstice\u00ae Propellant HFO 1234ze hajt\u00f3g\u00e1zt a HFC 134a helyettes\u00edt\u00e9s\u00e9re tervezt\u00e9k. A HFC 134a-val szembeni f\u0151 el\u0151nye az \u00fcvegh\u00e1zhat\u00e1sra gyakorolt \u200b\u200bk\u00f6rnyezeti el\u0151nye.<\/p>\n","protected":false},"excerpt":{"rendered":"<p>A Solstice\u00ae Propellant HFO 1234ze hajt\u00f3g\u00e1z egy hidrofluoroprop\u00e9n. \u00c1lland\u00f3 min\u0151s\u00e9g\u0171, \u00e9s megfelel a cseppfoly\u00f3s\u00edtott hajt\u00f3g\u00e1z minden k\u00f6vetelm\u00e9ny\u00e9nek.<\/p>\n","protected":false},"featured_media":131319,"comment_status":"open","ping_status":"closed","template":"","meta":[],"countries":[4674,4709,4756,4813,4831,4862],"product_brand":[],"product_cat":[9987,9967,9994,9760,9515],"product_tag":[],"class_list":{"0":"post-161322","1":"product","2":"type-product","3":"status-publish","4":"has-post-thumbnail","6":"countries-by","7":"countries-cu","8":"countries-ir","9":"countries-kp","10":"countries-ru","11":"countries-sy","12":"product_cat-repulestechnika-urhajozas-vedelem","13":"product_cat-egeszseg-jolet","14":"product_cat-egyeb-iparagak","15":"product_cat-hajtogazok","16":"product_cat-hfo-hu-87","17":"pa_packaging-palack-26-i-hu-32","18":"pa_packaging-palack-88-l-hu-122","19":"pa_packaging-tartaly-930-l-hu-76","20":"pa_packaging-tartalyautos20-tonna-hu-141","22":"first","23":"instock","24":"shipping-taxable","25":"purchasable","26":"product-type-variable"},"_links":{"self":[{"href":"https:\/\/climalife.com\/hu\/wp-json\/wp\/v2\/product\/161322","targetHints":{"allow":["GET"]}}],"collection":[{"href":"https:\/\/climalife.com\/hu\/wp-json\/wp\/v2\/product"}],"about":[{"href":"https:\/\/climalife.com\/hu\/wp-json\/wp\/v2\/types\/product"}],"replies":[{"embeddable":true,"href":"https:\/\/climalife.com\/hu\/wp-json\/wp\/v2\/comments?post=161322"}],"wp:featuredmedia":[{"embeddable":true,"href":"https:\/\/climalife.com\/hu\/wp-json\/wp\/v2\/media\/131319"}],"wp:attachment":[{"href":"https:\/\/climalife.com\/hu\/wp-json\/wp\/v2\/media?parent=161322"}],"wp:term":[{"taxonomy":"countries","embeddable":true,"href":"https:\/\/climalife.com\/hu\/wp-json\/wp\/v2\/countries?post=161322"},{"taxonomy":"product_brand","embeddable":true,"href":"https:\/\/climalife.com\/hu\/wp-json\/wp\/v2\/product_brand?post=161322"},{"taxonomy":"product_cat","embeddable":true,"href":"https:\/\/climalife.com\/hu\/wp-json\/wp\/v2\/product_cat?post=161322"},{"taxonomy":"product_tag","embeddable":true,"href":"https:\/\/climalife.com\/hu\/wp-json\/wp\/v2\/product_tag?post=161322"}],"curies":[{"name":"wp","href":"https:\/\/api.w.org\/{rel}","templated":true}]}}