{"id":161336,"date":"2022-09-28T17:49:31","date_gmt":"2022-09-28T17:49:31","guid":{"rendered":"http:\/\/climalife.com\/product\/novaspray-hfc-152a\/"},"modified":"2026-02-17T08:24:49","modified_gmt":"2026-02-17T08:24:49","slug":"novaspray-hfc-152a","status":"publish","type":"product","link":"https:\/\/climalife.com\/hu\/product\/novaspray-hfc-152a\/","title":{"rendered":"NovaSpray\u2122 HFC 152a"},"content":{"rendered":"<p>Az alkoholokkal \u00e9s a szok\u00e1sos old\u00f3szerekkel val\u00f3 j\u00f3 keverhet\u0151s\u00e9g\u00e9nek k\u00f6sz\u00f6nhet\u0151en rendk\u00edv\u00fcl rugalmasan alkalmazhat\u00f3.<br \/>\nNincs hat\u00e1sa az \u00f3zonr\u00e9tegre, \u00e9s nagyon csek\u00e9ly a \u00fcvegh\u00e1zhat\u00e1s-n\u00f6vel\u0151 hat\u00e1sa.<\/p>\n","protected":false},"excerpt":{"rendered":"<p>A NovaSpray\u2122 HFC 152a egy aeroszol min\u0151s\u00e9g\u0171 difluor-et\u00e1n. \u00c1lland\u00f3 min\u0151s\u00e9g\u0171, \u00e9s minden hajt\u00f3anyaggal szemben t\u00e1masztott k\u00f6vetelm\u00e9nynek megfelel.<\/p>\n","protected":false},"featured_media":190600,"comment_status":"open","ping_status":"closed","template":"","meta":[],"countries":[4674,4709,4756,4813,4831,4862],"product_brand":[],"product_cat":[9994,9760,9407],"product_tag":[],"class_list":{"0":"post-161336","1":"product","2":"type-product","3":"status-publish","4":"has-post-thumbnail","6":"countries-by","7":"countries-cu","8":"countries-ir","9":"countries-kp","10":"countries-ru","11":"countries-sy","12":"product_cat-egyeb-iparagak","13":"product_cat-hajtogazok","14":"product_cat-hfc-hu-86","15":"pa_packaging-palack-26-i-hu-32","16":"pa_packaging-palack-88-l-hu-122","17":"pa_packaging-tartaly-930-l-hu-76","18":"pa_packaging-tartalyautos20-tonna-hu-141","20":"first","21":"instock","22":"shipping-taxable","23":"purchasable","24":"product-type-variable"},"_links":{"self":[{"href":"https:\/\/climalife.com\/hu\/wp-json\/wp\/v2\/product\/161336","targetHints":{"allow":["GET"]}}],"collection":[{"href":"https:\/\/climalife.com\/hu\/wp-json\/wp\/v2\/product"}],"about":[{"href":"https:\/\/climalife.com\/hu\/wp-json\/wp\/v2\/types\/product"}],"replies":[{"embeddable":true,"href":"https:\/\/climalife.com\/hu\/wp-json\/wp\/v2\/comments?post=161336"}],"wp:featuredmedia":[{"embeddable":true,"href":"https:\/\/climalife.com\/hu\/wp-json\/wp\/v2\/media\/190600"}],"wp:attachment":[{"href":"https:\/\/climalife.com\/hu\/wp-json\/wp\/v2\/media?parent=161336"}],"wp:term":[{"taxonomy":"countries","embeddable":true,"href":"https:\/\/climalife.com\/hu\/wp-json\/wp\/v2\/countries?post=161336"},{"taxonomy":"product_brand","embeddable":true,"href":"https:\/\/climalife.com\/hu\/wp-json\/wp\/v2\/product_brand?post=161336"},{"taxonomy":"product_cat","embeddable":true,"href":"https:\/\/climalife.com\/hu\/wp-json\/wp\/v2\/product_cat?post=161336"},{"taxonomy":"product_tag","embeddable":true,"href":"https:\/\/climalife.com\/hu\/wp-json\/wp\/v2\/product_tag?post=161336"}],"curies":[{"name":"wp","href":"https:\/\/api.w.org\/{rel}","templated":true}]}}