{"id":161343,"date":"2022-09-28T17:49:37","date_gmt":"2022-09-28T17:49:37","guid":{"rendered":"http:\/\/climalife.com\/product\/zerol-rfl-46-ep-zerol-rfl-68-ep\/"},"modified":"2024-01-25T13:53:10","modified_gmt":"2024-01-25T13:53:10","slug":"zerol-rfl","status":"publish","type":"product","link":"https:\/\/climalife.com\/hu\/product\/zerol-rfl\/","title":{"rendered":"Zerol RFL term\u00e9kcsal\u00e1d"},"content":{"rendered":"<p>A ZEROL RFL-EP sorozat a k\u00f6vetkez\u0151 el\u0151ny\u00f6kkel j\u00e1r:<\/p>\n<p>&#8211; Alacsonyabb viszkozit\u00e1scs\u00f6kken\u00e9s<\/p>\n<p>&#8211; Kev\u00e9sb\u00e9 higroszk\u00f3pos PAG olaj<\/p>\n<p>&#8211; Nagy k\u00e9miai, termikus \u00e9s hidrolitikus stabilit\u00e1s<\/p>\n<p>&#8211; Kiv\u00e1l\u00f3 ken\u00e9si teljes\u00edtm\u00e9ny.<\/p>\n<p>A Zerol RFL-EP olajok 5L \u00e9s 20L kann\u00e1kban kaphat\u00f3k 46 \u00e9s 68 viszkozit\u00e1si fokozatban.<\/p>\n","protected":false},"excerpt":{"rendered":"<p>PAG (polialkil\u00e9nglikol) olajok csoportja, amelyeket kifejezetten CO2-rendszerekhez\u00a0 (R-744) fejlesztettek ki. A Zerol RFL-EP olajok kiv\u00e1l\u00f3 h\u0151\u00e1ll\u00f3s\u00e1ggal rendelkeznek, \u00e9s ide\u00e1lisak a szubkritikus \u00e9s transzkritikus m\u0171k\u00f6d\u00e9shez.<\/p>\n","protected":false},"featured_media":124326,"comment_status":"open","ping_status":"closed","template":"","meta":[],"countries":[4674,4709,4756,4813,4831,4862],"product_brand":[],"product_cat":[9976,9967,9994,9940,9949,13096,13130,13061,13448,9987],"product_tag":[],"class_list":{"0":"post-161343","1":"product","2":"type-product","3":"status-publish","4":"has-post-thumbnail","6":"countries-by","7":"countries-cu","8":"countries-ir","9":"countries-kp","10":"countries-ru","11":"countries-sy","12":"product_cat-autoipar-kozlekedes","13":"product_cat-egeszseg-jolet","14":"product_cat-egyeb-iparagak","15":"product_cat-elelmiszeripar","16":"product_cat-epuletek","17":"product_cat-futes","18":"product_cat-hutestechnika","19":"product_cat-legkondicionalas","20":"product_cat-pag-hu","21":"product_cat-repulestechnika-urhajozas-vedelem","22":"pa_packaging-kanna-20-l-hu-36","23":"pa_packaging-kanna-5-l-hu-35","25":"first","26":"instock","27":"shipping-taxable","28":"purchasable","29":"product-type-variable"},"_links":{"self":[{"href":"https:\/\/climalife.com\/hu\/wp-json\/wp\/v2\/product\/161343","targetHints":{"allow":["GET"]}}],"collection":[{"href":"https:\/\/climalife.com\/hu\/wp-json\/wp\/v2\/product"}],"about":[{"href":"https:\/\/climalife.com\/hu\/wp-json\/wp\/v2\/types\/product"}],"replies":[{"embeddable":true,"href":"https:\/\/climalife.com\/hu\/wp-json\/wp\/v2\/comments?post=161343"}],"wp:featuredmedia":[{"embeddable":true,"href":"https:\/\/climalife.com\/hu\/wp-json\/wp\/v2\/media\/124326"}],"wp:attachment":[{"href":"https:\/\/climalife.com\/hu\/wp-json\/wp\/v2\/media?parent=161343"}],"wp:term":[{"taxonomy":"countries","embeddable":true,"href":"https:\/\/climalife.com\/hu\/wp-json\/wp\/v2\/countries?post=161343"},{"taxonomy":"product_brand","embeddable":true,"href":"https:\/\/climalife.com\/hu\/wp-json\/wp\/v2\/product_brand?post=161343"},{"taxonomy":"product_cat","embeddable":true,"href":"https:\/\/climalife.com\/hu\/wp-json\/wp\/v2\/product_cat?post=161343"},{"taxonomy":"product_tag","embeddable":true,"href":"https:\/\/climalife.com\/hu\/wp-json\/wp\/v2\/product_tag?post=161343"}],"curies":[{"name":"wp","href":"https:\/\/api.w.org\/{rel}","templated":true}]}}