{"id":161357,"date":"2022-09-28T17:49:45","date_gmt":"2022-09-28T17:49:45","guid":{"rendered":"http:\/\/climalife.com\/product\/r-404a-t-regeneralt\/"},"modified":"2025-08-13T07:23:31","modified_gmt":"2025-08-13T07:23:31","slug":"r-404a-t-regeneralt","status":"publish","type":"product","link":"https:\/\/climalife.com\/hu\/product\/r-404a-t-regeneralt\/","title":{"rendered":"R-404AT (regener\u00e1lt)"},"content":{"rendered":"<p>El\u0151szeretettel haszn\u00e1lt\u00e1k \u00faj berendez\u00e9sekhez, p\u00e9ld\u00e1ul nagy kiskereskedelmi egys\u00e9gek (szupermarketek \u00e9s hipermarketek) k\u00f6zponti h\u0171t\u0151berendez\u00e9seihez, h\u0171t\u0151h\u00e1zakhoz, \u00e9lelmiszerfagyaszt\u00f3 berendez\u00e9sekhez, h\u0171t\u0151kamionokhoz valamint fagyasztott \u00e9lelmiszerek tart\u00f3s\u00edt\u00e1s\u00e1ra szolg\u00e1l\u00f3 b\u00fatorokhoz. Ez a h\u0171t\u0151k\u00f6zeg egy retrofit elj\u00e1r\u00e1st k\u00f6vet\u0151en az R-502-t is helyettes\u00edtheti a megl\u00e9v\u0151 berendez\u00e9sekben.<\/p>\n","protected":false},"excerpt":{"rendered":"<p>Az R 404AT egy olyan HFC t\u00edpus\u00fa \u201ekv\u00e1zi azeotropikus\u201d kever\u00e9k, amelyet az R-404A visszanyer\u00e9se \u00e9s regener\u00e1l\u00e1sa \u00e1ltal nyer\u00fcnk.<br \/>\nHaszn\u00e1lata\u00a02030. janu\u00e1r 1-j\u00e9ig enged\u00e9lyezett , ez lehet\u0151v\u00e9 teszi az eredetileg gy\u00e1ri \u00faj R-404A-t haszn\u00e1l\u00f3 berendez\u00e9sek karbantart\u00e1s\u00e1t, amely 2020. janu\u00e1r 1-je \u00f3ta tilos.<\/p>\n","protected":false},"featured_media":123894,"comment_status":"open","ping_status":"closed","template":"","meta":[],"countries":[4674,4709,4756,4813,4831,4862],"product_brand":[],"product_cat":[9987,9976,9958,9940,9967,9994,13130,9527],"product_tag":[],"class_list":{"0":"post-161357","1":"product","2":"type-product","3":"status-publish","4":"has-post-thumbnail","6":"countries-by","7":"countries-cu","8":"countries-ir","9":"countries-kp","10":"countries-ru","11":"countries-sy","12":"product_cat-repulestechnika-urhajozas-vedelem","13":"product_cat-autoipar-kozlekedes","14":"product_cat-energia","15":"product_cat-elelmiszeripar","16":"product_cat-egeszseg-jolet","17":"product_cat-egyeb-iparagak","18":"product_cat-hutestechnika","19":"product_cat-regenealt-hfc-k","20":"pa_packaging-palack-52-l-hu-72","21":"pa_packaging-tartaly-448-l-hu-74","22":"pa_packaging-tartaly-930-l-hu-76","24":"first","25":"instock","26":"shipping-taxable","27":"purchasable","28":"product-type-variable"},"_links":{"self":[{"href":"https:\/\/climalife.com\/hu\/wp-json\/wp\/v2\/product\/161357","targetHints":{"allow":["GET"]}}],"collection":[{"href":"https:\/\/climalife.com\/hu\/wp-json\/wp\/v2\/product"}],"about":[{"href":"https:\/\/climalife.com\/hu\/wp-json\/wp\/v2\/types\/product"}],"replies":[{"embeddable":true,"href":"https:\/\/climalife.com\/hu\/wp-json\/wp\/v2\/comments?post=161357"}],"wp:featuredmedia":[{"embeddable":true,"href":"https:\/\/climalife.com\/hu\/wp-json\/wp\/v2\/media\/123894"}],"wp:attachment":[{"href":"https:\/\/climalife.com\/hu\/wp-json\/wp\/v2\/media?parent=161357"}],"wp:term":[{"taxonomy":"countries","embeddable":true,"href":"https:\/\/climalife.com\/hu\/wp-json\/wp\/v2\/countries?post=161357"},{"taxonomy":"product_brand","embeddable":true,"href":"https:\/\/climalife.com\/hu\/wp-json\/wp\/v2\/product_brand?post=161357"},{"taxonomy":"product_cat","embeddable":true,"href":"https:\/\/climalife.com\/hu\/wp-json\/wp\/v2\/product_cat?post=161357"},{"taxonomy":"product_tag","embeddable":true,"href":"https:\/\/climalife.com\/hu\/wp-json\/wp\/v2\/product_tag?post=161357"}],"curies":[{"name":"wp","href":"https:\/\/api.w.org\/{rel}","templated":true}]}}