{"id":161374,"date":"2022-12-15T10:50:02","date_gmt":"2022-12-15T10:50:02","guid":{"rendered":"http:\/\/climalife.com\/product\/r-455a-solstice-l40x\/"},"modified":"2026-02-06T07:28:02","modified_gmt":"2026-02-06T07:28:02","slug":"r-455a-solstice-l40x","status":"publish","type":"product","link":"https:\/\/climalife.com\/hu\/product\/r-455a-solstice-l40x\/","title":{"rendered":"R-455A Solstice\u00ae L40X"},"content":{"rendered":"<p>Thermodinamikai tulajdons\u00e1gai lehet\u0151v\u00e9 teszik az R-22 \u00e9s R-404A \u00e1ltal lefedett ter\u00fcleken ezen h\u0171t\u0151k\u00f6zegek kiv\u00e1lt\u00e1s\u00e1t norm\u00e1l- \u00e9s m\u00e9lyh\u0171t\u00e9s, illetve h\u0171szivatty\u00fas alkalmaz\u00e1sokn\u00e1l is.<\/p>\n","protected":false},"excerpt":{"rendered":"<p>Az R-455A nem azeotr\u00f3p kever\u00e9k (HFC\/HFO), melynek a GWP-je 150-n\u00e9l alacsonyabb.<\/p>\n","protected":false},"featured_media":199945,"comment_status":"open","ping_status":"closed","template":"","meta":[],"countries":[4674,4709,4756,4813,4831,4862],"product_brand":[],"product_cat":[9976,9949,9940,9967,9994,13061,13130,9608],"product_tag":[],"class_list":{"0":"post-161374","1":"product","2":"type-product","3":"status-publish","4":"has-post-thumbnail","6":"countries-by","7":"countries-cu","8":"countries-ir","9":"countries-kp","10":"countries-ru","11":"countries-sy","12":"product_cat-autoipar-kozlekedes","13":"product_cat-epuletek","14":"product_cat-elelmiszeripar","15":"product_cat-egeszseg-jolet","16":"product_cat-egyeb-iparagak","17":"product_cat-legkondicionalas","18":"product_cat-hutestechnika","19":"product_cat-hfc-hfo-keverekek","20":"pa_packaging-friostar-hu-69","21":"pa_packaging-ministar-hu-339","22":"pa_packaging-palack-52-l-hu-72","24":"first","25":"instock","26":"shipping-taxable","27":"purchasable","28":"product-type-variable"},"_links":{"self":[{"href":"https:\/\/climalife.com\/hu\/wp-json\/wp\/v2\/product\/161374","targetHints":{"allow":["GET"]}}],"collection":[{"href":"https:\/\/climalife.com\/hu\/wp-json\/wp\/v2\/product"}],"about":[{"href":"https:\/\/climalife.com\/hu\/wp-json\/wp\/v2\/types\/product"}],"replies":[{"embeddable":true,"href":"https:\/\/climalife.com\/hu\/wp-json\/wp\/v2\/comments?post=161374"}],"wp:featuredmedia":[{"embeddable":true,"href":"https:\/\/climalife.com\/hu\/wp-json\/wp\/v2\/media\/199945"}],"wp:attachment":[{"href":"https:\/\/climalife.com\/hu\/wp-json\/wp\/v2\/media?parent=161374"}],"wp:term":[{"taxonomy":"countries","embeddable":true,"href":"https:\/\/climalife.com\/hu\/wp-json\/wp\/v2\/countries?post=161374"},{"taxonomy":"product_brand","embeddable":true,"href":"https:\/\/climalife.com\/hu\/wp-json\/wp\/v2\/product_brand?post=161374"},{"taxonomy":"product_cat","embeddable":true,"href":"https:\/\/climalife.com\/hu\/wp-json\/wp\/v2\/product_cat?post=161374"},{"taxonomy":"product_tag","embeddable":true,"href":"https:\/\/climalife.com\/hu\/wp-json\/wp\/v2\/product_tag?post=161374"}],"curies":[{"name":"wp","href":"https:\/\/api.w.org\/{rel}","templated":true}]}}