{"id":161397,"date":"2022-09-28T17:50:18","date_gmt":"2022-09-28T17:50:18","guid":{"rendered":"http:\/\/climalife.com\/product\/lefejto-palack\/"},"modified":"2025-07-14T09:30:50","modified_gmt":"2025-07-14T09:30:50","slug":"lefejto-palack","status":"publish","type":"product","link":"https:\/\/climalife.com\/hu\/product\/lefejto-palack\/","title":{"rendered":"Lefejt\u0151palack"},"content":{"rendered":"<p>Rendelkez\u00e9sre bocs\u00e1t\u00e1s.<\/p>\n","protected":false},"excerpt":{"rendered":"<p>R-290, R-600a \u00e9s HFO (R-1234yf, R-455A, R-452B, &#8230;) sz\u00e9nhidrog\u00e9nekhez.Az R-32 eset\u00e9ben haszn\u00e1lja a 48 bar-os palackot.<\/p>\n","protected":false},"featured_media":108144,"comment_status":"open","ping_status":"closed","template":"","meta":[],"countries":[4674,4709,4756,4813,4831,4862],"product_brand":[],"product_cat":[9223,9949,9940,9994,13255],"product_tag":[],"class_list":{"0":"post-161397","1":"product","2":"type-product","3":"status-publish","4":"has-post-thumbnail","6":"countries-by","7":"countries-cu","8":"countries-ir","9":"countries-kp","10":"countries-ru","11":"countries-sy","12":"product_cat-iparagak","13":"product_cat-epuletek","14":"product_cat-elelmiszeripar","15":"product_cat-egyeb-iparagak","16":"product_cat-hutokozeg-visszanyerese","17":"pa_packaging-12-l-hu-132","18":"pa_packaging-88l-hu-126","19":"pa_packaging-palack-27-i-hu-34","20":"pa_pressure-42-bar-hu-242","21":"pa_pressure-48-bar-hu-319","23":"first","24":"instock","25":"shipping-taxable","26":"purchasable","27":"product-type-variable"},"_links":{"self":[{"href":"https:\/\/climalife.com\/hu\/wp-json\/wp\/v2\/product\/161397","targetHints":{"allow":["GET"]}}],"collection":[{"href":"https:\/\/climalife.com\/hu\/wp-json\/wp\/v2\/product"}],"about":[{"href":"https:\/\/climalife.com\/hu\/wp-json\/wp\/v2\/types\/product"}],"replies":[{"embeddable":true,"href":"https:\/\/climalife.com\/hu\/wp-json\/wp\/v2\/comments?post=161397"}],"wp:featuredmedia":[{"embeddable":true,"href":"https:\/\/climalife.com\/hu\/wp-json\/wp\/v2\/media\/108144"}],"wp:attachment":[{"href":"https:\/\/climalife.com\/hu\/wp-json\/wp\/v2\/media?parent=161397"}],"wp:term":[{"taxonomy":"countries","embeddable":true,"href":"https:\/\/climalife.com\/hu\/wp-json\/wp\/v2\/countries?post=161397"},{"taxonomy":"product_brand","embeddable":true,"href":"https:\/\/climalife.com\/hu\/wp-json\/wp\/v2\/product_brand?post=161397"},{"taxonomy":"product_cat","embeddable":true,"href":"https:\/\/climalife.com\/hu\/wp-json\/wp\/v2\/product_cat?post=161397"},{"taxonomy":"product_tag","embeddable":true,"href":"https:\/\/climalife.com\/hu\/wp-json\/wp\/v2\/product_tag?post=161397"}],"curies":[{"name":"wp","href":"https:\/\/api.w.org\/{rel}","templated":true}]}}