{"id":161406,"date":"2022-09-28T17:50:26","date_gmt":"2022-09-28T17:50:26","guid":{"rendered":"http:\/\/climalife.com\/product\/solstice-ze-r-1234ze\/"},"modified":"2025-08-13T07:19:31","modified_gmt":"2025-08-13T07:19:31","slug":"solstice-ze-r-1234ze","status":"publish","type":"product","link":"https:\/\/climalife.com\/hu\/product\/solstice-ze-r-1234ze\/","title":{"rendered":"R-1234ze Solstice\u00ae ze"},"content":{"rendered":"<p>Folyad\u00e9kh\u0171t\u0151kh\u00f6z, h\u0151szivatty\u00fakhoz egyar\u00e1nt haszn\u00e1lhat\u00f3. Poliol\u00e9szter (POE) olajjal haszn\u00e1lhat\u00f3.<\/p>\n","protected":false},"excerpt":{"rendered":"<p>A Solstice\u00ae ze\u00a0fluortartalm\u00fa, h\u0171t\u0151- \u00e9s kl\u00edmatechnikai rendszerekhez fejlesztett alacsony GWP-j\u0171 h\u0171t\u0151k\u00f6zeg, mely a hidrofluoroolefinek csal\u00e1dj\u00e1ba tartozik.<\/p>\n","protected":false},"featured_media":108981,"comment_status":"open","ping_status":"closed","template":"","meta":[],"countries":[4674,4709,4756,4813,4831,4862],"product_brand":[],"product_cat":[9987,9949,9958,9940,9967,9994,13061,13096,13130,9662],"product_tag":[],"class_list":{"0":"post-161406","1":"product","2":"type-product","3":"status-publish","4":"has-post-thumbnail","6":"countries-by","7":"countries-cu","8":"countries-ir","9":"countries-kp","10":"countries-ru","11":"countries-sy","12":"product_cat-repulestechnika-urhajozas-vedelem","13":"product_cat-epuletek","14":"product_cat-energia","15":"product_cat-elelmiszeripar","16":"product_cat-egeszseg-jolet","17":"product_cat-egyeb-iparagak","18":"product_cat-legkondicionalas","19":"product_cat-futes","20":"product_cat-hutestechnika","21":"product_cat-hfo-hu-23","22":"pa_packaging-cubikool","23":"pa_packaging-friostar-hu-69","24":"pa_packaging-palack-52-l-hu-72","25":"pa_packaging-tartaly-448-l-hu-74","26":"pa_packaging-tartaly-930-l-hu-76","28":"first","29":"instock","30":"shipping-taxable","31":"purchasable","32":"product-type-variable"},"_links":{"self":[{"href":"https:\/\/climalife.com\/hu\/wp-json\/wp\/v2\/product\/161406","targetHints":{"allow":["GET"]}}],"collection":[{"href":"https:\/\/climalife.com\/hu\/wp-json\/wp\/v2\/product"}],"about":[{"href":"https:\/\/climalife.com\/hu\/wp-json\/wp\/v2\/types\/product"}],"replies":[{"embeddable":true,"href":"https:\/\/climalife.com\/hu\/wp-json\/wp\/v2\/comments?post=161406"}],"wp:featuredmedia":[{"embeddable":true,"href":"https:\/\/climalife.com\/hu\/wp-json\/wp\/v2\/media\/108981"}],"wp:attachment":[{"href":"https:\/\/climalife.com\/hu\/wp-json\/wp\/v2\/media?parent=161406"}],"wp:term":[{"taxonomy":"countries","embeddable":true,"href":"https:\/\/climalife.com\/hu\/wp-json\/wp\/v2\/countries?post=161406"},{"taxonomy":"product_brand","embeddable":true,"href":"https:\/\/climalife.com\/hu\/wp-json\/wp\/v2\/product_brand?post=161406"},{"taxonomy":"product_cat","embeddable":true,"href":"https:\/\/climalife.com\/hu\/wp-json\/wp\/v2\/product_cat?post=161406"},{"taxonomy":"product_tag","embeddable":true,"href":"https:\/\/climalife.com\/hu\/wp-json\/wp\/v2\/product_tag?post=161406"}],"curies":[{"name":"wp","href":"https:\/\/api.w.org\/{rel}","templated":true}]}}