{"id":161415,"date":"2022-09-28T17:50:35","date_gmt":"2022-09-28T17:50:35","guid":{"rendered":"http:\/\/climalife.com\/product\/solrnett\/"},"modified":"2025-07-14T08:45:51","modified_gmt":"2025-07-14T08:45:51","slug":"solrnett","status":"publish","type":"product","link":"https:\/\/climalife.com\/hu\/product\/solrnett\/","title":{"rendered":"SolRnett"},"content":{"rendered":"<p>K\u00e9sz a haszn\u00e1latra. K\u00e1tr\u00e1nyelt\u00e1vol\u00edt\u00f3, szerves nedves\u00edt\u0151 old\u00f3szerek \u00e9s l\u00fagos anyagok alap\u00fa, bels\u0151 tiszt\u00edt\u00e1sra szol\u00e1ris k\u00f6r\u00f6kben, ahol a h\u0151hordoz\u00f3 \u201ekaramelliz\u00e1l\u00f3d\u00e1sa\u201d miatt teljes\u00edtm\u00e9nycs\u00f6kken\u00e9s l\u00e9p fel. Helyre\u00e1ll\u00edtja az \u00e1raml\u00e1st \u00e9s elker\u00fcli a szol\u00e1rkollektorok cser\u00e9j\u00e9t. Szobah\u0151m\u00e9rs\u00e9kleten hat\u00e9kony.<\/p>\n","protected":false},"excerpt":{"rendered":"<p>K\u00e1tr\u00e1nyelt\u00e1vol\u00edt\u00f3 napenergia-rendszerekhez<\/p>\n","protected":false},"featured_media":109179,"comment_status":"open","ping_status":"closed","template":"","meta":[],"countries":[4674,4709,4756,4813,4831,4862],"product_brand":[],"product_cat":[9994,9958,9949,13096,9356,13139],"product_tag":[],"class_list":{"0":"post-161415","1":"product","2":"type-product","3":"status-publish","4":"has-post-thumbnail","6":"countries-by","7":"countries-cu","8":"countries-ir","9":"countries-kp","10":"countries-ru","11":"countries-sy","12":"product_cat-egyeb-iparagak","13":"product_cat-energia","14":"product_cat-epuletek","15":"product_cat-futes","16":"product_cat-kozvetitokozegek-keringesi-rendszereinek-tisztitasa","17":"product_cat-megujulo-energia","18":"pa_packaging-hordo-210-i-hu-28","19":"pa_packaging-kanna-20-l-hu-36","21":"first","22":"instock","23":"shipping-taxable","24":"purchasable","25":"product-type-variable"},"_links":{"self":[{"href":"https:\/\/climalife.com\/hu\/wp-json\/wp\/v2\/product\/161415","targetHints":{"allow":["GET"]}}],"collection":[{"href":"https:\/\/climalife.com\/hu\/wp-json\/wp\/v2\/product"}],"about":[{"href":"https:\/\/climalife.com\/hu\/wp-json\/wp\/v2\/types\/product"}],"replies":[{"embeddable":true,"href":"https:\/\/climalife.com\/hu\/wp-json\/wp\/v2\/comments?post=161415"}],"wp:featuredmedia":[{"embeddable":true,"href":"https:\/\/climalife.com\/hu\/wp-json\/wp\/v2\/media\/109179"}],"wp:attachment":[{"href":"https:\/\/climalife.com\/hu\/wp-json\/wp\/v2\/media?parent=161415"}],"wp:term":[{"taxonomy":"countries","embeddable":true,"href":"https:\/\/climalife.com\/hu\/wp-json\/wp\/v2\/countries?post=161415"},{"taxonomy":"product_brand","embeddable":true,"href":"https:\/\/climalife.com\/hu\/wp-json\/wp\/v2\/product_brand?post=161415"},{"taxonomy":"product_cat","embeddable":true,"href":"https:\/\/climalife.com\/hu\/wp-json\/wp\/v2\/product_cat?post=161415"},{"taxonomy":"product_tag","embeddable":true,"href":"https:\/\/climalife.com\/hu\/wp-json\/wp\/v2\/product_tag?post=161415"}],"curies":[{"name":"wp","href":"https:\/\/api.w.org\/{rel}","templated":true}]}}