{"id":161447,"date":"2022-09-28T17:51:01","date_gmt":"2022-09-28T17:51:01","guid":{"rendered":"http:\/\/climalife.com\/product\/lefejto-palack-ammoniahoz\/"},"modified":"2025-07-14T09:30:10","modified_gmt":"2025-07-14T09:30:10","slug":"lefejto-palack-ammoniahoz","status":"publish","type":"product","link":"https:\/\/climalife.com\/hu\/product\/lefejto-palack-ammoniahoz\/","title":{"rendered":"Lefejt\u0151palack amm\u00f3ni\u00e1hoz"},"content":{"rendered":"","protected":false},"excerpt":{"rendered":"","protected":false},"featured_media":190154,"comment_status":"open","ping_status":"closed","template":"","meta":[],"countries":[4674,4709,4756,4813,4831,4854,4862],"product_brand":[],"product_cat":[9940,13078,13096,13130,13255],"product_tag":[],"class_list":{"0":"post-161447","1":"product","2":"type-product","3":"status-publish","4":"has-post-thumbnail","6":"countries-by","7":"countries-cu","8":"countries-ir","9":"countries-kp","10":"countries-ru","11":"countries-es","12":"countries-sy","13":"product_cat-elelmiszeripar","14":"product_cat-szetszereles-megsemmisites","15":"product_cat-futes","16":"product_cat-hutestechnika","17":"product_cat-hutokozeg-visszanyerese","18":"pa_packaging-palack-88-l-hu-122","20":"first","21":"instock","22":"shipping-taxable","23":"purchasable","24":"product-type-variable"},"_links":{"self":[{"href":"https:\/\/climalife.com\/hu\/wp-json\/wp\/v2\/product\/161447","targetHints":{"allow":["GET"]}}],"collection":[{"href":"https:\/\/climalife.com\/hu\/wp-json\/wp\/v2\/product"}],"about":[{"href":"https:\/\/climalife.com\/hu\/wp-json\/wp\/v2\/types\/product"}],"replies":[{"embeddable":true,"href":"https:\/\/climalife.com\/hu\/wp-json\/wp\/v2\/comments?post=161447"}],"wp:featuredmedia":[{"embeddable":true,"href":"https:\/\/climalife.com\/hu\/wp-json\/wp\/v2\/media\/190154"}],"wp:attachment":[{"href":"https:\/\/climalife.com\/hu\/wp-json\/wp\/v2\/media?parent=161447"}],"wp:term":[{"taxonomy":"countries","embeddable":true,"href":"https:\/\/climalife.com\/hu\/wp-json\/wp\/v2\/countries?post=161447"},{"taxonomy":"product_brand","embeddable":true,"href":"https:\/\/climalife.com\/hu\/wp-json\/wp\/v2\/product_brand?post=161447"},{"taxonomy":"product_cat","embeddable":true,"href":"https:\/\/climalife.com\/hu\/wp-json\/wp\/v2\/product_cat?post=161447"},{"taxonomy":"product_tag","embeddable":true,"href":"https:\/\/climalife.com\/hu\/wp-json\/wp\/v2\/product_tag?post=161447"}],"curies":[{"name":"wp","href":"https:\/\/api.w.org\/{rel}","templated":true}]}}