{"id":161458,"date":"2022-09-28T17:51:07","date_gmt":"2022-09-28T17:51:07","guid":{"rendered":"http:\/\/climalife.com\/product\/berendezes-cimkek\/"},"modified":"2025-07-14T08:48:03","modified_gmt":"2025-07-14T08:48:03","slug":"berendezes-cimkek","status":"publish","type":"product","link":"https:\/\/climalife.com\/hu\/product\/berendezes-cimkek\/","title":{"rendered":"Berendez\u00e9s-c\u00edmk\u00e9k"},"content":{"rendered":"<p>Ez a c\u00edmke felt\u00fcnteti a h\u0171t\u0151k\u00f6zeg t\u00edpus\u00e1t \u00e9s a t\u00f6lt\u00e9si mennyis\u00e9get kg-ban, valamint az olaj t\u00edpus\u00e1t \u00e9s mennyis\u00e9g\u00e9t, hogy megk\u00f6nny\u00edtse a berendez\u00e9sek karbantart\u00e1s\u00e1t.<\/p>\n<p>Ezenk\u00edv\u00fcl egy mez\u0151 is rendelkez\u00e9sre \u00e1ll, amelybe be lehet \u00edrni a karbantart\u00f3 c\u00e9g nev\u00e9t \u00e9s telefonsz\u00e1m\u00e1t.<\/p>\n<p>Ez a c\u00edmke 2 r\u00e9szb\u0151l \u00e1ll:<br \/>\n&#8211; Egy alap, amelyre az inform\u00e1ci\u00f3kat kell kit\u00f6lteni. A h\u00e1toldalon nagyon er\u0151s ragaszt\u00f3anyagot haszn\u00e1lnak, hogy a c\u00edmk\u00e9k ne lehessenek let\u00e9pni.<br \/>\n&#8211; Egy \u00e1tl\u00e1tsz\u00f3 f\u00f3lia (speci\u00e1lis UV-bevonattal) ker\u00fcl erre az alapra, amely biztos\u00edtja, hogy az inform\u00e1ci\u00f3k ne legyenek megv\u00e1ltoztathat\u00f3k vagy \u00e1th\u00fazhat\u00f3k. Dokumentumbiztos filctoll haszn\u00e1lata aj\u00e1nlott.<\/p>\n","protected":false},"excerpt":{"rendered":"<p>Ez a matrica megfelel a 2007. december 17-i 1494\/2007\/EK bizotts\u00e1gi rendeletben el\u0151\u00edrt k\u00f6vetelm\u00e9nyeknek, amely a 2 kg-n\u00e1l t\u00f6bb h\u0171t\u0151k\u00f6zeget tartalmaz\u00f3 berendez\u00e9sek jel\u00f6l\u00e9s\u00e9re vonatkozik.<\/p>\n","protected":false},"featured_media":108927,"comment_status":"open","ping_status":"closed","template":"","meta":[],"countries":[4674,4709,4756,4813,4831,4862],"product_brand":[],"product_cat":[9976,9949,9940,9994,13061,13130,13590],"product_tag":[],"class_list":{"0":"post-161458","1":"product","2":"type-product","3":"status-publish","4":"has-post-thumbnail","6":"countries-by","7":"countries-cu","8":"countries-ir","9":"countries-kp","10":"countries-ru","11":"countries-sy","12":"product_cat-autoipar-kozlekedes","13":"product_cat-epuletek","14":"product_cat-elelmiszeripar","15":"product_cat-egyeb-iparagak","16":"product_cat-legkondicionalas","17":"product_cat-hutestechnika","18":"product_cat-karbantartas","19":"pa_packaging-25-db-os-csomag-hu-210","21":"first","22":"instock","23":"shipping-taxable","24":"purchasable","25":"product-type-variable"},"_links":{"self":[{"href":"https:\/\/climalife.com\/hu\/wp-json\/wp\/v2\/product\/161458","targetHints":{"allow":["GET"]}}],"collection":[{"href":"https:\/\/climalife.com\/hu\/wp-json\/wp\/v2\/product"}],"about":[{"href":"https:\/\/climalife.com\/hu\/wp-json\/wp\/v2\/types\/product"}],"replies":[{"embeddable":true,"href":"https:\/\/climalife.com\/hu\/wp-json\/wp\/v2\/comments?post=161458"}],"wp:featuredmedia":[{"embeddable":true,"href":"https:\/\/climalife.com\/hu\/wp-json\/wp\/v2\/media\/108927"}],"wp:attachment":[{"href":"https:\/\/climalife.com\/hu\/wp-json\/wp\/v2\/media?parent=161458"}],"wp:term":[{"taxonomy":"countries","embeddable":true,"href":"https:\/\/climalife.com\/hu\/wp-json\/wp\/v2\/countries?post=161458"},{"taxonomy":"product_brand","embeddable":true,"href":"https:\/\/climalife.com\/hu\/wp-json\/wp\/v2\/product_brand?post=161458"},{"taxonomy":"product_cat","embeddable":true,"href":"https:\/\/climalife.com\/hu\/wp-json\/wp\/v2\/product_cat?post=161458"},{"taxonomy":"product_tag","embeddable":true,"href":"https:\/\/climalife.com\/hu\/wp-json\/wp\/v2\/product_tag?post=161458"}],"curies":[{"name":"wp","href":"https:\/\/api.w.org\/{rel}","templated":true}]}}