{"id":161469,"date":"2022-09-28T17:51:15","date_gmt":"2022-09-28T17:51:15","guid":{"rendered":"http:\/\/climalife.com\/product\/ddh2-uv-szivargaskereso\/"},"modified":"2025-07-14T08:48:44","modified_gmt":"2025-07-14T08:48:44","slug":"ddh2-uv-szivargaskereso","status":"publish","type":"product","link":"https:\/\/climalife.com\/hu\/product\/ddh2-uv-szivargaskereso\/","title":{"rendered":"DDH2 UV sziv\u00e1rg\u00e1skeres\u0151"},"content":{"rendered":"<p>Digit\u00e1lis kijelz\u0151, amely lehet\u0151v\u00e9 teszi a sziv\u00e1rg\u00e1si helyeken kereszt\u00fcl t\u00e1voz\u00f3 mennyis\u00e9g becsl\u00e9s\u00e9t G\/\u00e9vben. Sz\u00e1ll\u00edt\u00e1s sz\u00e1ll\u00edt\u00f3t\u00e1sk\u00e1val. EN 14624 tan\u00fas\u00edtv\u00e1ny.<br \/>\nUV l\u00e1mpa tartoz\u00e9k.<\/p>\n<p>&nbsp;<\/p>\n","protected":false},"excerpt":{"rendered":"<p>F\u0171t\u00f6tt di\u00f3d\u00e1s \u00e9rz\u00e9kel\u0151: 3 \u00e9rz\u00e9kenys\u00e9gi fokozat; minden h\u0171t\u0151k\u00f6zeghez: CFC; H-CFC; H-HFC; HFO; akusztikus sziv\u00e1rg\u00e1sjelz\u00e9s  + LED; \u00e1ramell\u00e1t\u00e1s: elemek vagy h\u00e1l\u00f3zati csatlakoz\u00e1s.<\/p>\n","protected":false},"featured_media":108882,"comment_status":"open","ping_status":"closed","template":"","meta":[],"countries":[4674,4709,4756,4813,4831,4862],"product_brand":[],"product_cat":[9976,9967,9994,9940,9958,9949,9373,13130,13061,13114,9987],"product_tag":[],"class_list":{"0":"post-161469","1":"product","2":"type-product","3":"status-publish","4":"has-post-thumbnail","6":"countries-by","7":"countries-cu","8":"countries-ir","9":"countries-kp","10":"countries-ru","11":"countries-sy","12":"product_cat-autoipar-kozlekedes","13":"product_cat-egeszseg-jolet","14":"product_cat-egyeb-iparagak","15":"product_cat-elelmiszeripar","16":"product_cat-energia","17":"product_cat-epuletek","18":"product_cat-mobil-szivargaserzekeles","19":"product_cat-hutestechnika","20":"product_cat-legkondicionalas","21":"product_cat-orc-szerves-rankine-ciklus","22":"product_cat-repulestechnika-urhajozas-vedelem","23":"pa_packaging-egyseg-hu-25","25":"first","26":"instock","27":"shipping-taxable","28":"purchasable","29":"product-type-variable"},"_links":{"self":[{"href":"https:\/\/climalife.com\/hu\/wp-json\/wp\/v2\/product\/161469","targetHints":{"allow":["GET"]}}],"collection":[{"href":"https:\/\/climalife.com\/hu\/wp-json\/wp\/v2\/product"}],"about":[{"href":"https:\/\/climalife.com\/hu\/wp-json\/wp\/v2\/types\/product"}],"replies":[{"embeddable":true,"href":"https:\/\/climalife.com\/hu\/wp-json\/wp\/v2\/comments?post=161469"}],"wp:featuredmedia":[{"embeddable":true,"href":"https:\/\/climalife.com\/hu\/wp-json\/wp\/v2\/media\/108882"}],"wp:attachment":[{"href":"https:\/\/climalife.com\/hu\/wp-json\/wp\/v2\/media?parent=161469"}],"wp:term":[{"taxonomy":"countries","embeddable":true,"href":"https:\/\/climalife.com\/hu\/wp-json\/wp\/v2\/countries?post=161469"},{"taxonomy":"product_brand","embeddable":true,"href":"https:\/\/climalife.com\/hu\/wp-json\/wp\/v2\/product_brand?post=161469"},{"taxonomy":"product_cat","embeddable":true,"href":"https:\/\/climalife.com\/hu\/wp-json\/wp\/v2\/product_cat?post=161469"},{"taxonomy":"product_tag","embeddable":true,"href":"https:\/\/climalife.com\/hu\/wp-json\/wp\/v2\/product_tag?post=161469"}],"curies":[{"name":"wp","href":"https:\/\/api.w.org\/{rel}","templated":true}]}}