{"id":161490,"date":"2022-09-28T17:51:32","date_gmt":"2022-09-28T17:51:32","guid":{"rendered":"http:\/\/climalife.com\/product\/friogel-neo-felhasznalasra-kesz\/"},"modified":"2025-08-21T12:23:54","modified_gmt":"2025-08-21T12:23:54","slug":"friogel-neo-felhasznalasra-kesz","status":"publish","type":"product","link":"https:\/\/climalife.com\/hu\/product\/friogel-neo-felhasznalasra-kesz\/","title":{"rendered":"Friogel\u00ae Neo felhaszn\u00e1l\u00e1sra k\u00e9sz"},"content":{"rendered":"<p>A <strong>FRIOGEL<sup>\u00ae<\/sup> NEO<\/strong> t\u00f6bbf\u00e9le h\u00edg\u00edt\u00e1sban kaphat\u00f3, nagyon hat\u00e9kony v\u00e9delmet ny\u00fajt fagyvesz\u00e9ly ellen valamint fokozott v\u00e9delmet \u00faj \u00e9s haszn\u00e1lt rendszerekben tal\u00e1lhat\u00f3 f\u00e9mek (ac\u00e9l, alum\u00ednium, v\u00f6r\u00f6sr\u00e9z, s\u00e1rgar\u00e9z, forraszt\u00e1s) korr\u00f3zi\u00f3ja ellen. Ezt a v\u00e9delmet sz\u00e1mos statikus \u00e9s dinamikus teszt bizony\u00edtja.<\/p>\n<p>A <strong>FRIOGEL<sup>\u00ae<\/sup> NEO<\/strong> nem tartalmaz b\u00f3rax-ot, amely nemr\u00e9giben m\u00e9rgez\u0151 besorol\u00e1st kapott, a 30. ATP (European Adaptation to Technical Progress) fel\u00fclvizsg\u00e1laton.<\/p>\n<p>A <strong>FRIOGEL<sup>\u00ae<\/sup> NEO<\/strong> alkalmazott un. szerves korr\u00f3zi\u00f3 g\u00e1tl\u00f3 technol\u00f3gia semleges\u00edtett karboxilsavakat tartalmaz foszf\u00e1tok, nitritek \u00e9s aminok n\u00e9lk\u00fcl. Ezek a korr\u00f3zi\u00f3g\u00e1tl\u00f3 anyagok hosszantart\u00f3 v\u00e9delmet biztos\u00edtanak.<\/p>\n<p>K\u00fcl\u00f6nleges \u00f6sszet\u00e9tele kiv\u00e1l\u00f3 kompatibilit\u00e1st biztos\u00edt a kem\u00e9ny v\u00edzzel, megg\u00e1tolva a kicsap\u00f3d\u00e1st.<\/p>\n<p>Ezen t\u00fal, a berendez\u00e9s korr\u00f3zi\u00f3j\u00e1nak \u00e9s a vegyi \u00f6sszet\u00e9tel megv\u00e1ltoz\u00e1s\u00e1nak kock\u00e1zata k\u00f6z\u00e9pt\u00e1von jelent\u0151sen cs\u00f6kken az adal\u00e9k-\u00f6sszet\u00e9tel stabilit\u00e1s\u00e1nak k\u00f6sz\u00f6nhet\u0151en.<\/p>\n<p>Karbantart\u00e1skor aj\u00e1nlott a <strong>FRIOGEL<sup>\u00ae<\/sup> NEO<\/strong> koncentr\u00e1ci\u00f3 (legal\u00e1bb) \u00e9venk\u00e9nti ellen\u0151rz\u00e9se a lerak\u00f3d\u00e1s kock\u00e1zat\u00e1nak teljes kiz\u00e1r\u00e1s\u00e1ra.<\/p>\n<p>Piros sz\u00edne alapj\u00e1n a <strong>FRIOGEL<sup>\u00ae<\/sup><\/strong> <strong>NEO <\/strong>azonnal felismerhet\u0151.<\/p>\n<p><!-- [if gte mso 10]>\n\n\n\n<style>  \/* Style Definitions *\/  table.MsoNormalTable \t{mso-style-name:\"Norm\u00e1l t\u00e1bl\u00e1zat\"; \tmso-tstyle-rowband-size:0; \tmso-tstyle-colband-size:0; \tmso-style-noshow:yes; \tmso-style-priority:99; \tmso-style-qformat:yes; \tmso-style-parent:\"\"; \tmso-padding-alt:0cm 5.4pt 0cm 5.4pt; \tmso-para-margin:0cm; \tmso-para-margin-bottom:.0001pt; \tmso-pagination:widow-orphan; \tfont-size:11.0pt; \tfont-family:\"Calibri\",\"sans-serif\"; \tmso-ascii-font-family:Calibri; \tmso-ascii-theme-font:minor-latin; \tmso-fareast-font-family:\"Times New Roman\"; \tmso-fareast-theme-font:minor-fareast; \tmso-hansi-font-family:Calibri; \tmso-hansi-theme-font:minor-latin; \tmso-bidi-font-family:\"Times New Roman\"; \tmso-bidi-theme-font:minor-bidi;} <\/style>\n\n <![endif]--><\/p>\n","protected":false},"excerpt":{"rendered":"<p>A FRIOGEL\u00ae NEO monopropil\u00e9n-glikolt \u00e9s korr\u00f3zi\u00f3g\u00e1tl\u00f3 adal\u00e9kokat tartalmaz\u00f3, felhaszn\u00e1l\u00e1sra k\u00e9sz fagy\u00e1ll\u00f3 k\u00f6zvet\u00edt\u0151k\u00f6zeg, mely k\u00fcl\u00f6n\u00f6sen alkalmas alacsony h\u0151m\u00e9rs\u00e9kleten m\u0171k\u00f6d\u0151 h\u0171t\u0151berendez\u00e9sekhez \u00e9s az \u00e9lelmiszeriparban.<\/p>\n","protected":false},"featured_media":215682,"comment_status":"open","ping_status":"closed","template":"","meta":[],"countries":[4674,4709,4756,4813,4831,4862],"product_brand":[],"product_cat":[9987,9949,9940,9967,9994,13061,13087,13096,13130,13535],"product_tag":[],"class_list":{"0":"post-161490","1":"product","2":"type-product","3":"status-publish","4":"has-post-thumbnail","6":"countries-by","7":"countries-cu","8":"countries-ir","9":"countries-kp","10":"countries-ru","11":"countries-sy","12":"product_cat-repulestechnika-urhajozas-vedelem","13":"product_cat-epuletek","14":"product_cat-elelmiszeripar","15":"product_cat-egeszseg-jolet","16":"product_cat-egyeb-iparagak","17":"product_cat-legkondicionalas","18":"product_cat-tuzvedelem","19":"product_cat-futes","20":"product_cat-hutestechnika","21":"product_cat-mpg-hu","22":"pa_packaging-hordo-210-i-hu-28","23":"pa_packaging-tartaly-1000-kg-hu-139","24":"pa_packaging-tartalyautos-10-tonna-hu-140","25":"pa_packaging-tartalyautos-5-tonna-hu-144","26":"pa_packaging-tartalyautos20-tonna-hu-141","27":"pa_protection-13-c-hu-151","28":"pa_protection-18c-hu-145","29":"pa_protection-20c-hu-146","30":"pa_protection-23c-hu-148","31":"pa_protection-29c-hu-149","32":"pa_protection-34c-hu-150","34":"first","35":"instock","36":"shipping-taxable","37":"purchasable","38":"product-type-variable"},"_links":{"self":[{"href":"https:\/\/climalife.com\/hu\/wp-json\/wp\/v2\/product\/161490","targetHints":{"allow":["GET"]}}],"collection":[{"href":"https:\/\/climalife.com\/hu\/wp-json\/wp\/v2\/product"}],"about":[{"href":"https:\/\/climalife.com\/hu\/wp-json\/wp\/v2\/types\/product"}],"replies":[{"embeddable":true,"href":"https:\/\/climalife.com\/hu\/wp-json\/wp\/v2\/comments?post=161490"}],"wp:featuredmedia":[{"embeddable":true,"href":"https:\/\/climalife.com\/hu\/wp-json\/wp\/v2\/media\/215682"}],"wp:attachment":[{"href":"https:\/\/climalife.com\/hu\/wp-json\/wp\/v2\/media?parent=161490"}],"wp:term":[{"taxonomy":"countries","embeddable":true,"href":"https:\/\/climalife.com\/hu\/wp-json\/wp\/v2\/countries?post=161490"},{"taxonomy":"product_brand","embeddable":true,"href":"https:\/\/climalife.com\/hu\/wp-json\/wp\/v2\/product_brand?post=161490"},{"taxonomy":"product_cat","embeddable":true,"href":"https:\/\/climalife.com\/hu\/wp-json\/wp\/v2\/product_cat?post=161490"},{"taxonomy":"product_tag","embeddable":true,"href":"https:\/\/climalife.com\/hu\/wp-json\/wp\/v2\/product_tag?post=161490"}],"curies":[{"name":"wp","href":"https:\/\/api.w.org\/{rel}","templated":true}]}}