{"id":161500,"date":"2022-09-28T17:51:40","date_gmt":"2022-09-28T17:51:40","guid":{"rendered":"http:\/\/climalife.com\/product\/lefejto-palack-2\/"},"modified":"2025-08-13T07:05:17","modified_gmt":"2025-08-13T07:05:17","slug":"lefejto-palack-2","status":"publish","type":"product","link":"https:\/\/climalife.com\/hu\/product\/lefejto-palack-2\/","title":{"rendered":"Lefejt\u0151palack"},"content":{"rendered":"<p>&nbsp;<br \/>\nRef. 796 \u00e9s 799: R-22-hez.<\/p>\n<p>Ref. 6566 \u00e9s 6246: ND + MD<\/p>\n<p>Ref. 795: HD (R-13, R-23, R-503).<\/p>\n<p>A csomagol\u00e1si m\u00e9retek \u00e9s a rendelkez\u00e9sre \u00e1ll\u00e1s orsz\u00e1gonk\u00e9nt elt\u00e9r\u0151 lehet.<\/p>\n","protected":false},"excerpt":{"rendered":"<p>B\u00e9relhet\u0151<\/p>\n","protected":false},"featured_media":108135,"comment_status":"open","ping_status":"closed","template":"","meta":[],"countries":[4674,4709,4756,4813,4831,4862],"product_brand":[],"product_cat":[13130,13255],"product_tag":[],"class_list":{"0":"post-161500","1":"product","2":"type-product","3":"status-publish","4":"has-post-thumbnail","6":"countries-by","7":"countries-cu","8":"countries-ir","9":"countries-kp","10":"countries-ru","11":"countries-sy","12":"product_cat-hutestechnika","13":"product_cat-hutokozeg-visszanyerese","14":"pa_packaging-12-l-hu-132","15":"pa_packaging-88l-hu-126","16":"pa_packaging-palack-134-l-hu-115","17":"pa_packaging-palack-27-i-hu-34","18":"pa_pressure-200-bar-hu-137","19":"pa_pressure-33-bar-hu-135","20":"pa_pressure-42-bar-hu-242","21":"pa_pressure-45-bar-hu-133","23":"first","24":"instock","25":"shipping-taxable","26":"purchasable","27":"product-type-variable"},"_links":{"self":[{"href":"https:\/\/climalife.com\/hu\/wp-json\/wp\/v2\/product\/161500","targetHints":{"allow":["GET"]}}],"collection":[{"href":"https:\/\/climalife.com\/hu\/wp-json\/wp\/v2\/product"}],"about":[{"href":"https:\/\/climalife.com\/hu\/wp-json\/wp\/v2\/types\/product"}],"replies":[{"embeddable":true,"href":"https:\/\/climalife.com\/hu\/wp-json\/wp\/v2\/comments?post=161500"}],"wp:featuredmedia":[{"embeddable":true,"href":"https:\/\/climalife.com\/hu\/wp-json\/wp\/v2\/media\/108135"}],"wp:attachment":[{"href":"https:\/\/climalife.com\/hu\/wp-json\/wp\/v2\/media?parent=161500"}],"wp:term":[{"taxonomy":"countries","embeddable":true,"href":"https:\/\/climalife.com\/hu\/wp-json\/wp\/v2\/countries?post=161500"},{"taxonomy":"product_brand","embeddable":true,"href":"https:\/\/climalife.com\/hu\/wp-json\/wp\/v2\/product_brand?post=161500"},{"taxonomy":"product_cat","embeddable":true,"href":"https:\/\/climalife.com\/hu\/wp-json\/wp\/v2\/product_cat?post=161500"},{"taxonomy":"product_tag","embeddable":true,"href":"https:\/\/climalife.com\/hu\/wp-json\/wp\/v2\/product_tag?post=161500"}],"curies":[{"name":"wp","href":"https:\/\/api.w.org\/{rel}","templated":true}]}}