{"id":161512,"date":"2022-09-28T17:51:48","date_gmt":"2022-09-28T17:51:48","guid":{"rendered":"http:\/\/climalife.com\/product\/r-22\/"},"modified":"2025-08-13T17:18:58","modified_gmt":"2025-08-13T17:18:58","slug":"r-22","status":"publish","type":"product","link":"https:\/\/climalife.com\/hu\/product\/r-22\/","title":{"rendered":"R-22"},"content":{"rendered":"<p>Alacsony h\u0151m\u00e9rs\u00e9kleten (ak\u00e1r -40 \u00b0C-ig) az R-22 h\u0171t\u00e9sre \u00e9s m\u00e9lyh\u0171t\u00e9sre is alkalmas. Meg\u00fajul\u00f3 energi\u00e1s alkalmaz\u00e1sokban lehet\u0151v\u00e9 teszi \u00e1tlagos h\u0151m\u00e9rs\u00e9klet\u0171 h\u0151forr\u00e1sokkal (maximum 55 \u00b0C) m\u0171k\u00f6d\u0151 h\u0151szivatty\u00fak gy\u00e1rt\u00e1s\u00e1t.<br \/>\nHaszn\u00e1lata az EU-ban tilos, de az alkalmaz\u00e1st\u00f3l f\u00fcgg\u0151en t\u00f6bb alternat\u00edva is l\u00e9tezik.<\/p>\n","protected":false},"excerpt":{"rendered":"<p>Az R-22 egy kl\u00f3rozott sz\u00e9nhidrog\u00e9n (HCFC) t\u00edpus\u00fa h\u0171t\u0151k\u00f6zeg, amelynek magas az elp\u00e1rolg\u00e1si h\u0151m\u00e9rs\u00e9klete, \u00e9s amelyet sz\u00e9les k\u00f6rben haszn\u00e1lnak lakoss\u00e1gi, kereskedelmi \u00e9s ipari l\u00e9gkondicion\u00e1l\u00f3 berendez\u00e9sekben.<\/p>\n","protected":false},"featured_media":107991,"comment_status":"open","ping_status":"closed","template":"","meta":[],"countries":[4652,4657,4660,4668,4674,4675,4681,4683,4688,4708,4709,4710,4711,4713,4722,4725,4727,4728,4729,4730,4731,4732,4736,4739,4740,4752,4753,4756,4758,4760,9125,4770,4775,4776,4777,4779,4785,4794,4796,4804,4813,4815,4826,4827,4893,4831,4839,4843,4847,4848,4854,4858,4860,4861,4862,4873,4880,4886],"product_brand":[],"product_cat":[9976,9949,9958,9940,9967,9994,13061,13096,13114,13130,9329],"product_tag":[],"class_list":{"0":"post-161512","1":"product","2":"type-product","3":"status-publish","4":"has-post-thumbnail","6":"countries-al","7":"countries-ad","8":"countries-aq","9":"countries-at","10":"countries-by","11":"countries-be","12":"countries-ba","13":"countries-bv","14":"countries-bg","15":"countries-hr","16":"countries-cu","17":"countries-cy","18":"countries-cz","19":"countries-dk","20":"countries-ee","21":"countries-fo","22":"countries-fi","23":"countries-fr","24":"countries-fr-gf-gp-mq-yt-re","25":"countries-gn","26":"countries-pf","27":"countries-tf","28":"countries-de","29":"countries-gr","30":"countries-gl","31":"countries-hu","32":"countries-is","33":"countries-ir","34":"countries-ie","35":"countries-it","36":"countries-xk","37":"countries-lv","38":"countries-li","39":"countries-lt","40":"countries-lu","41":"countries-mk","42":"countries-mt","43":"countries-mc","44":"countries-me","45":"countries-nl","46":"countries-kp","47":"countries-no","48":"countries-pl","49":"countries-pt","50":"countries-ro","51":"countries-ru","52":"countries-sm","53":"countries-rs","54":"countries-sk","55":"countries-si","56":"countries-es","57":"countries-sj","58":"countries-se","59":"countries-ch","60":"countries-sy","61":"countries-tr","62":"countries-gb","63":"countries-va","64":"product_cat-autoipar-kozlekedes","65":"product_cat-epuletek","66":"product_cat-energia","67":"product_cat-elelmiszeripar","68":"product_cat-egeszseg-jolet","69":"product_cat-egyeb-iparagak","70":"product_cat-legkondicionalas","71":"product_cat-futes","72":"product_cat-orc-szerves-rankine-ciklus","73":"product_cat-hutestechnika","74":"product_cat-hcfc-hutokozegek","76":"first","77":"instock","78":"shipping-taxable","79":"purchasable","80":"product-type-variable"},"_links":{"self":[{"href":"https:\/\/climalife.com\/hu\/wp-json\/wp\/v2\/product\/161512","targetHints":{"allow":["GET"]}}],"collection":[{"href":"https:\/\/climalife.com\/hu\/wp-json\/wp\/v2\/product"}],"about":[{"href":"https:\/\/climalife.com\/hu\/wp-json\/wp\/v2\/types\/product"}],"replies":[{"embeddable":true,"href":"https:\/\/climalife.com\/hu\/wp-json\/wp\/v2\/comments?post=161512"}],"wp:featuredmedia":[{"embeddable":true,"href":"https:\/\/climalife.com\/hu\/wp-json\/wp\/v2\/media\/107991"}],"wp:attachment":[{"href":"https:\/\/climalife.com\/hu\/wp-json\/wp\/v2\/media?parent=161512"}],"wp:term":[{"taxonomy":"countries","embeddable":true,"href":"https:\/\/climalife.com\/hu\/wp-json\/wp\/v2\/countries?post=161512"},{"taxonomy":"product_brand","embeddable":true,"href":"https:\/\/climalife.com\/hu\/wp-json\/wp\/v2\/product_brand?post=161512"},{"taxonomy":"product_cat","embeddable":true,"href":"https:\/\/climalife.com\/hu\/wp-json\/wp\/v2\/product_cat?post=161512"},{"taxonomy":"product_tag","embeddable":true,"href":"https:\/\/climalife.com\/hu\/wp-json\/wp\/v2\/product_tag?post=161512"}],"curies":[{"name":"wp","href":"https:\/\/api.w.org\/{rel}","templated":true}]}}