{"id":161521,"date":"2022-09-28T17:51:57","date_gmt":"2022-09-28T17:51:57","guid":{"rendered":"http:\/\/climalife.com\/product\/nettogaz-gc\/"},"modified":"2025-08-13T07:00:11","modified_gmt":"2025-08-13T07:00:11","slug":"nettogaz-gc","status":"publish","type":"product","link":"https:\/\/climalife.com\/hu\/product\/nettogaz-gc\/","title":{"rendered":"Nettogaz GC+"},"content":{"rendered":"<p>A Climalife \u00e1ltal kifejlesztett k\u00e9sz\u00edtm\u00e9ny megold\u00e1st ny\u00fajt a v\u00edz \u00e9s szil\u00e1rd szennyez\u0151d\u00e9sek cs\u0151vezet\u00e9kb\u0151l t\u00f6rt\u00e9n\u0151 elt\u00e1vol\u00edt\u00e1s\u00e1ra, valamint j\u00f3 old\u00f3 hat\u00e1sa miatt nagyon hat\u00e9kony a h\u0171t\u0151berendez\u00e9sekben haszn\u00e1lt ken\u0151olajok eset\u00e9n is.<\/p>\n<p>A <strong>GC+<\/strong> tulajdons\u00e1gai lehet\u0151v\u00e9 teszik az egyszer\u0171 haszn\u00e1lat\u00e1t.<\/p>\n<p>&nbsp;<\/p>\n","protected":false},"excerpt":{"rendered":"<p>A NETTOGAZ GC+ kis t\u00e9rfogat\u00fa h\u0171t\u0151- \u00e9s kl\u00edmaberendez\u00e9sek bels\u0151 tiszt\u00edt\u00e1s\u00e1ra alkalmazhat\u00f3 (ipari berendez\u00e9sekhez l\u00e1sd: Facilisolv\u00ae).<\/p>\n","protected":false},"featured_media":108072,"comment_status":"open","ping_status":"closed","template":"","meta":[],"countries":[4674,4709,4756,4813,4831,4862],"product_brand":[],"product_cat":[9976,9230,9967,9994,9940,9949,13096,13130,13061,9987],"product_tag":[],"class_list":{"0":"post-161521","1":"product","2":"type-product","3":"status-publish","4":"has-post-thumbnail","6":"countries-by","7":"countries-cu","8":"countries-ir","9":"countries-kp","10":"countries-ru","11":"countries-sy","12":"product_cat-autoipar-kozlekedes","13":"product_cat-hutoberendezesek-belso-tisztitasa","14":"product_cat-egeszseg-jolet","15":"product_cat-egyeb-iparagak","16":"product_cat-elelmiszeripar","17":"product_cat-epuletek","18":"product_cat-futes","19":"product_cat-hutestechnika","20":"product_cat-legkondicionalas","21":"product_cat-repulestechnika-urhajozas-vedelem","22":"pa_packaging-friocatch-hu-86","24":"first","25":"instock","26":"shipping-taxable","27":"purchasable","28":"product-type-variable"},"_links":{"self":[{"href":"https:\/\/climalife.com\/hu\/wp-json\/wp\/v2\/product\/161521","targetHints":{"allow":["GET"]}}],"collection":[{"href":"https:\/\/climalife.com\/hu\/wp-json\/wp\/v2\/product"}],"about":[{"href":"https:\/\/climalife.com\/hu\/wp-json\/wp\/v2\/types\/product"}],"replies":[{"embeddable":true,"href":"https:\/\/climalife.com\/hu\/wp-json\/wp\/v2\/comments?post=161521"}],"wp:featuredmedia":[{"embeddable":true,"href":"https:\/\/climalife.com\/hu\/wp-json\/wp\/v2\/media\/108072"}],"wp:attachment":[{"href":"https:\/\/climalife.com\/hu\/wp-json\/wp\/v2\/media?parent=161521"}],"wp:term":[{"taxonomy":"countries","embeddable":true,"href":"https:\/\/climalife.com\/hu\/wp-json\/wp\/v2\/countries?post=161521"},{"taxonomy":"product_brand","embeddable":true,"href":"https:\/\/climalife.com\/hu\/wp-json\/wp\/v2\/product_brand?post=161521"},{"taxonomy":"product_cat","embeddable":true,"href":"https:\/\/climalife.com\/hu\/wp-json\/wp\/v2\/product_cat?post=161521"},{"taxonomy":"product_tag","embeddable":true,"href":"https:\/\/climalife.com\/hu\/wp-json\/wp\/v2\/product_tag?post=161521"}],"curies":[{"name":"wp","href":"https:\/\/api.w.org\/{rel}","templated":true}]}}