{"id":161530,"date":"2022-09-28T17:52:05","date_gmt":"2022-09-28T17:52:05","guid":{"rendered":"http:\/\/climalife.com\/product\/apc\/"},"modified":"2025-07-14T08:43:50","modified_gmt":"2025-07-14T08:43:50","slug":"apc","status":"publish","type":"product","link":"https:\/\/climalife.com\/hu\/product\/apc\/","title":{"rendered":"APC"},"content":{"rendered":"<p>Az APC kit a k\u00f6zvet\u00edt\u0151k\u00f6zeges rendszerek megel\u0151z\u0151 karbantart\u00e1s\u00e1ra szolg\u00e1l\u00f3 id\u0151szakos ellen\u0151rz\u0151 vizsg\u00e1lat.<br \/>\nAz APC kit tartalmaz egy formanyomtatv\u00e1nyt \u00e9s egy mintavev\u0151 flakont (500 ml) a helysz\u00edni mintav\u00e9telhez.<\/p>\n<p>&nbsp;<\/p>\n<p>&nbsp;<\/p>\n<p><strong>3 t\u00edpus\u00fa vizsg\u00e1lat k\u00e9rhet\u0151:<\/strong><\/p>\n<p>APC A = megjelen\u00e9s + fagy\u00e1spont meghat\u00e1roz\u00e1sa glikolok vagy 1,3-prop\u00e1ndiol b\u00e1zis\u00fa term\u00e9kek eset\u00e9n.<\/p>\n<p>APC B = APC A + s\u0171r\u0171s\u00e9g 20\u00b0C-on + alk\u00e1li tartal\u00e9k (a leboml\u00e1s \u00e9rt\u00e9kel\u00e9se) + pH meghat\u00e1roz\u00e1sa glikolok vagy\u00a01,3-prop\u00e1ndiol b\u00e1zis\u00fa term\u00e9kek eset\u00e9n.<\/p>\n<p>APC D = APC B + GC* quantiglikol anal\u00edzis glikol b\u00e1zis\u00fa term\u00e9kek eset\u00e9n.<\/p>\n<p>* g\u00e1zkromatogr\u00e1f<\/p>\n","protected":false},"excerpt":{"rendered":"<p>APC KIT &#8211; k\u00f6zvet\u00edt\u0151k\u00f6zeg id\u0151szakos anal\u00edzise \u00e9s az eredm\u00e9nyek ki\u00e9rt\u00e9kel\u00e9se a Climalife laborat\u00f3riuma \u00e1ltal.<\/p>\n","protected":false},"featured_media":121932,"comment_status":"open","ping_status":"closed","template":"","meta":[],"countries":[4674,4709,4756,4813,4831,4862],"product_brand":[],"product_cat":[9987,9949,9940,9967,9994,13061,13096,13130,9482],"product_tag":[],"class_list":{"0":"post-161530","1":"product","2":"type-product","3":"status-publish","4":"has-post-thumbnail","6":"countries-by","7":"countries-cu","8":"countries-ir","9":"countries-kp","10":"countries-ru","11":"countries-sy","12":"product_cat-repulestechnika-urhajozas-vedelem","13":"product_cat-epuletek","14":"product_cat-elelmiszeripar","15":"product_cat-egeszseg-jolet","16":"product_cat-egyeb-iparagak","17":"product_cat-legkondicionalas","18":"product_cat-futes","19":"product_cat-hutestechnika","20":"product_cat-kozvetitokozeg-analizis","22":"first","23":"instock","24":"shipping-taxable","25":"purchasable","26":"product-type-variable"},"_links":{"self":[{"href":"https:\/\/climalife.com\/hu\/wp-json\/wp\/v2\/product\/161530","targetHints":{"allow":["GET"]}}],"collection":[{"href":"https:\/\/climalife.com\/hu\/wp-json\/wp\/v2\/product"}],"about":[{"href":"https:\/\/climalife.com\/hu\/wp-json\/wp\/v2\/types\/product"}],"replies":[{"embeddable":true,"href":"https:\/\/climalife.com\/hu\/wp-json\/wp\/v2\/comments?post=161530"}],"wp:featuredmedia":[{"embeddable":true,"href":"https:\/\/climalife.com\/hu\/wp-json\/wp\/v2\/media\/121932"}],"wp:attachment":[{"href":"https:\/\/climalife.com\/hu\/wp-json\/wp\/v2\/media?parent=161530"}],"wp:term":[{"taxonomy":"countries","embeddable":true,"href":"https:\/\/climalife.com\/hu\/wp-json\/wp\/v2\/countries?post=161530"},{"taxonomy":"product_brand","embeddable":true,"href":"https:\/\/climalife.com\/hu\/wp-json\/wp\/v2\/product_brand?post=161530"},{"taxonomy":"product_cat","embeddable":true,"href":"https:\/\/climalife.com\/hu\/wp-json\/wp\/v2\/product_cat?post=161530"},{"taxonomy":"product_tag","embeddable":true,"href":"https:\/\/climalife.com\/hu\/wp-json\/wp\/v2\/product_tag?post=161530"}],"curies":[{"name":"wp","href":"https:\/\/api.w.org\/{rel}","templated":true}]}}