{"id":161543,"date":"2022-09-28T17:52:12","date_gmt":"2022-09-28T17:52:12","guid":{"rendered":"http:\/\/climalife.com\/product\/dph\/"},"modified":"2024-10-22T09:34:42","modified_gmt":"2024-10-22T09:34:42","slug":"dph","status":"publish","type":"product","link":"https:\/\/climalife.com\/hu\/product\/dph\/","title":{"rendered":"DPH"},"content":{"rendered":"<p>DPH A = Megjelen\u00e9s + viszkozit\u00e1s + savsz\u00e1m + v\u00edztartalom + mechanikai szennyez\u0151d\u00e9s + adal\u00e9kanyagok + egy\u00e9b szennyez\u0151d\u00e9sek.<\/p>\n<p>DPH B = Ugyanaz, mint a DPH A + dielektromos \u00e1lland\u00f3.<\/p>\n<p><span data-teams=\"true\"><span class=\"ui-provider a b c d e f g h i j k l m n o p q r s t u v w x y z ab ac ae af ag ah ai aj ak\" dir=\"ltr\">DPH G = DPH A + gravimetria.<\/span><\/span><\/p>\n<p>&nbsp;<\/p>\n","protected":false},"excerpt":{"rendered":"<p>Egy rendszer h\u0171t\u0151g\u00e9polaj\u00e1nak id\u0151szakos bevizsg\u00e1l\u00e1sa, az olaj min\u0151s\u00e9g\u00e9nek etalonokkal val\u00f3 \u00f6sszehasonl\u00edt\u00e1sa \u00e9s Climalife aj\u00e1nl\u00e1sok.<\/p>\n","protected":false},"featured_media":108117,"comment_status":"open","ping_status":"closed","template":"","meta":[],"countries":[4674,4709,4756,4813,4831,4862],"product_brand":[],"product_cat":[9987,9949,9940,9967,9994,13061,13096,13130,9365],"product_tag":[],"class_list":{"0":"post-161543","1":"product","2":"type-product","3":"status-publish","4":"has-post-thumbnail","6":"countries-by","7":"countries-cu","8":"countries-ir","9":"countries-kp","10":"countries-ru","11":"countries-sy","12":"product_cat-repulestechnika-urhajozas-vedelem","13":"product_cat-epuletek","14":"product_cat-elelmiszeripar","15":"product_cat-egeszseg-jolet","16":"product_cat-egyeb-iparagak","17":"product_cat-legkondicionalas","18":"product_cat-futes","19":"product_cat-hutestechnika","20":"product_cat-olajbevizsgalas","21":"pa_packaging-egy-50-ml-es-flakon","22":"pa_packaging-egy-500-ml-es-flakon-hu-3","23":"pa_packaging-harom-darab-60-ml-es-flakon-hu-4","25":"first","26":"instock","27":"shipping-taxable","28":"purchasable","29":"product-type-variable"},"_links":{"self":[{"href":"https:\/\/climalife.com\/hu\/wp-json\/wp\/v2\/product\/161543","targetHints":{"allow":["GET"]}}],"collection":[{"href":"https:\/\/climalife.com\/hu\/wp-json\/wp\/v2\/product"}],"about":[{"href":"https:\/\/climalife.com\/hu\/wp-json\/wp\/v2\/types\/product"}],"replies":[{"embeddable":true,"href":"https:\/\/climalife.com\/hu\/wp-json\/wp\/v2\/comments?post=161543"}],"wp:featuredmedia":[{"embeddable":true,"href":"https:\/\/climalife.com\/hu\/wp-json\/wp\/v2\/media\/108117"}],"wp:attachment":[{"href":"https:\/\/climalife.com\/hu\/wp-json\/wp\/v2\/media?parent=161543"}],"wp:term":[{"taxonomy":"countries","embeddable":true,"href":"https:\/\/climalife.com\/hu\/wp-json\/wp\/v2\/countries?post=161543"},{"taxonomy":"product_brand","embeddable":true,"href":"https:\/\/climalife.com\/hu\/wp-json\/wp\/v2\/product_brand?post=161543"},{"taxonomy":"product_cat","embeddable":true,"href":"https:\/\/climalife.com\/hu\/wp-json\/wp\/v2\/product_cat?post=161543"},{"taxonomy":"product_tag","embeddable":true,"href":"https:\/\/climalife.com\/hu\/wp-json\/wp\/v2\/product_tag?post=161543"}],"curies":[{"name":"wp","href":"https:\/\/api.w.org\/{rel}","templated":true}]}}