{"id":161555,"date":"2022-09-28T17:52:20","date_gmt":"2022-09-28T17:52:20","guid":{"rendered":"http:\/\/climalife.com\/product\/folyadek-analizis-csomag\/"},"modified":"2025-08-13T06:54:56","modified_gmt":"2025-08-13T06:54:56","slug":"folyadek-analizis-csomag","status":"publish","type":"product","link":"https:\/\/climalife.com\/hu\/product\/folyadek-analizis-csomag\/","title":{"rendered":"Folyad\u00e9k anal\u00edzis csomag"},"content":{"rendered":"","protected":false},"excerpt":{"rendered":"<p>Tartalmaz: h\u0171t\u0151k\u00f6zeg beazonos\u00edt\u00e1st, v\u00edztartalom-, olajtartalom-, savass\u00e1g- m\u00e9r\u00e9st, megjelen\u00e9s meghat\u00e1roz\u00e1st. Alacsony nyom\u00e1s\u00fa h\u0171t\u0151k\u00f6zegekhez: R-11, R-113, R-123, R-141b \u00e9s Facilisolvhoz.<\/p>\n","protected":false},"featured_media":108513,"comment_status":"open","ping_status":"closed","template":"","meta":[],"countries":[4674,4709,4756,4813,4831,4854,4862],"product_brand":[],"product_cat":[9987,9949,9958,9940,9967,9994,13061,13096,13130,9248],"product_tag":[],"class_list":{"0":"post-161555","1":"product","2":"type-product","3":"status-publish","4":"has-post-thumbnail","6":"countries-by","7":"countries-cu","8":"countries-ir","9":"countries-kp","10":"countries-ru","11":"countries-es","12":"countries-sy","13":"product_cat-repulestechnika-urhajozas-vedelem","14":"product_cat-epuletek","15":"product_cat-energia","16":"product_cat-elelmiszeripar","17":"product_cat-egeszseg-jolet","18":"product_cat-egyeb-iparagak","19":"product_cat-legkondicionalas","20":"product_cat-futes","21":"product_cat-hutestechnika","22":"product_cat-hutokozeg-bevizsgalas","23":"pa_packaging-egyseg-hu-25","25":"first","26":"instock","27":"shipping-taxable","28":"purchasable","29":"product-type-variable"},"_links":{"self":[{"href":"https:\/\/climalife.com\/hu\/wp-json\/wp\/v2\/product\/161555","targetHints":{"allow":["GET"]}}],"collection":[{"href":"https:\/\/climalife.com\/hu\/wp-json\/wp\/v2\/product"}],"about":[{"href":"https:\/\/climalife.com\/hu\/wp-json\/wp\/v2\/types\/product"}],"replies":[{"embeddable":true,"href":"https:\/\/climalife.com\/hu\/wp-json\/wp\/v2\/comments?post=161555"}],"wp:featuredmedia":[{"embeddable":true,"href":"https:\/\/climalife.com\/hu\/wp-json\/wp\/v2\/media\/108513"}],"wp:attachment":[{"href":"https:\/\/climalife.com\/hu\/wp-json\/wp\/v2\/media?parent=161555"}],"wp:term":[{"taxonomy":"countries","embeddable":true,"href":"https:\/\/climalife.com\/hu\/wp-json\/wp\/v2\/countries?post=161555"},{"taxonomy":"product_brand","embeddable":true,"href":"https:\/\/climalife.com\/hu\/wp-json\/wp\/v2\/product_brand?post=161555"},{"taxonomy":"product_cat","embeddable":true,"href":"https:\/\/climalife.com\/hu\/wp-json\/wp\/v2\/product_cat?post=161555"},{"taxonomy":"product_tag","embeddable":true,"href":"https:\/\/climalife.com\/hu\/wp-json\/wp\/v2\/product_tag?post=161555"}],"curies":[{"name":"wp","href":"https:\/\/api.w.org\/{rel}","templated":true}]}}