{"id":161569,"date":"2022-09-28T17:52:28","date_gmt":"2022-09-28T17:52:28","guid":{"rendered":"http:\/\/climalife.com\/product\/hfc-227ea-fe\/"},"modified":"2024-01-25T13:52:56","modified_gmt":"2024-01-25T13:52:56","slug":"hfc-227ea-fe","status":"publish","type":"product","link":"https:\/\/climalife.com\/hu\/product\/hfc-227ea-fe\/","title":{"rendered":"HFC 227ea FE"},"content":{"rendered":"<div id=\"reference-content\" class=\"textarea mce-content-body\">\n<p>A HFC 227ea FE egy heptafluor-prop\u00e1n. \u00c1lland\u00f3 min\u0151s\u00e9g\u0171, \u00e9s megfelel a t\u0171zolt\u00f3 k\u00e9sz\u00fcl\u00e9kekben \u00e9s t\u0171zolt\u00f3rendszerekben val\u00f3 haszn\u00e1latra vonatkoz\u00f3 valamennyi k\u00f6vetelm\u00e9nynek. Nem gy\u00fal\u00e9kony, \u00edgy sz\u00e1mos lehet\u0151s\u00e9get k\u00edn\u00e1l a biztons\u00e1gi k\u00f6vetelm\u00e9nyeket (szab\u00e1lyoz\u00e1si, vesz\u00e9lyes k\u00f6rnyezet, z\u00e1rt k\u00f6rnyezet) el\u0151\u00edr\u00f3 k\u00e9sz\u00edtm\u00e9nyekben val\u00f3 felhaszn\u00e1l\u00e1sra.<\/p>\n<p>&nbsp;<\/p>\n<p>Haszn\u00e1lata nem ig\u00e9nyel k\u00fcl\u00f6n\u00f6sebb beruh\u00e1z\u00e1st a biztons\u00e1gi berendez\u00e9sekbe (ATEX). Nincs hat\u00e1ssal az \u00f3zonr\u00e9tegre.<\/p>\n<\/div>\n","protected":false},"excerpt":{"rendered":"<p>A HFC 227ea FE az UL \u00e1ltal elismert &#8211; &#8220;UL Recognised&#8221; &#8211; (EX16326), mint t\u0171zolt\u00f3 k\u00e9sz\u00fcl\u00e9kek \u00e9s t\u0171zolt\u00f3 rendszerek inhibitora.<\/p>\n","protected":false},"featured_media":131319,"comment_status":"open","ping_status":"closed","template":"","meta":[],"countries":[4674,4709,4756,4813,4831,4862],"product_brand":[],"product_cat":[9976,9994,9958,9949,9389,9987,13087],"product_tag":[],"class_list":{"0":"post-161569","1":"product","2":"type-product","3":"status-publish","4":"has-post-thumbnail","6":"countries-by","7":"countries-cu","8":"countries-ir","9":"countries-kp","10":"countries-ru","11":"countries-sy","12":"product_cat-autoipar-kozlekedes","13":"product_cat-egyeb-iparagak","14":"product_cat-energia","15":"product_cat-epuletek","16":"product_cat-hfc-hu-94","17":"product_cat-repulestechnika-urhajozas-vedelem","18":"product_cat-tuzvedelem","19":"pa_packaging-palack-88-l-hu-122","20":"pa_packaging-tartaly-448-l-hu-74","21":"pa_packaging-tartaly-930-l-hu-76","23":"first","24":"instock","25":"shipping-taxable","26":"purchasable","27":"product-type-variable"},"_links":{"self":[{"href":"https:\/\/climalife.com\/hu\/wp-json\/wp\/v2\/product\/161569","targetHints":{"allow":["GET"]}}],"collection":[{"href":"https:\/\/climalife.com\/hu\/wp-json\/wp\/v2\/product"}],"about":[{"href":"https:\/\/climalife.com\/hu\/wp-json\/wp\/v2\/types\/product"}],"replies":[{"embeddable":true,"href":"https:\/\/climalife.com\/hu\/wp-json\/wp\/v2\/comments?post=161569"}],"wp:featuredmedia":[{"embeddable":true,"href":"https:\/\/climalife.com\/hu\/wp-json\/wp\/v2\/media\/131319"}],"wp:attachment":[{"href":"https:\/\/climalife.com\/hu\/wp-json\/wp\/v2\/media?parent=161569"}],"wp:term":[{"taxonomy":"countries","embeddable":true,"href":"https:\/\/climalife.com\/hu\/wp-json\/wp\/v2\/countries?post=161569"},{"taxonomy":"product_brand","embeddable":true,"href":"https:\/\/climalife.com\/hu\/wp-json\/wp\/v2\/product_brand?post=161569"},{"taxonomy":"product_cat","embeddable":true,"href":"https:\/\/climalife.com\/hu\/wp-json\/wp\/v2\/product_cat?post=161569"},{"taxonomy":"product_tag","embeddable":true,"href":"https:\/\/climalife.com\/hu\/wp-json\/wp\/v2\/product_tag?post=161569"}],"curies":[{"name":"wp","href":"https:\/\/api.w.org\/{rel}","templated":true}]}}