{"id":161581,"date":"2022-09-28T17:52:40","date_gmt":"2022-09-28T17:52:40","guid":{"rendered":"http:\/\/climalife.com\/product\/r-454b\/"},"modified":"2025-08-13T06:48:14","modified_gmt":"2025-08-13T06:48:14","slug":"r-454b","status":"publish","type":"product","link":"https:\/\/climalife.com\/hu\/product\/r-454b\/","title":{"rendered":"R-454B"},"content":{"rendered":"<div id=\"reference-content\" class=\"textarea mce-content-body\">\n<p id=\"reference-content\" class=\"textarea mce-content-body\">\n<\/div>\n<div class=\"textarea mce-content-body\"><span class=\"VIiyi\" lang=\"hu\"><span class=\"JLqJ4b ChMk0b\" data-language-for-alternatives=\"hu\" data-language-to-translate-into=\"en\" data-phrase-index=\"0\">\u00daj kl\u00edmaberendez\u00e9sekben val\u00f3 felhaszn\u00e1l\u00e1sra sz\u00e1nt h\u0171t\u0151k\u00f6zeg, ahol \u00e1ltal\u00e1ban R-410A-t haszn\u00e1lnak.<\/span><\/span><\/div>\n<div class=\"textarea mce-content-body\"><\/div>\n<div class=\"textarea mce-content-body\"><span class=\"VIiyi\" lang=\"hu\"><span class=\"JLqJ4b ChMk0b\" data-language-for-alternatives=\"hu\" data-language-to-translate-into=\"fr\" data-phrase-index=\"0\">Kis teljes\u00edtm\u00e9ny\u0171 h\u00e1ztart\u00e1si \u00e9s kereskedelmi c\u00e9l\u00fa berendez\u00e9sekhez, folyad\u00e9kh\u0171t\u0151kh\u00f6z \u00e9s direkt expanzi\u00f3s kl\u00edmaberendez\u00e9sekhez (DX), h\u0151szivatty\u00fakhoz, monoblokkos vagy split kl\u00edmaberendez\u00e9sekhez, \u00e9s l\u00e9gcsatorn\u00e1s kl\u00edmaberendez\u00e9sekhez aj\u00e1nlott.<\/span><\/span><\/div>\n<div class=\"textarea mce-content-body\"><\/div>\n<div class=\"textarea mce-content-body\">Poliol\u00e9szter\u00a0 (POE) olajjal haszn\u00e1land\u00f3.<\/div>\n","protected":false},"excerpt":{"rendered":"<p>Az R-454B olyan nem azeotropikus h\u0171t\u0151k\u00f6zeg kever\u00e9k, mely fluorozott sz\u00e9nhidrog\u00e9nt (HFC) \u00e9s alacsony GWP-j\u0171 hidrofluoroolefint (HFO) tartalmaz.<\/p>\n","protected":false},"featured_media":190677,"comment_status":"open","ping_status":"closed","template":"","meta":[],"countries":[4674,4709,4756,4813,4831,4862],"product_brand":[],"product_cat":[9949,13061,9608],"product_tag":[],"class_list":{"0":"post-161581","1":"product","2":"type-product","3":"status-publish","4":"has-post-thumbnail","6":"countries-by","7":"countries-cu","8":"countries-ir","9":"countries-kp","10":"countries-ru","11":"countries-sy","12":"product_cat-epuletek","13":"product_cat-legkondicionalas","14":"product_cat-hfc-hfo-keverekek","15":"pa_packaging-palack-52-l-hu-72","17":"first","18":"instock","19":"shipping-taxable","20":"purchasable","21":"product-type-variable"},"_links":{"self":[{"href":"https:\/\/climalife.com\/hu\/wp-json\/wp\/v2\/product\/161581","targetHints":{"allow":["GET"]}}],"collection":[{"href":"https:\/\/climalife.com\/hu\/wp-json\/wp\/v2\/product"}],"about":[{"href":"https:\/\/climalife.com\/hu\/wp-json\/wp\/v2\/types\/product"}],"replies":[{"embeddable":true,"href":"https:\/\/climalife.com\/hu\/wp-json\/wp\/v2\/comments?post=161581"}],"wp:featuredmedia":[{"embeddable":true,"href":"https:\/\/climalife.com\/hu\/wp-json\/wp\/v2\/media\/190677"}],"wp:attachment":[{"href":"https:\/\/climalife.com\/hu\/wp-json\/wp\/v2\/media?parent=161581"}],"wp:term":[{"taxonomy":"countries","embeddable":true,"href":"https:\/\/climalife.com\/hu\/wp-json\/wp\/v2\/countries?post=161581"},{"taxonomy":"product_brand","embeddable":true,"href":"https:\/\/climalife.com\/hu\/wp-json\/wp\/v2\/product_brand?post=161581"},{"taxonomy":"product_cat","embeddable":true,"href":"https:\/\/climalife.com\/hu\/wp-json\/wp\/v2\/product_cat?post=161581"},{"taxonomy":"product_tag","embeddable":true,"href":"https:\/\/climalife.com\/hu\/wp-json\/wp\/v2\/product_tag?post=161581"}],"curies":[{"name":"wp","href":"https:\/\/api.w.org\/{rel}","templated":true}]}}