{"id":161605,"date":"2022-09-28T17:52:55","date_gmt":"2022-09-28T17:52:55","guid":{"rendered":"http:\/\/climalife.com\/product\/etil-klorid\/"},"modified":"2024-01-25T13:52:53","modified_gmt":"2024-01-25T13:52:53","slug":"etil-klorid","status":"publish","type":"product","link":"https:\/\/climalife.com\/hu\/product\/etil-klorid\/","title":{"rendered":"Etil-klorid"},"content":{"rendered":"<p>Felhaszn\u00e1l\u00e1s:<br \/>\n&#8211; Etil\u00e1l\u00f3szerk\u00e9nt<br \/>\n&#8211; H\u0171t\u0151k\u00f6zegk\u00e9nt<br \/>\n&#8211; Old\u00f3szerk\u00e9nt.<\/p>\n","protected":false},"excerpt":{"rendered":"<p>Az etil-klorid (C2H5Cl) vagy monokl\u00f3ret\u00e1n or monochloroethane ill\u00e9kony, enyh\u00e9n m\u00e9rgez\u0151 \u00e9s nagyon gy\u00fal\u00e9kony g\u00e1z. R 160-k\u00e9nt is ismert.<\/p>\n","protected":false},"featured_media":127413,"comment_status":"open","ping_status":"closed","template":"","meta":[],"countries":[4674,4709,4756,4813,4831,4862],"product_brand":[],"product_cat":[9273],"product_tag":[],"class_list":{"0":"post-161605","1":"product","2":"type-product","3":"status-publish","4":"has-post-thumbnail","6":"countries-by","7":"countries-cu","8":"countries-ir","9":"countries-kp","10":"countries-ru","11":"countries-sy","12":"product_cat-klorgaz","13":"pa_packaging-hordo-217-i-hu-30","14":"pa_packaging-palack-26-i-hu-32","15":"pa_packaging-palack-88-l-hu-122","16":"pa_packaging-tartaly-930-l-hu-76","17":"pa_packaging-tartalyautos20-tonna-hu-141","19":"first","20":"instock","21":"shipping-taxable","22":"purchasable","23":"product-type-variable"},"_links":{"self":[{"href":"https:\/\/climalife.com\/hu\/wp-json\/wp\/v2\/product\/161605","targetHints":{"allow":["GET"]}}],"collection":[{"href":"https:\/\/climalife.com\/hu\/wp-json\/wp\/v2\/product"}],"about":[{"href":"https:\/\/climalife.com\/hu\/wp-json\/wp\/v2\/types\/product"}],"replies":[{"embeddable":true,"href":"https:\/\/climalife.com\/hu\/wp-json\/wp\/v2\/comments?post=161605"}],"wp:featuredmedia":[{"embeddable":true,"href":"https:\/\/climalife.com\/hu\/wp-json\/wp\/v2\/media\/127413"}],"wp:attachment":[{"href":"https:\/\/climalife.com\/hu\/wp-json\/wp\/v2\/media?parent=161605"}],"wp:term":[{"taxonomy":"countries","embeddable":true,"href":"https:\/\/climalife.com\/hu\/wp-json\/wp\/v2\/countries?post=161605"},{"taxonomy":"product_brand","embeddable":true,"href":"https:\/\/climalife.com\/hu\/wp-json\/wp\/v2\/product_brand?post=161605"},{"taxonomy":"product_cat","embeddable":true,"href":"https:\/\/climalife.com\/hu\/wp-json\/wp\/v2\/product_cat?post=161605"},{"taxonomy":"product_tag","embeddable":true,"href":"https:\/\/climalife.com\/hu\/wp-json\/wp\/v2\/product_tag?post=161605"}],"curies":[{"name":"wp","href":"https:\/\/api.w.org\/{rel}","templated":true}]}}