{"id":161615,"date":"2022-09-28T17:53:02","date_gmt":"2022-09-28T17:53:02","guid":{"rendered":"http:\/\/climalife.com\/product\/novexpans-hfc-365mfc-hfc-227ea-93-7\/"},"modified":"2025-06-13T11:02:39","modified_gmt":"2025-06-13T11:02:39","slug":"novexpans-hfc-365mfc-hfc-227ea-93-7","status":"publish","type":"product","link":"https:\/\/climalife.com\/hu\/product\/novexpans-hfc-365mfc-hfc-227ea-93-7\/","title":{"rendered":"NOVEXPANS\u2122 HFC 365mfc\/HFC 227ea (93\/7)"},"content":{"rendered":"<p><span class=\"tlid-translation translation\" lang=\"hu\"><span class=\"\" title=\"\">A NOVEXPANS<sup>\u2122<\/sup>\u00a0HFC 365mfc \/ HFC 227ea (93\/7) alkalmaz\u00e1s\u00e1val kapott habok j\u00f3 nyom\u00f3szil\u00e1rds\u00e1ggal, alacsony h\u0151vezet\u0151 k\u00e9pess\u00e9ggel \u00e9s finom sejtstrukt\u00far\u00e1val rendelkeznek.<\/span><br \/>\n<span class=\"\" title=\"\">Palackokban vagy tart\u00e1lyokban t\u00f6rt\u00e9n\u0151 haszn\u00e1lata biztos\u00edtja a kever\u00e9k koncentr\u00e1ci\u00f3j\u00e1nak stabilit\u00e1s\u00e1t \u00e9s nem gy\u00fal\u00e9kony.<\/span><\/span><\/p>\n","protected":false},"excerpt":{"rendered":"<p>A NOVEXPANS\u2122 HFC 365mfc \/ HFC 227ea (93\/7) garant\u00e1lt specifik\u00e1ci\u00f3kkal rendelkez\u0151 HFC 365mfc \u00e9s HFC 227ea kever\u00e9k, melyet habos\u00edt\u00f3szerk\u00e9nt haszn\u00e1lj\u00e1k a poliuret\u00e1n habok t\u00e1gul\u00e1s\u00e1hoz.<\/p>\n","protected":false},"featured_media":200116,"comment_status":"open","ping_status":"closed","template":"","meta":[],"countries":[4652,4657,4660,4668,4674,4675,4681,4683,4688,4708,4709,4710,4711,4713,4722,4725,4727,4728,4729,4730,4731,4732,4736,4739,4740,4752,4753,4756,4758,4760,9125,4770,4775,4776,4777,4779,4785,4794,4796,4804,4813,4815,4826,4827,4893,4831,4839,4843,4847,4848,4854,4858,4860,4861,4862,4873,4880,4886],"product_brand":[],"product_cat":[9976,9949,9940,9994,13105,9587],"product_tag":[],"class_list":{"0":"post-161615","1":"product","2":"type-product","3":"status-publish","4":"has-post-thumbnail","6":"countries-al","7":"countries-ad","8":"countries-aq","9":"countries-at","10":"countries-by","11":"countries-be","12":"countries-ba","13":"countries-bv","14":"countries-bg","15":"countries-hr","16":"countries-cu","17":"countries-cy","18":"countries-cz","19":"countries-dk","20":"countries-ee","21":"countries-fo","22":"countries-fi","23":"countries-fr","24":"countries-fr-gf-gp-mq-yt-re","25":"countries-gn","26":"countries-pf","27":"countries-tf","28":"countries-de","29":"countries-gr","30":"countries-gl","31":"countries-hu","32":"countries-is","33":"countries-ir","34":"countries-ie","35":"countries-it","36":"countries-xk","37":"countries-lv","38":"countries-li","39":"countries-lt","40":"countries-lu","41":"countries-mk","42":"countries-mt","43":"countries-mc","44":"countries-me","45":"countries-nl","46":"countries-kp","47":"countries-no","48":"countries-pl","49":"countries-pt","50":"countries-ro","51":"countries-ru","52":"countries-sm","53":"countries-rs","54":"countries-sk","55":"countries-si","56":"countries-es","57":"countries-sj","58":"countries-se","59":"countries-ch","60":"countries-sy","61":"countries-tr","62":"countries-gb","63":"countries-va","64":"product_cat-autoipar-kozlekedes","65":"product_cat-epuletek","66":"product_cat-elelmiszeripar","67":"product_cat-egyeb-iparagak","68":"product_cat-szigeteles","69":"product_cat-hfc-keverekek","70":"pa_packaging-hordo-225-i-hu-37","71":"pa_packaging-palack-26-i-hu-32","72":"pa_packaging-palack-88-l-hu-122","73":"pa_packaging-tartaly-930-l-hu-76","74":"pa_packaging-tartalyautos20-tonna-hu-141","76":"first","77":"instock","78":"shipping-taxable","79":"purchasable","80":"product-type-variable"},"_links":{"self":[{"href":"https:\/\/climalife.com\/hu\/wp-json\/wp\/v2\/product\/161615","targetHints":{"allow":["GET"]}}],"collection":[{"href":"https:\/\/climalife.com\/hu\/wp-json\/wp\/v2\/product"}],"about":[{"href":"https:\/\/climalife.com\/hu\/wp-json\/wp\/v2\/types\/product"}],"replies":[{"embeddable":true,"href":"https:\/\/climalife.com\/hu\/wp-json\/wp\/v2\/comments?post=161615"}],"wp:featuredmedia":[{"embeddable":true,"href":"https:\/\/climalife.com\/hu\/wp-json\/wp\/v2\/media\/200116"}],"wp:attachment":[{"href":"https:\/\/climalife.com\/hu\/wp-json\/wp\/v2\/media?parent=161615"}],"wp:term":[{"taxonomy":"countries","embeddable":true,"href":"https:\/\/climalife.com\/hu\/wp-json\/wp\/v2\/countries?post=161615"},{"taxonomy":"product_brand","embeddable":true,"href":"https:\/\/climalife.com\/hu\/wp-json\/wp\/v2\/product_brand?post=161615"},{"taxonomy":"product_cat","embeddable":true,"href":"https:\/\/climalife.com\/hu\/wp-json\/wp\/v2\/product_cat?post=161615"},{"taxonomy":"product_tag","embeddable":true,"href":"https:\/\/climalife.com\/hu\/wp-json\/wp\/v2\/product_tag?post=161615"}],"curies":[{"name":"wp","href":"https:\/\/api.w.org\/{rel}","templated":true}]}}