{"id":161636,"date":"2022-09-28T17:53:15","date_gmt":"2022-09-28T17:53:15","guid":{"rendered":"http:\/\/climalife.com\/product\/novexpans-hfo-1336mzz\/"},"modified":"2026-04-17T14:18:05","modified_gmt":"2026-04-17T14:18:05","slug":"novexpans-hfo-1336mzz","status":"publish","type":"product","link":"https:\/\/climalife.com\/hu\/product\/novexpans-hfo-1336mzz\/","title":{"rendered":"NOVEXPANS\u2122 HFO 1336mzz"},"content":{"rendered":"<p><span class=\"tlid-translation translation\" lang=\"hu\"><span title=\"\">Felhaszn\u00e1l\u00e1sa nem ig\u00e9nyel k\u00fcl\u00f6n\u00f6sebb beruh\u00e1z\u00e1st, p\u00e9ld\u00e1ul ATEX biztons\u00e1gi berendez\u00e9sek telep\u00edt\u00e9s\u00e9t.<\/span> <span title=\"\">A NOVEXPANS<sup>\u2122<\/sup> HFO 1336mzz(Z), a HFC 365mfc \/ HFC 227ea (93\/7) \u00e9s a HFC 245fa cser\u00e9j\u00e9re szolg\u00e1l.<\/span> <span class=\"\" title=\"\">Legf\u0151bb el\u0151nye a HFC-kkel szemben az \u00fcvegh\u00e1zhat\u00e1sra gyakorolt k\u00f6rnyezeti el\u0151nye.<\/span><\/span><\/p>\n","protected":false},"excerpt":{"rendered":"<p>A NOVEXPANSTM HFO 1336mzz(Z) egy hidrog\u00e9n-fluor-but\u00e9n, amelyet habos\u00edt\u00f3szerk\u00e9nt haszn\u00e1lnak a merev poliuret\u00e1n habok t\u00e1g\u00edt\u00e1s\u00e1hoz.<\/p>\n","protected":false},"featured_media":126360,"comment_status":"open","ping_status":"closed","template":"","meta":[],"countries":[4674,4709,4756,4813,4831,4862],"product_brand":[],"product_cat":[9976,9949,9940,9994,13105,9398],"product_tag":[],"class_list":{"0":"post-161636","1":"product","2":"type-product","3":"status-publish","4":"has-post-thumbnail","6":"countries-by","7":"countries-cu","8":"countries-ir","9":"countries-kp","10":"countries-ru","11":"countries-sy","12":"product_cat-autoipar-kozlekedes","13":"product_cat-epuletek","14":"product_cat-elelmiszeripar","15":"product_cat-egyeb-iparagak","16":"product_cat-szigeteles","17":"product_cat-hfo-habosito-anyagok","18":"pa_packaging-hordo-217-i-hu-30","19":"pa_packaging-tartaly-930-l-hu-76","20":"pa_packaging-tartalyos-hu-168","22":"first","23":"instock","24":"shipping-taxable","25":"purchasable","26":"product-type-variable"},"_links":{"self":[{"href":"https:\/\/climalife.com\/hu\/wp-json\/wp\/v2\/product\/161636","targetHints":{"allow":["GET"]}}],"collection":[{"href":"https:\/\/climalife.com\/hu\/wp-json\/wp\/v2\/product"}],"about":[{"href":"https:\/\/climalife.com\/hu\/wp-json\/wp\/v2\/types\/product"}],"replies":[{"embeddable":true,"href":"https:\/\/climalife.com\/hu\/wp-json\/wp\/v2\/comments?post=161636"}],"wp:featuredmedia":[{"embeddable":true,"href":"https:\/\/climalife.com\/hu\/wp-json\/wp\/v2\/media\/126360"}],"wp:attachment":[{"href":"https:\/\/climalife.com\/hu\/wp-json\/wp\/v2\/media?parent=161636"}],"wp:term":[{"taxonomy":"countries","embeddable":true,"href":"https:\/\/climalife.com\/hu\/wp-json\/wp\/v2\/countries?post=161636"},{"taxonomy":"product_brand","embeddable":true,"href":"https:\/\/climalife.com\/hu\/wp-json\/wp\/v2\/product_brand?post=161636"},{"taxonomy":"product_cat","embeddable":true,"href":"https:\/\/climalife.com\/hu\/wp-json\/wp\/v2\/product_cat?post=161636"},{"taxonomy":"product_tag","embeddable":true,"href":"https:\/\/climalife.com\/hu\/wp-json\/wp\/v2\/product_tag?post=161636"}],"curies":[{"name":"wp","href":"https:\/\/api.w.org\/{rel}","templated":true}]}}