{"id":161645,"date":"2022-09-28T17:53:21","date_gmt":"2022-09-28T17:53:21","guid":{"rendered":"http:\/\/climalife.com\/product\/novexpans-hfc-245fa\/"},"modified":"2025-06-13T10:55:47","modified_gmt":"2025-06-13T10:55:47","slug":"novexpans-hfc-245fa","status":"publish","type":"product","link":"https:\/\/climalife.com\/hu\/product\/novexpans-hfc-245fa\/","title":{"rendered":"NOVEXPANS\u2122 HFC 245fa"},"content":{"rendered":"<p><span class=\"tlid-translation translation\" lang=\"ro\"><span class=\"\" title=\"\"><span class=\"tlid-translation translation\" lang=\"hu\"><span title=\"\">Nem gy\u00fal\u00e9kony \u00e9s \u00e1rtalmatlan az \u00f3zonr\u00e9tegre.<\/span><br \/>\nAlacsony h\u0151m\u00e9rs\u00e9kleti alacsony h\u0151t\u00e9nyez\u0151j\u00e9vel k\u00fcl\u00f6n\u00f6sen alkalmas h\u0151szigetel\u0151 hab gy\u00e1rt\u00e1s\u00e1ra a h\u0171t\u0151iparban.<\/span><\/span><\/span><\/p>\n","protected":false},"excerpt":{"rendered":"<p>A NOVEXPANS\u2122 HFC 245fa egy 1,1,1,3,3-pentafluor-prop\u00e1n, amelyet habos\u00edt\u00f3szerk\u00e9nt haszn\u00e1lnak a merev poliuret\u00e1n habok t\u00e1g\u00edt\u00e1s\u00e1hoz.<\/p>\n","protected":false},"featured_media":126360,"comment_status":"open","ping_status":"closed","template":"","meta":[],"countries":[4652,4657,4660,4668,4674,4675,4681,4683,4688,4708,4709,4710,4711,4713,4722,4725,4727,4728,4729,4730,4731,4732,4736,4739,4740,4752,4753,4756,4758,4760,9125,4770,4775,4776,4777,4779,4785,4794,4796,4804,4813,4815,4826,4827,4893,4831,4839,4843,4847,4848,4854,4858,4860,4861,4862,4873,4880,4886],"product_brand":[],"product_cat":[9976,9949,9940,9994,13105,9291],"product_tag":[],"class_list":{"0":"post-161645","1":"product","2":"type-product","3":"status-publish","4":"has-post-thumbnail","6":"countries-al","7":"countries-ad","8":"countries-aq","9":"countries-at","10":"countries-by","11":"countries-be","12":"countries-ba","13":"countries-bv","14":"countries-bg","15":"countries-hr","16":"countries-cu","17":"countries-cy","18":"countries-cz","19":"countries-dk","20":"countries-ee","21":"countries-fo","22":"countries-fi","23":"countries-fr","24":"countries-fr-gf-gp-mq-yt-re","25":"countries-gn","26":"countries-pf","27":"countries-tf","28":"countries-de","29":"countries-gr","30":"countries-gl","31":"countries-hu","32":"countries-is","33":"countries-ir","34":"countries-ie","35":"countries-it","36":"countries-xk","37":"countries-lv","38":"countries-li","39":"countries-lt","40":"countries-lu","41":"countries-mk","42":"countries-mt","43":"countries-mc","44":"countries-me","45":"countries-nl","46":"countries-kp","47":"countries-no","48":"countries-pl","49":"countries-pt","50":"countries-ro","51":"countries-ru","52":"countries-sm","53":"countries-rs","54":"countries-sk","55":"countries-si","56":"countries-es","57":"countries-sj","58":"countries-se","59":"countries-ch","60":"countries-sy","61":"countries-tr","62":"countries-gb","63":"countries-va","64":"product_cat-autoipar-kozlekedes","65":"product_cat-epuletek","66":"product_cat-elelmiszeripar","67":"product_cat-egyeb-iparagak","68":"product_cat-szigeteles","69":"product_cat-hfc-habosito-anyagok","70":"pa_packaging-hordo-217-i-hu-30","71":"pa_packaging-palack-26-i-hu-32","72":"pa_packaging-palack-88-l-hu-122","73":"pa_packaging-tartaly-930-l-hu-76","74":"pa_packaging-tartalyautos20-tonna-hu-141","76":"first","77":"instock","78":"shipping-taxable","79":"purchasable","80":"product-type-variable"},"_links":{"self":[{"href":"https:\/\/climalife.com\/hu\/wp-json\/wp\/v2\/product\/161645","targetHints":{"allow":["GET"]}}],"collection":[{"href":"https:\/\/climalife.com\/hu\/wp-json\/wp\/v2\/product"}],"about":[{"href":"https:\/\/climalife.com\/hu\/wp-json\/wp\/v2\/types\/product"}],"replies":[{"embeddable":true,"href":"https:\/\/climalife.com\/hu\/wp-json\/wp\/v2\/comments?post=161645"}],"wp:featuredmedia":[{"embeddable":true,"href":"https:\/\/climalife.com\/hu\/wp-json\/wp\/v2\/media\/126360"}],"wp:attachment":[{"href":"https:\/\/climalife.com\/hu\/wp-json\/wp\/v2\/media?parent=161645"}],"wp:term":[{"taxonomy":"countries","embeddable":true,"href":"https:\/\/climalife.com\/hu\/wp-json\/wp\/v2\/countries?post=161645"},{"taxonomy":"product_brand","embeddable":true,"href":"https:\/\/climalife.com\/hu\/wp-json\/wp\/v2\/product_brand?post=161645"},{"taxonomy":"product_cat","embeddable":true,"href":"https:\/\/climalife.com\/hu\/wp-json\/wp\/v2\/product_cat?post=161645"},{"taxonomy":"product_tag","embeddable":true,"href":"https:\/\/climalife.com\/hu\/wp-json\/wp\/v2\/product_tag?post=161645"}],"curies":[{"name":"wp","href":"https:\/\/api.w.org\/{rel}","templated":true}]}}