{"id":161652,"date":"2022-09-28T17:53:28","date_gmt":"2022-09-28T17:53:28","guid":{"rendered":"http:\/\/climalife.com\/product\/novaspray-hfo-1234ze-hcfo-1233zd-80-20\/"},"modified":"2025-07-14T08:35:26","modified_gmt":"2025-07-14T08:35:26","slug":"novaspray-hfo-1234ze-hcfo-1233zd-80-20","status":"publish","type":"product","link":"https:\/\/climalife.com\/hu\/product\/novaspray-hfo-1234ze-hcfo-1233zd-80-20\/","title":{"rendered":"NovaSpray\u2122 HFO 1234ze\/HCFO 1233zd (80\/20)"},"content":{"rendered":"<p>A NovaSpray HFO 1234ze\/HCFO 1233zd (80\/20) nem gy\u00fal\u00e9kony, ez\u00e9rt sz\u00e1mos felhaszn\u00e1l\u00e1si lehet\u0151s\u00e9get k\u00edn\u00e1l olyan k\u00e9sz\u00edtm\u00e9nyekben, amelyek biztons\u00e1gi k\u00f6vetelm\u00e9nyeknek kell megfelelni\u00fck (szab\u00e1lyoz\u00e1si, vesz\u00e9lyes k\u00f6rnyezet, z\u00e1rt t\u00e9r). Haszn\u00e1lat\u00e1val sz\u00e1mos k\u00e9sz\u00edtm\u00e9ny gy\u00fal\u00e9konys\u00e1ga cs\u00f6kkenthet\u0151, ak\u00e1r a 2008\/47\/EK ir\u00e1nyelv szerint t\u0171zvesz\u00e9lytelenn\u00e9 is tehet\u0151.<br \/>\nAlkalmaz\u00e1sa nem ig\u00e9nyel k\u00fcl\u00f6nleges beruh\u00e1z\u00e1st ATEX biztons\u00e1gi berendez\u00e9sek telep\u00edt\u00e9s\u00e9re.<\/p>\n","protected":false},"excerpt":{"rendered":"<p>A NovaSpray\u2122 HFO 1234ze \/ HCFO 1233zd (80\/20) a NovaSpray\u2122 HFO 1234ze \u00e9s a NovaSpray\u2122 HCFO 1233zd aeroszol min\u0151s\u00e9g\u0171 kever\u00e9ke. \u00c1lland\u00f3 min\u0151s\u00e9g\u0171 \u00e9s ellen\u0151rz\u00f6tt nyom\u00e1s\u00fa, megfelel a cseppfoly\u00f3s\u00edtott hajt\u00f3g\u00e1z minden k\u00f6vetelm\u00e9ny\u00e9nek.<\/p>\n","protected":false},"featured_media":190600,"comment_status":"open","ping_status":"closed","template":"","meta":[],"countries":[4674,4709,4756,4813,4831,4862],"product_brand":[],"product_cat":[9994,9760,9641],"product_tag":[],"class_list":{"0":"post-161652","1":"product","2":"type-product","3":"status-publish","4":"has-post-thumbnail","6":"countries-by","7":"countries-cu","8":"countries-ir","9":"countries-kp","10":"countries-ru","11":"countries-sy","12":"product_cat-egyeb-iparagak","13":"product_cat-hajtogazok","14":"product_cat-hfo-keverekek","15":"pa_packaging-tartaly-930-l-hu-76","17":"first","18":"instock","19":"shipping-taxable","20":"purchasable","21":"product-type-variable"},"_links":{"self":[{"href":"https:\/\/climalife.com\/hu\/wp-json\/wp\/v2\/product\/161652","targetHints":{"allow":["GET"]}}],"collection":[{"href":"https:\/\/climalife.com\/hu\/wp-json\/wp\/v2\/product"}],"about":[{"href":"https:\/\/climalife.com\/hu\/wp-json\/wp\/v2\/types\/product"}],"replies":[{"embeddable":true,"href":"https:\/\/climalife.com\/hu\/wp-json\/wp\/v2\/comments?post=161652"}],"wp:featuredmedia":[{"embeddable":true,"href":"https:\/\/climalife.com\/hu\/wp-json\/wp\/v2\/media\/190600"}],"wp:attachment":[{"href":"https:\/\/climalife.com\/hu\/wp-json\/wp\/v2\/media?parent=161652"}],"wp:term":[{"taxonomy":"countries","embeddable":true,"href":"https:\/\/climalife.com\/hu\/wp-json\/wp\/v2\/countries?post=161652"},{"taxonomy":"product_brand","embeddable":true,"href":"https:\/\/climalife.com\/hu\/wp-json\/wp\/v2\/product_brand?post=161652"},{"taxonomy":"product_cat","embeddable":true,"href":"https:\/\/climalife.com\/hu\/wp-json\/wp\/v2\/product_cat?post=161652"},{"taxonomy":"product_tag","embeddable":true,"href":"https:\/\/climalife.com\/hu\/wp-json\/wp\/v2\/product_tag?post=161652"}],"curies":[{"name":"wp","href":"https:\/\/api.w.org\/{rel}","templated":true}]}}