{"id":161688,"date":"2022-09-28T17:53:47","date_gmt":"2022-09-28T17:53:47","guid":{"rendered":"http:\/\/climalife.com\/product\/bacharach-mrv-300-telepitett-szivargaseszlelo\/"},"modified":"2024-01-25T13:52:48","modified_gmt":"2024-01-25T13:52:48","slug":"bacharach-mvr-300-telepitett-szivargaseszlelo","status":"publish","type":"product","link":"https:\/\/climalife.com\/hu\/product\/bacharach-mvr-300-telepitett-szivargaseszlelo\/","title":{"rendered":"MVR-300 telep\u00edtett sziv\u00e1rg\u00e1s\u00e9szlel\u0151"},"content":{"rendered":"<div id=\"reference-content\" class=\"textarea mce-content-body\">\n<p>Az MVR-300 \u00e9rz\u00e9keli a nagy h\u0171t\u0151k\u00f6zeg-t\u00e9rfogat\u00fa h\u0171t\u0151- \u00e9s f\u0171t\u0151berendez\u00e9sekben alkalmazott h\u0171t\u0151k\u00f6zegeket, mint a VRF \/ VRV (v\u00e1ltoz\u00f3 h\u0171t\u0151k\u00f6zeg\u00e1raml\u00e1s \/ v\u00e1ltoz\u00f3 h\u0171t\u0151k\u00f6zeg t\u00e9rfogat) rendszerekben. <span id=\"result_box\" class=\"\" lang=\"hu\"><span class=\"\">Ide\u00e1lis megold\u00e1s a h\u0171t\u0151k\u00f6zegek \u00e9rz\u00e9kel\u00e9s\u00e9re a sz\u00e1llodai szob\u00e1kban, koll\u00e9giumokban, k\u00f3rh\u00e1zakban, irod\u00e1kban vagy b\u00e1rmely m\u00e1s lakott helyis\u00e9gben. <\/span><\/span>A hanggal j\u00e1r\u00f3 \u00e9s a vizu\u00e1lis riaszt\u00e1sok figyelmeztetik az \u00e9rintetteket, \u00e9s egyidej\u0171leg kommunik\u00e1lnak az \u00e9p\u00fcletfel\u00fcgyeleti rendszerekkel (BMS\/BAS). K\u00e9t bels\u0151 rel\u00e9 (alacsony \u00e9s magas szint\u0171 riaszt\u00e1sok) haszn\u00e1lhat\u00f3 a szelepek lez\u00e1r\u00e1s\u00e1ra, riaszt\u00e1sok aktiv\u00e1l\u00e1s\u00e1ra, p\u00e1raelsz\u00edv\u00f3k aktiv\u00e1l\u00e1s\u00e1ra vagy v\u00e9szh\u00edv\u00e1s kezdem\u00e9nyez\u00e9s\u00e9re.<\/p>\n<p>Az integr\u00e1lt Modbus interf\u00e9sz val\u00f3s idej\u0171 inform\u00e1ci\u00f3t ny\u00fajt az \u00e9rz\u00e9kelt h\u0171t\u0151k\u00f6zeg-koncentr\u00e1ci\u00f3kr\u00f3l, \u00e1llapotr\u00f3l \u00e9s a be\u00e1ll\u00edt\u00e1si param\u00e9terekr\u0151l. Ezenk\u00edv\u00fcl a speci\u00e1lis alkalmaz\u00e1sokt\u00f3l f\u00fcgg\u0151en az egyedi konfigur\u00e1ci\u00f3 is alkalmazhat\u00f3, t\u00f6bb Modbus regiszterrel.<\/p>\n<p>Az egyszer\u0171en telep\u00edthet\u0151 MVR-300 k\u00e9sz\u00fcl\u00e9ket k\u00f6nny\u0171 karbantart\u00e1sra tervezt\u00e9k, \u00e9s a be\u00e1ll\u00edt\u00e1sokat egy m\u00e1gneses tollal lehet a k\u00e9sz\u00fcl\u00e9k el\u0151lapj\u00e1n elv\u00e9gezni.<\/p>\n<\/div>\n","protected":false},"excerpt":{"rendered":"<p>A Bacharach MVR-300 egy \u00faj h\u0171t\u0151k\u00f6zeg-\u00e9rz\u00e9kel\u0151 berendez\u00e9s, melyet a lakott terek sz\u00e1m\u00e1ra fejlesztettek. N\u00f6veli a biztons\u00e1got, a jogszab\u00e1lyoknak val\u00f3 megfelel\u00e9st \u00e9s a HVAC berendez\u00e9sek hat\u00e9konys\u00e1g\u00e1t.<\/p>\n","protected":false},"featured_media":122112,"comment_status":"open","ping_status":"closed","template":"","meta":[],"countries":[4674,4709,4756,4760,4804,4813,4831,4862],"product_brand":[],"product_cat":[9987,9949,9967,9994,13061,13096,9265],"product_tag":[],"class_list":{"0":"post-161688","1":"product","2":"type-product","3":"status-publish","4":"has-post-thumbnail","6":"countries-by","7":"countries-cu","8":"countries-ir","9":"countries-it","10":"countries-nl","11":"countries-kp","12":"countries-ru","13":"countries-sy","14":"product_cat-repulestechnika-urhajozas-vedelem","15":"product_cat-epuletek","16":"product_cat-egeszseg-jolet","17":"product_cat-egyeb-iparagak","18":"product_cat-legkondicionalas","19":"product_cat-futes","20":"product_cat-telepitett","22":"first","23":"instock","24":"shipping-taxable","25":"purchasable","26":"product-type-variable"},"_links":{"self":[{"href":"https:\/\/climalife.com\/hu\/wp-json\/wp\/v2\/product\/161688","targetHints":{"allow":["GET"]}}],"collection":[{"href":"https:\/\/climalife.com\/hu\/wp-json\/wp\/v2\/product"}],"about":[{"href":"https:\/\/climalife.com\/hu\/wp-json\/wp\/v2\/types\/product"}],"replies":[{"embeddable":true,"href":"https:\/\/climalife.com\/hu\/wp-json\/wp\/v2\/comments?post=161688"}],"wp:featuredmedia":[{"embeddable":true,"href":"https:\/\/climalife.com\/hu\/wp-json\/wp\/v2\/media\/122112"}],"wp:attachment":[{"href":"https:\/\/climalife.com\/hu\/wp-json\/wp\/v2\/media?parent=161688"}],"wp:term":[{"taxonomy":"countries","embeddable":true,"href":"https:\/\/climalife.com\/hu\/wp-json\/wp\/v2\/countries?post=161688"},{"taxonomy":"product_brand","embeddable":true,"href":"https:\/\/climalife.com\/hu\/wp-json\/wp\/v2\/product_brand?post=161688"},{"taxonomy":"product_cat","embeddable":true,"href":"https:\/\/climalife.com\/hu\/wp-json\/wp\/v2\/product_cat?post=161688"},{"taxonomy":"product_tag","embeddable":true,"href":"https:\/\/climalife.com\/hu\/wp-json\/wp\/v2\/product_tag?post=161688"}],"curies":[{"name":"wp","href":"https:\/\/api.w.org\/{rel}","templated":true}]}}