{"id":161706,"date":"2022-09-28T17:54:04","date_gmt":"2022-09-28T17:54:04","guid":{"rendered":"http:\/\/climalife.com\/product\/r-32\/"},"modified":"2025-08-12T13:11:41","modified_gmt":"2025-08-12T13:11:41","slug":"r-32","status":"publish","type":"product","link":"https:\/\/climalife.com\/hu\/product\/r-32\/","title":{"rendered":"R-32"},"content":{"rendered":"<p>Ezzel a h\u0171t\u0151k\u00f6zeggel nem helyettes\u00edthet\u0151k a m\u00e1r megl\u00e9v\u0151 berendez\u00e9sek h\u0171t\u0151k\u00f6zegei. A HFC \u00e9s HFO kever\u00e9kek egyik \u00f6sszetev\u0151jek\u00e9nt is haszn\u00e1lj\u00e1k.<\/p>\n","protected":false},"excerpt":{"rendered":"<p>Az R-32 egy alacsony GWP-j\u0171 fluorozott sz\u00e9nhidrog\u00e9n (HFC). Az EN 378-2017-es szabv\u00e1ny szerint az A2L-es kateg\u00f3ri\u00e1ba (enyh\u00e9n gy\u00fal\u00e9kony) sorolt. Kis kl\u00edmaberendez\u00e9sekben haszn\u00e1lhat\u00f3, az EN 378-as szabv\u00e1ny k\u00f6vetelm\u00e9nyeinek megfelel\u0151 t\u00f6ltettel.<\/p>\n","protected":false},"featured_media":190677,"comment_status":"open","ping_status":"closed","template":"","meta":[],"countries":[4674,4709,4756,4813,4831,4862],"product_brand":[],"product_cat":[9949,13096,9446,13061],"product_tag":[],"class_list":{"0":"post-161706","1":"product","2":"type-product","3":"status-publish","4":"has-post-thumbnail","6":"countries-by","7":"countries-cu","8":"countries-ir","9":"countries-kp","10":"countries-ru","11":"countries-sy","12":"product_cat-epuletek","13":"product_cat-futes","14":"product_cat-hfc-hu-33","15":"product_cat-legkondicionalas","16":"pa_packaging-palack-12-l-hu-92","18":"first","19":"instock","20":"shipping-taxable","21":"purchasable","22":"product-type-variable"},"_links":{"self":[{"href":"https:\/\/climalife.com\/hu\/wp-json\/wp\/v2\/product\/161706","targetHints":{"allow":["GET"]}}],"collection":[{"href":"https:\/\/climalife.com\/hu\/wp-json\/wp\/v2\/product"}],"about":[{"href":"https:\/\/climalife.com\/hu\/wp-json\/wp\/v2\/types\/product"}],"replies":[{"embeddable":true,"href":"https:\/\/climalife.com\/hu\/wp-json\/wp\/v2\/comments?post=161706"}],"wp:featuredmedia":[{"embeddable":true,"href":"https:\/\/climalife.com\/hu\/wp-json\/wp\/v2\/media\/190677"}],"wp:attachment":[{"href":"https:\/\/climalife.com\/hu\/wp-json\/wp\/v2\/media?parent=161706"}],"wp:term":[{"taxonomy":"countries","embeddable":true,"href":"https:\/\/climalife.com\/hu\/wp-json\/wp\/v2\/countries?post=161706"},{"taxonomy":"product_brand","embeddable":true,"href":"https:\/\/climalife.com\/hu\/wp-json\/wp\/v2\/product_brand?post=161706"},{"taxonomy":"product_cat","embeddable":true,"href":"https:\/\/climalife.com\/hu\/wp-json\/wp\/v2\/product_cat?post=161706"},{"taxonomy":"product_tag","embeddable":true,"href":"https:\/\/climalife.com\/hu\/wp-json\/wp\/v2\/product_tag?post=161706"}],"curies":[{"name":"wp","href":"https:\/\/api.w.org\/{rel}","templated":true}]}}