{"id":161754,"date":"2022-09-28T17:54:42","date_gmt":"2022-09-28T17:54:42","guid":{"rendered":"http:\/\/climalife.com\/product\/frionett-power-ultra-rtu\/"},"modified":"2026-03-10T13:46:45","modified_gmt":"2026-03-10T13:46:45","slug":"frionett-power-ultra-rtu","status":"publish","type":"product","link":"https:\/\/climalife.com\/hu\/product\/frionett-power-ultra-rtu\/","title":{"rendered":"Frionett\u00ae Power Ultra RTU"},"content":{"rendered":"<p>Ez a l\u00fagos zs\u00edrold\u00f3 h\u0171t\u0151- \u00e9s kl\u00edmaberendez\u00e9sek r\u00e9szeinek ipari tiszt\u00edt\u00e1sra szolg\u00e1l: h\u0151cser\u00e9l\u0151k (elp\u00e1rologtat\u00f3k, kondenz\u00e1torok), ventil\u00e1torok, stb.<\/p>\n<p>A tiszt\u00edt\u00e1shoz a berendez\u00e9s sz\u00e9tszerel\u00e9se nem sz\u00fcks\u00e9ges. A felvitelt k\u00f6vet\u0151 5 perc eltelt\u00e9vel \u00f6bl\u00edtse le a fel\u00fcletet.<\/p>\n<p>A term\u00e9k tiszt\u00edt\u00f3 \u00e9s zs\u00edrold\u00f3 hat\u00e1s\u00e1nak k\u00f6sz\u00f6nhet\u0151en elt\u00e1vol\u00edtja a port, a zs\u00edrt \u00e9s az egy\u00e9b szennyez\u0151d\u00e9seket, \u00edgy lehet\u0151v\u00e9 teszi a h\u0151cser\u00e9l\u0151k h\u0151\u00e1tad\u00e1s\u00e1nak optimaliz\u00e1l\u00e1s\u00e1t, \u00e9s eredeti teljes\u00edtm\u00e9ny\u00fcknek helyre\u00e1ll\u00edt\u00e1s\u00e1t.<\/p>\n<p>&nbsp;<\/p>\n<p><strong>Frionett\u00ae Power Ultra RTU<\/strong>: felhaszn\u00e1l\u00e1sra k\u00e9sz term\u00e9k<\/p>\n<p>&nbsp;<\/p>\n<p><strong>FELHASZN\u00c1L\u00c1S<\/strong><\/p>\n<p>A <strong>Frionett\u00ae Power Ultra RTU<\/strong>\u00a0 felhaszn\u00e1l\u00e1sra k\u00e9sz term\u00e9k.<\/p>\n<p>Alkalmazza a szert k\u00f6zvetlen\u00fcl a tiszt\u00edtand\u00f3 fel\u00fcletre, \u00fagy, hogy az anyag teljesen befedje a fel\u00fcletet. Hagyja 5 percig hatni, majd v\u00edzzel \u00f6bl\u00edtse le.<\/p>\n<p>Sz\u00fcks\u00e9g eset\u00e9n ism\u00e9telje meg a m\u0171veletet.<\/p>\n","protected":false},"excerpt":{"rendered":"<p>A Frionett\u00ae Power Ultra RTU\u00a0er\u0151teljes, enyh\u00e9n illatos\u00edtott, b\u00e1rmely sima fel\u00fcleten alkalmazhat\u00f3 univerz\u00e1lis zs\u00edrold\u00f3.<\/p>\n","protected":false},"featured_media":118233,"comment_status":"open","ping_status":"closed","template":"","meta":[],"countries":[4674,4709,4756,4813,4831,4862],"product_brand":[],"product_cat":[9987,9976,9949,9940,9967,9994,13061,13096,13130,9563],"product_tag":[],"class_list":{"0":"post-161754","1":"product","2":"type-product","3":"status-publish","4":"has-post-thumbnail","6":"countries-by","7":"countries-cu","8":"countries-ir","9":"countries-kp","10":"countries-ru","11":"countries-sy","12":"product_cat-repulestechnika-urhajozas-vedelem","13":"product_cat-autoipar-kozlekedes","14":"product_cat-epuletek","15":"product_cat-elelmiszeripar","16":"product_cat-egeszseg-jolet","17":"product_cat-egyeb-iparagak","18":"product_cat-legkondicionalas","19":"product_cat-futes","20":"product_cat-hutestechnika","21":"product_cat-hutoberendezesek-kulso-tisztitasa","22":"pa_packaging-felhasznalasra-kesz-750-ml-es-szorofejes-flakon-hu-231","24":"first","25":"instock","26":"shipping-taxable","27":"purchasable","28":"product-type-variable"},"_links":{"self":[{"href":"https:\/\/climalife.com\/hu\/wp-json\/wp\/v2\/product\/161754","targetHints":{"allow":["GET"]}}],"collection":[{"href":"https:\/\/climalife.com\/hu\/wp-json\/wp\/v2\/product"}],"about":[{"href":"https:\/\/climalife.com\/hu\/wp-json\/wp\/v2\/types\/product"}],"replies":[{"embeddable":true,"href":"https:\/\/climalife.com\/hu\/wp-json\/wp\/v2\/comments?post=161754"}],"wp:featuredmedia":[{"embeddable":true,"href":"https:\/\/climalife.com\/hu\/wp-json\/wp\/v2\/media\/118233"}],"wp:attachment":[{"href":"https:\/\/climalife.com\/hu\/wp-json\/wp\/v2\/media?parent=161754"}],"wp:term":[{"taxonomy":"countries","embeddable":true,"href":"https:\/\/climalife.com\/hu\/wp-json\/wp\/v2\/countries?post=161754"},{"taxonomy":"product_brand","embeddable":true,"href":"https:\/\/climalife.com\/hu\/wp-json\/wp\/v2\/product_brand?post=161754"},{"taxonomy":"product_cat","embeddable":true,"href":"https:\/\/climalife.com\/hu\/wp-json\/wp\/v2\/product_cat?post=161754"},{"taxonomy":"product_tag","embeddable":true,"href":"https:\/\/climalife.com\/hu\/wp-json\/wp\/v2\/product_tag?post=161754"}],"curies":[{"name":"wp","href":"https:\/\/api.w.org\/{rel}","templated":true}]}}