{"id":161773,"date":"2022-09-28T17:54:59","date_gmt":"2022-09-28T17:54:59","guid":{"rendered":"http:\/\/climalife.com\/product\/neutragel-neo-koncentratum\/"},"modified":"2026-02-06T07:35:13","modified_gmt":"2026-02-06T07:35:13","slug":"neutragel-neo-koncentratum","status":"publish","type":"product","link":"https:\/\/climalife.com\/hu\/product\/neutragel-neo-koncentratum\/","title":{"rendered":"Neutragel\u00ae Neo koncentr\u00e1tum"},"content":{"rendered":"<p>A <strong>NEUTRAGEL\u00ae NEO<\/strong> v\u00edzzel val\u00f3 h\u00edg\u00edt\u00e1sakor a keletkezett oldat nagyon hat\u00e9kony v\u00e9delmet ny\u00fajt fagyvesz\u00e9ly ellen valamint fokozott v\u00e9delmet \u00faj \u00e9s haszn\u00e1lt rendszerekben tal\u00e1lhat\u00f3 f\u00e9mek (ac\u00e9l, alum\u00ednium, v\u00f6r\u00f6sr\u00e9z, s\u00e1rgar\u00e9z, forraszt\u00e1s, stb.) korr\u00f3zi\u00f3ja ellen. Ezt a v\u00e9delmet sz\u00e1mos statikus \u00e9s dinamikus teszt bizony\u00edtja.<\/p>\n<p>&nbsp;<\/p>\n<p>A <strong>NEUTRAGEL<sup>\u00ae<\/sup> NEO<\/strong> nem tartalmaz b\u00f3rax-ot, amely nemr\u00e9giben m\u00e9rgez\u0151 besorol\u00e1st kapott, a 30. ATP (European Adaptation to Technical Progress) fel\u00fclvizsg\u00e1laton.<\/p>\n<p>A <strong>NEUTRAGEL<sup>\u00ae<\/sup> NEO <\/strong>alkalmazott un. szerves korr\u00f3zi\u00f3 g\u00e1tl\u00f3 technol\u00f3gia semleges\u00edtett karboxilsavakat tartalmaz foszf\u00e1tok, nitritek \u00e9s aminok n\u00e9lk\u00fcl. Ezek a korr\u00f3zi\u00f3g\u00e1tl\u00f3 anyagok hosszantart\u00f3 v\u00e9delmet biztos\u00edtanak.<\/p>\n","protected":false},"excerpt":{"rendered":"<p>A NEUTRAGEL<sup>\u00ae<\/sup> NEO monoetil\u00e9n-glikol \u00e9s korrozi\u00f3g\u00e1tl\u00f3 adal\u00e9kokat tartalmaz\u00f3, koncentr\u00e1lt k\u00f6zvet\u00edt\u0151k\u00f6zeg, mely k\u00fcl\u00f6n\u00f6sen alkalmas nagyteljes\u00edtm\u00e9ny\u0171 ipari h\u0171t\u0151\u00adberen\u00addez\u00e9sekhez \u00e9s vizes k\u00f6zponti f\u0171t\u00e9srendszerekhez. Nem enged\u00e9lyezett egy l\u00e9pcs\u0151s haszn\u00e1lati melegv\u00edz el\u0151\u00e1ll\u00edt\u00e1s\u00e1ra.<\/p>\n","protected":false},"featured_media":198415,"comment_status":"open","ping_status":"closed","template":"","meta":[],"countries":[4674,4709,4756,4813,4831,4862],"product_brand":[],"product_cat":[9967,9994,9940,9958,9949,13130,13061,13527,9987,13087],"product_tag":[],"class_list":{"0":"post-161773","1":"product","2":"type-product","3":"status-publish","4":"has-post-thumbnail","6":"countries-by","7":"countries-cu","8":"countries-ir","9":"countries-kp","10":"countries-ru","11":"countries-sy","12":"product_cat-egeszseg-jolet","13":"product_cat-egyeb-iparagak","14":"product_cat-elelmiszeripar","15":"product_cat-energia","16":"product_cat-epuletek","17":"product_cat-hutestechnika","18":"product_cat-legkondicionalas","19":"product_cat-meg-hu","20":"product_cat-repulestechnika-urhajozas-vedelem","21":"product_cat-tuzvedelem","22":"pa_packaging-hordo-210-i-hu-28","23":"pa_packaging-kanna-20-l-hu-36","24":"pa_packaging-tartaly-1000-kg-hu-139","25":"pa_packaging-tartalyautos-10-tonna-hu-140","26":"pa_packaging-tartalyautos20-tonna-hu-141","28":"first","29":"instock","30":"shipping-taxable","31":"purchasable","32":"product-type-variable"},"_links":{"self":[{"href":"https:\/\/climalife.com\/hu\/wp-json\/wp\/v2\/product\/161773","targetHints":{"allow":["GET"]}}],"collection":[{"href":"https:\/\/climalife.com\/hu\/wp-json\/wp\/v2\/product"}],"about":[{"href":"https:\/\/climalife.com\/hu\/wp-json\/wp\/v2\/types\/product"}],"replies":[{"embeddable":true,"href":"https:\/\/climalife.com\/hu\/wp-json\/wp\/v2\/comments?post=161773"}],"wp:featuredmedia":[{"embeddable":true,"href":"https:\/\/climalife.com\/hu\/wp-json\/wp\/v2\/media\/198415"}],"wp:attachment":[{"href":"https:\/\/climalife.com\/hu\/wp-json\/wp\/v2\/media?parent=161773"}],"wp:term":[{"taxonomy":"countries","embeddable":true,"href":"https:\/\/climalife.com\/hu\/wp-json\/wp\/v2\/countries?post=161773"},{"taxonomy":"product_brand","embeddable":true,"href":"https:\/\/climalife.com\/hu\/wp-json\/wp\/v2\/product_brand?post=161773"},{"taxonomy":"product_cat","embeddable":true,"href":"https:\/\/climalife.com\/hu\/wp-json\/wp\/v2\/product_cat?post=161773"},{"taxonomy":"product_tag","embeddable":true,"href":"https:\/\/climalife.com\/hu\/wp-json\/wp\/v2\/product_tag?post=161773"}],"curies":[{"name":"wp","href":"https:\/\/api.w.org\/{rel}","templated":true}]}}