{"id":161782,"date":"2022-09-28T17:55:08","date_gmt":"2022-09-28T17:55:08","guid":{"rendered":"http:\/\/climalife.com\/product\/lefejto-tartaly\/"},"modified":"2024-01-25T13:52:40","modified_gmt":"2024-01-25T13:52:40","slug":"lefejto-tartaly","status":"publish","type":"product","link":"https:\/\/climalife.com\/hu\/product\/lefejto-tartaly\/","title":{"rendered":"Lefejt\u0151 tart\u00e1ly"},"content":{"rendered":"","protected":false},"excerpt":{"rendered":"<p>B\u00e9relhet\u0151<\/p>\n","protected":false},"featured_media":107478,"comment_status":"open","ping_status":"closed","template":"","meta":[],"countries":[4674,4709,4756,4813,4831,4862],"product_brand":[],"product_cat":[9987,9976,9949,9958,9940,9967,9994,13061,13078,13096,13114,13130,13139,13255],"product_tag":[],"class_list":{"0":"post-161782","1":"product","2":"type-product","3":"status-publish","4":"has-post-thumbnail","6":"countries-by","7":"countries-cu","8":"countries-ir","9":"countries-kp","10":"countries-ru","11":"countries-sy","12":"product_cat-repulestechnika-urhajozas-vedelem","13":"product_cat-autoipar-kozlekedes","14":"product_cat-epuletek","15":"product_cat-energia","16":"product_cat-elelmiszeripar","17":"product_cat-egeszseg-jolet","18":"product_cat-egyeb-iparagak","19":"product_cat-legkondicionalas","20":"product_cat-szetszereles-megsemmisites","21":"product_cat-futes","22":"product_cat-orc-szerves-rankine-ciklus","23":"product_cat-hutestechnika","24":"product_cat-megujulo-energia","25":"product_cat-hutokozeg-visszanyerese","26":"pa_packaging-tartaly-930-l-hu-76","28":"first","29":"instock","30":"shipping-taxable","31":"purchasable","32":"product-type-variable"},"_links":{"self":[{"href":"https:\/\/climalife.com\/hu\/wp-json\/wp\/v2\/product\/161782","targetHints":{"allow":["GET"]}}],"collection":[{"href":"https:\/\/climalife.com\/hu\/wp-json\/wp\/v2\/product"}],"about":[{"href":"https:\/\/climalife.com\/hu\/wp-json\/wp\/v2\/types\/product"}],"replies":[{"embeddable":true,"href":"https:\/\/climalife.com\/hu\/wp-json\/wp\/v2\/comments?post=161782"}],"wp:featuredmedia":[{"embeddable":true,"href":"https:\/\/climalife.com\/hu\/wp-json\/wp\/v2\/media\/107478"}],"wp:attachment":[{"href":"https:\/\/climalife.com\/hu\/wp-json\/wp\/v2\/media?parent=161782"}],"wp:term":[{"taxonomy":"countries","embeddable":true,"href":"https:\/\/climalife.com\/hu\/wp-json\/wp\/v2\/countries?post=161782"},{"taxonomy":"product_brand","embeddable":true,"href":"https:\/\/climalife.com\/hu\/wp-json\/wp\/v2\/product_brand?post=161782"},{"taxonomy":"product_cat","embeddable":true,"href":"https:\/\/climalife.com\/hu\/wp-json\/wp\/v2\/product_cat?post=161782"},{"taxonomy":"product_tag","embeddable":true,"href":"https:\/\/climalife.com\/hu\/wp-json\/wp\/v2\/product_tag?post=161782"}],"curies":[{"name":"wp","href":"https:\/\/api.w.org\/{rel}","templated":true}]}}