{"id":161886,"date":"2022-09-28T17:56:32","date_gmt":"2022-09-28T17:56:32","guid":{"rendered":"http:\/\/climalife.com\/product\/r-123\/"},"modified":"2025-08-13T16:50:22","modified_gmt":"2025-08-13T16:50:22","slug":"r-123","status":"publish","type":"product","link":"https:\/\/climalife.com\/hu\/product\/r-123\/","title":{"rendered":"R-123"},"content":{"rendered":"<p>Az ipari- illetve \u00e9p\u00fcletklimatiz\u00e1l\u00e1s ter\u00fclet\u00e9n v\u00edz- \u00e9s folyad\u00e9kh\u0171t\u0151kh\u00f6z alkalmazott nagy teljes\u00edtm\u00e9ny\u0171 egy vagy t\u00f6bb fokozat\u00fa turbokompresszoros alkalmaz\u00e1sokn\u00e1l az R11 (CFC) kiv\u00e1lt\u00e1s\u00e1ra haszn\u00e1lhat\u00f3 anyag. A sztratoszf\u00e9rikus \u00f3zonr\u00e9teg meg\u00f3v\u00e1sa \u00e9rdek\u00e9ben az R-123-at az R-11 (CFC) helyettes\u00edt\u0151jek\u00e9nt haszn\u00e1lhat\u00f3.<\/p>\n","protected":false},"excerpt":{"rendered":"<p>Az R-123 a Montre\u00e1li Egyezm\u00e9ny \u00e1ltal szab\u00e1lyozott HCFC \u201ehidroclorofluorcarbon&#8221; t\u00edpus\u00fa \u00e1tmeneti helyettes\u00edt\u0151 anyag.<\/p>\n","protected":false},"featured_media":107478,"comment_status":"open","ping_status":"closed","template":"","meta":[],"countries":[4652,4657,4660,4668,4674,4675,4681,4683,4688,4708,4709,4710,4711,4713,4722,4651,4725,4727,4728,4729,4730,4731,4732,4736,4739,4740,4752,4753,4756,4758,4760,9125,4770,4775,4776,4777,4779,4785,4794,4796,4804,4813,4815,4826,4827,4893,4831,4839,4843,4847,4848,4854,4858,4860,4861,4862,4873,4880,4886],"product_brand":[],"product_cat":[9949,13061,13114,9329],"product_tag":[],"class_list":{"0":"post-161886","1":"product","2":"type-product","3":"status-publish","4":"has-post-thumbnail","6":"countries-al","7":"countries-ad","8":"countries-aq","9":"countries-at","10":"countries-by","11":"countries-be","12":"countries-ba","13":"countries-bv","14":"countries-bg","15":"countries-hr","16":"countries-cu","17":"countries-cy","18":"countries-cz","19":"countries-dk","20":"countries-ee","21":"countries-europe","22":"countries-fo","23":"countries-fi","24":"countries-fr","25":"countries-fr-gf-gp-mq-yt-re","26":"countries-gn","27":"countries-pf","28":"countries-tf","29":"countries-de","30":"countries-gr","31":"countries-gl","32":"countries-hu","33":"countries-is","34":"countries-ir","35":"countries-ie","36":"countries-it","37":"countries-xk","38":"countries-lv","39":"countries-li","40":"countries-lt","41":"countries-lu","42":"countries-mk","43":"countries-mt","44":"countries-mc","45":"countries-me","46":"countries-nl","47":"countries-kp","48":"countries-no","49":"countries-pl","50":"countries-pt","51":"countries-ro","52":"countries-ru","53":"countries-sm","54":"countries-rs","55":"countries-sk","56":"countries-si","57":"countries-es","58":"countries-sj","59":"countries-se","60":"countries-ch","61":"countries-sy","62":"countries-tr","63":"countries-gb","64":"countries-va","65":"product_cat-epuletek","66":"product_cat-legkondicionalas","67":"product_cat-orc-szerves-rankine-ciklus","68":"product_cat-hcfc-hutokozegek","69":"pa_packaging-hordo-30-i-hu-26","71":"first","72":"instock","73":"shipping-taxable","74":"purchasable","75":"product-type-variable"},"_links":{"self":[{"href":"https:\/\/climalife.com\/hu\/wp-json\/wp\/v2\/product\/161886","targetHints":{"allow":["GET"]}}],"collection":[{"href":"https:\/\/climalife.com\/hu\/wp-json\/wp\/v2\/product"}],"about":[{"href":"https:\/\/climalife.com\/hu\/wp-json\/wp\/v2\/types\/product"}],"replies":[{"embeddable":true,"href":"https:\/\/climalife.com\/hu\/wp-json\/wp\/v2\/comments?post=161886"}],"wp:featuredmedia":[{"embeddable":true,"href":"https:\/\/climalife.com\/hu\/wp-json\/wp\/v2\/media\/107478"}],"wp:attachment":[{"href":"https:\/\/climalife.com\/hu\/wp-json\/wp\/v2\/media?parent=161886"}],"wp:term":[{"taxonomy":"countries","embeddable":true,"href":"https:\/\/climalife.com\/hu\/wp-json\/wp\/v2\/countries?post=161886"},{"taxonomy":"product_brand","embeddable":true,"href":"https:\/\/climalife.com\/hu\/wp-json\/wp\/v2\/product_brand?post=161886"},{"taxonomy":"product_cat","embeddable":true,"href":"https:\/\/climalife.com\/hu\/wp-json\/wp\/v2\/product_cat?post=161886"},{"taxonomy":"product_tag","embeddable":true,"href":"https:\/\/climalife.com\/hu\/wp-json\/wp\/v2\/product_tag?post=161886"}],"curies":[{"name":"wp","href":"https:\/\/api.w.org\/{rel}","templated":true}]}}