{"id":161915,"date":"2022-09-28T17:56:55","date_gmt":"2022-09-28T17:56:55","guid":{"rendered":"http:\/\/climalife.com\/product\/mobil-gargoyle-arctic\/"},"modified":"2024-01-25T13:52:36","modified_gmt":"2024-01-25T13:52:36","slug":"mobil-gargoyle-arctic","status":"publish","type":"product","link":"https:\/\/climalife.com\/hu\/product\/mobil-gargoyle-arctic\/","title":{"rendered":"Mobil Gargoyle Arctic"},"content":{"rendered":"","protected":false},"excerpt":{"rendered":"<p>Tiszt\u00e1n naft\u00e9n b\u00e1zis\u00fa, old\u00f3szeres finom\u00edt\u00e1s\u00fa \u00e1sv\u00e1nyolajok, h\u0171t\u0151kompresszorok ken\u00e9s\u00e9re.<\/p>\n","protected":false},"featured_media":210749,"comment_status":"open","ping_status":"closed","template":"","meta":[],"countries":[4674,4709,4756,4813,4831,4862],"product_brand":[],"product_cat":[9987,9976,9949,9958,9940,9967,9994,13061,13096,13130,9347],"product_tag":[],"class_list":{"0":"post-161915","1":"product","2":"type-product","3":"status-publish","4":"has-post-thumbnail","6":"countries-by","7":"countries-cu","8":"countries-ir","9":"countries-kp","10":"countries-ru","11":"countries-sy","12":"product_cat-repulestechnika-urhajozas-vedelem","13":"product_cat-autoipar-kozlekedes","14":"product_cat-epuletek","15":"product_cat-energia","16":"product_cat-elelmiszeripar","17":"product_cat-egeszseg-jolet","18":"product_cat-egyeb-iparagak","19":"product_cat-legkondicionalas","20":"product_cat-futes","21":"product_cat-hutestechnika","22":"product_cat-asvanyi-olajok","23":"pa_packaging-hordo-208-l-hu-49","24":"pa_packaging-kanna-20-l-hu-36","26":"first","27":"instock","28":"shipping-taxable","29":"purchasable","30":"product-type-variable"},"_links":{"self":[{"href":"https:\/\/climalife.com\/hu\/wp-json\/wp\/v2\/product\/161915","targetHints":{"allow":["GET"]}}],"collection":[{"href":"https:\/\/climalife.com\/hu\/wp-json\/wp\/v2\/product"}],"about":[{"href":"https:\/\/climalife.com\/hu\/wp-json\/wp\/v2\/types\/product"}],"replies":[{"embeddable":true,"href":"https:\/\/climalife.com\/hu\/wp-json\/wp\/v2\/comments?post=161915"}],"wp:featuredmedia":[{"embeddable":true,"href":"https:\/\/climalife.com\/hu\/wp-json\/wp\/v2\/media\/210749"}],"wp:attachment":[{"href":"https:\/\/climalife.com\/hu\/wp-json\/wp\/v2\/media?parent=161915"}],"wp:term":[{"taxonomy":"countries","embeddable":true,"href":"https:\/\/climalife.com\/hu\/wp-json\/wp\/v2\/countries?post=161915"},{"taxonomy":"product_brand","embeddable":true,"href":"https:\/\/climalife.com\/hu\/wp-json\/wp\/v2\/product_brand?post=161915"},{"taxonomy":"product_cat","embeddable":true,"href":"https:\/\/climalife.com\/hu\/wp-json\/wp\/v2\/product_cat?post=161915"},{"taxonomy":"product_tag","embeddable":true,"href":"https:\/\/climalife.com\/hu\/wp-json\/wp\/v2\/product_tag?post=161915"}],"curies":[{"name":"wp","href":"https:\/\/api.w.org\/{rel}","templated":true}]}}