{"id":161970,"date":"2022-09-28T17:57:34","date_gmt":"2022-09-28T17:57:34","guid":{"rendered":"http:\/\/climalife.com\/product\/novaspray-hfo-1234ze-dme-60-40\/"},"modified":"2024-10-11T09:07:11","modified_gmt":"2024-10-11T09:07:11","slug":"novaspray-hfo-1234ze-dme-60-40","status":"publish","type":"product","link":"https:\/\/climalife.com\/hu\/product\/novaspray-hfo-1234ze-dme-60-40\/","title":{"rendered":"NovaSpray\u2122 HFO 1234ze\/DME (60\/40)"},"content":{"rendered":"<p>A Novaspray HFO 1234ze\/DME (60\/40) a fluorozott term\u00e9kek 4. gener\u00e1ci\u00f3j\u00e1n alapul\u00f3 kever\u00e9k. Megfelel a HFC helyettes\u00edt\u00e9s\u00e9re vonatkoz\u00f3 k\u00f6rnyezetv\u00e9delmi el\u0151\u00edr\u00e1soknak.<\/p>\n<p>Nincs hat\u00e1sa az \u00f3zonr\u00e9tegre, \u00e9s az \u00fcvegh\u00e1zhat\u00e1sra gyakorolt hat\u00e1sa nagyon alacsony (GWP = 4,6). Ez\u00e9rt az F-g\u00e1z I. (842\/2006\/EK rendelet) \u00e9s az F-g\u00e1z II. (517\/2014\/EK rendelet) nem vonatkozik r\u00e1.<\/p>\n","protected":false},"excerpt":{"rendered":"<p>A NovaSpray HFO 1234ze\/DME (60\/40) a NovaSpray HFO 1234ze \u00e9s a NovaSpray DME kever\u00e9ke aeroszol min\u0151s\u00e9gben. \u00c1lland\u00f3 min\u0151s\u00e9g\u00e9vel \u00e9s ellen\u0151rz\u00f6tt nyom\u00e1s\u00e1val megfelel a cseppfoly\u00f3s\u00edtott hajt\u00f3anyaggal szemben t\u00e1masztott valamennyi k\u00f6vetelm\u00e9nynek.<\/p>\n","protected":false},"featured_media":126369,"comment_status":"open","ping_status":"closed","template":"","meta":[],"countries":[4674,4709,4756,4813,4831,4862],"product_brand":[],"product_cat":[9967,9994,9760,9641],"product_tag":[],"class_list":{"0":"post-161970","1":"product","2":"type-product","3":"status-publish","4":"has-post-thumbnail","6":"countries-by","7":"countries-cu","8":"countries-ir","9":"countries-kp","10":"countries-ru","11":"countries-sy","12":"product_cat-egeszseg-jolet","13":"product_cat-egyeb-iparagak","14":"product_cat-hajtogazok","15":"product_cat-hfo-keverekek","16":"pa_packaging-palack-88-l-hu-122","18":"first","19":"instock","20":"shipping-taxable","21":"purchasable","22":"product-type-variable"},"_links":{"self":[{"href":"https:\/\/climalife.com\/hu\/wp-json\/wp\/v2\/product\/161970","targetHints":{"allow":["GET"]}}],"collection":[{"href":"https:\/\/climalife.com\/hu\/wp-json\/wp\/v2\/product"}],"about":[{"href":"https:\/\/climalife.com\/hu\/wp-json\/wp\/v2\/types\/product"}],"replies":[{"embeddable":true,"href":"https:\/\/climalife.com\/hu\/wp-json\/wp\/v2\/comments?post=161970"}],"wp:featuredmedia":[{"embeddable":true,"href":"https:\/\/climalife.com\/hu\/wp-json\/wp\/v2\/media\/126369"}],"wp:attachment":[{"href":"https:\/\/climalife.com\/hu\/wp-json\/wp\/v2\/media?parent=161970"}],"wp:term":[{"taxonomy":"countries","embeddable":true,"href":"https:\/\/climalife.com\/hu\/wp-json\/wp\/v2\/countries?post=161970"},{"taxonomy":"product_brand","embeddable":true,"href":"https:\/\/climalife.com\/hu\/wp-json\/wp\/v2\/product_brand?post=161970"},{"taxonomy":"product_cat","embeddable":true,"href":"https:\/\/climalife.com\/hu\/wp-json\/wp\/v2\/product_cat?post=161970"},{"taxonomy":"product_tag","embeddable":true,"href":"https:\/\/climalife.com\/hu\/wp-json\/wp\/v2\/product_tag?post=161970"}],"curies":[{"name":"wp","href":"https:\/\/api.w.org\/{rel}","templated":true}]}}