{"id":161980,"date":"2022-09-28T17:57:41","date_gmt":"2022-09-28T17:57:41","guid":{"rendered":"http:\/\/climalife.com\/product\/pyrostop-n37\/"},"modified":"2024-01-25T13:52:32","modified_gmt":"2024-01-25T13:52:32","slug":"pyrostop-37","status":"publish","type":"product","link":"https:\/\/climalife.com\/hu\/product\/pyrostop-37\/","title":{"rendered":"Pyrostop 37"},"content":{"rendered":"<p>A Pyrostop 37 stabil \u00e9s inert g\u00e1z. Nincs agressz\u00edv hat\u00e1sa azokkal az anyagokkal szemben, amelyekkel kapcsolatba ker\u00fcl.<br \/>\nA Pyrostop 37 megfelel az IEC 60376 szabv\u00e1ny k\u00f6vetelm\u00e9nyeinek.<br \/>\nJelent\u0151s \u00fcvegh\u00e1zhat\u00e1sa miatt cs\u00f6kkenteni kell a l\u00e9gk\u00f6rbe t\u00f6rt\u00e9n\u0151 kibocs\u00e1t\u00e1s\u00e1t. A Climalife teljes k\u00f6r\u0171 szolg\u00e1ltat\u00e1st k\u00edn\u00e1l \u00d6nnek: SF<sub>6<\/sub> sz\u00e1ll\u00edt\u00e1sa, a haszn\u00e1lt term\u00e9k \u00fajrahasznos\u00edt\u00e1sa,\u00a0 a g\u00e1z lefejt\u00e9s\u00e9hez \u00e9s \u00fajrahasznos\u00edt\u00e1s\u00e1hoz\u00a0berendez\u00e9seket,\u00a0valamint elemz\u0151 berendez\u00e9seket (tisztas\u00e1g, savass\u00e1g, higrometria stb.).<\/p>\n","protected":false},"excerpt":{"rendered":"<p>A Pyrostop 37 dielektromos, inert, nem m\u00e9rgez\u0151 \u00e9s nem gy\u00fal\u00e9kony g\u00e1z. Az elektromos \u00edvek lev\u00e1g\u00e1s\u00e1ra vagy a magn\u00e9zium meggyullad\u00e1s\u00e1t megakad\u00e1lyoz\u00f3 fed\u0151anyagk\u00e9nt val\u00f3 haszn\u00e1latra szolg\u00e1l. A k\u00f6vetkez\u0151 \u00e1gazatokban haszn\u00e1lj\u00e1k: nagyfesz\u00fclts\u00e9g\u0171 kapcsol\u00f3berendez\u00e9sek, \u00e1rny\u00e9kolt nagyfesz\u00fclts\u00e9g\u0171 al\u00e1llom\u00e1sok, r\u00e9szecskegyors\u00edt\u00f3k, koh\u00e1szat (magn\u00e9ziumtakar\u00f3).<\/p>\n","protected":false},"featured_media":127413,"comment_status":"open","ping_status":"closed","template":"","meta":[],"countries":[4674,4709,4756,4813,4831,4862],"product_brand":[],"product_cat":[9987,9958,9967,9994,13070,9381],"product_tag":[],"class_list":{"0":"post-161980","1":"product","2":"type-product","3":"status-publish","4":"has-post-thumbnail","6":"countries-by","7":"countries-cu","8":"countries-ir","9":"countries-kp","10":"countries-ru","11":"countries-sy","12":"product_cat-repulestechnika-urhajozas-vedelem","13":"product_cat-energia","14":"product_cat-egeszseg-jolet","15":"product_cat-egyeb-iparagak","16":"product_cat-dielektromos-sf6","17":"product_cat-inert-gaz","18":"pa_packaging-23-l-es-palack-hu-357","19":"pa_packaging-41-l-es-palack-hu-358","20":"pa_packaging-600-l-es-tartaly-hu-359","21":"pa_packaging-palack-50-l-hu-118","23":"first","24":"instock","25":"shipping-taxable","26":"purchasable","27":"product-type-variable"},"_links":{"self":[{"href":"https:\/\/climalife.com\/hu\/wp-json\/wp\/v2\/product\/161980","targetHints":{"allow":["GET"]}}],"collection":[{"href":"https:\/\/climalife.com\/hu\/wp-json\/wp\/v2\/product"}],"about":[{"href":"https:\/\/climalife.com\/hu\/wp-json\/wp\/v2\/types\/product"}],"replies":[{"embeddable":true,"href":"https:\/\/climalife.com\/hu\/wp-json\/wp\/v2\/comments?post=161980"}],"wp:featuredmedia":[{"embeddable":true,"href":"https:\/\/climalife.com\/hu\/wp-json\/wp\/v2\/media\/127413"}],"wp:attachment":[{"href":"https:\/\/climalife.com\/hu\/wp-json\/wp\/v2\/media?parent=161980"}],"wp:term":[{"taxonomy":"countries","embeddable":true,"href":"https:\/\/climalife.com\/hu\/wp-json\/wp\/v2\/countries?post=161980"},{"taxonomy":"product_brand","embeddable":true,"href":"https:\/\/climalife.com\/hu\/wp-json\/wp\/v2\/product_brand?post=161980"},{"taxonomy":"product_cat","embeddable":true,"href":"https:\/\/climalife.com\/hu\/wp-json\/wp\/v2\/product_cat?post=161980"},{"taxonomy":"product_tag","embeddable":true,"href":"https:\/\/climalife.com\/hu\/wp-json\/wp\/v2\/product_tag?post=161980"}],"curies":[{"name":"wp","href":"https:\/\/api.w.org\/{rel}","templated":true}]}}