{"id":161989,"date":"2022-09-28T17:57:48","date_gmt":"2022-09-28T17:57:48","guid":{"rendered":"http:\/\/climalife.com\/product\/novexpans-ciklopentan-izopentan-70-30\/"},"modified":"2025-08-12T12:55:41","modified_gmt":"2025-08-12T12:55:41","slug":"novexpans-ciklopentan-izopentan-70-30","status":"publish","type":"product","link":"https:\/\/climalife.com\/hu\/product\/novexpans-ciklopentan-izopentan-70-30\/","title":{"rendered":"NOVEXPANS\u2122 ciklopent\u00e1n\/izopent\u00e1n (70\/30)"},"content":{"rendered":"<p><span class=\"tlid-translation translation\" lang=\"hu\"><span class=\"\" title=\"\">H225-\u00f6s besorol\u00e1sa el\u0151seg\u00edti a gy\u00fal\u00e9kony term\u00e9kek t\u00e1rol\u00e1s\u00e1ra vonatkoz\u00f3 jogszab\u00e1lyok betart\u00e1s\u00e1t.<\/span><br \/>\n<span class=\"\" title=\"\">Gazdas\u00e1gos \u00e9s az \u00f3zonr\u00e9tegre \u00e1rtalmatlan, k\u00fcl\u00f6n\u00f6sen alkalmas szigetel\u0151 panelek gy\u00e1rt\u00e1s\u00e1ra.<\/span><\/span><\/p>\n","protected":false},"excerpt":{"rendered":"<p>A NOVEXPANS\u2122 ciklopent\u00e1n \/ izopent\u00e1n (70\/30) garant\u00e1lt specifik\u00e1ci\u00f3kkal rendelkez\u0151\u00a0 ciklopent\u00e1n \u00e9s izopent\u00e1n kever\u00e9k, melyet habos\u00edt\u00f3szerk\u00e9nt haszn\u00e1lj\u00e1k a merev poliuret\u00e1n habok t\u00e1gul\u00e1s\u00e1hoz. Ez a kever\u00e9k ide\u00e1lis kompromisszumot k\u00edn\u00e1l a kapott hab mechanikai ellen\u00e1ll\u00e1sa \u00e9s h\u0151\u00e1ll\u00f3s\u00e1ga k\u00f6z\u00f6tt.<\/p>\n","protected":false},"featured_media":200116,"comment_status":"open","ping_status":"closed","template":"","meta":[],"countries":[4674,4709,4756,4813,4831,4862],"product_brand":[],"product_cat":[9976,9949,9940,9994,13105,9506],"product_tag":[],"class_list":{"0":"post-161989","1":"product","2":"type-product","3":"status-publish","4":"has-post-thumbnail","6":"countries-by","7":"countries-cu","8":"countries-ir","9":"countries-kp","10":"countries-ru","11":"countries-sy","12":"product_cat-autoipar-kozlekedes","13":"product_cat-epuletek","14":"product_cat-elelmiszeripar","15":"product_cat-egyeb-iparagak","16":"product_cat-szigeteles","17":"product_cat-szenhidrogenek","18":"pa_packaging-hordo-217-i-hu-30","19":"pa_packaging-hordo-30-i-hu-26","20":"pa_packaging-palack-88-l-hu-122","21":"pa_packaging-tartaly-930-l-hu-76","22":"pa_packaging-tartalyos-hu-168","24":"first","25":"instock","26":"shipping-taxable","27":"purchasable","28":"product-type-variable"},"_links":{"self":[{"href":"https:\/\/climalife.com\/hu\/wp-json\/wp\/v2\/product\/161989","targetHints":{"allow":["GET"]}}],"collection":[{"href":"https:\/\/climalife.com\/hu\/wp-json\/wp\/v2\/product"}],"about":[{"href":"https:\/\/climalife.com\/hu\/wp-json\/wp\/v2\/types\/product"}],"replies":[{"embeddable":true,"href":"https:\/\/climalife.com\/hu\/wp-json\/wp\/v2\/comments?post=161989"}],"wp:featuredmedia":[{"embeddable":true,"href":"https:\/\/climalife.com\/hu\/wp-json\/wp\/v2\/media\/200116"}],"wp:attachment":[{"href":"https:\/\/climalife.com\/hu\/wp-json\/wp\/v2\/media?parent=161989"}],"wp:term":[{"taxonomy":"countries","embeddable":true,"href":"https:\/\/climalife.com\/hu\/wp-json\/wp\/v2\/countries?post=161989"},{"taxonomy":"product_brand","embeddable":true,"href":"https:\/\/climalife.com\/hu\/wp-json\/wp\/v2\/product_brand?post=161989"},{"taxonomy":"product_cat","embeddable":true,"href":"https:\/\/climalife.com\/hu\/wp-json\/wp\/v2\/product_cat?post=161989"},{"taxonomy":"product_tag","embeddable":true,"href":"https:\/\/climalife.com\/hu\/wp-json\/wp\/v2\/product_tag?post=161989"}],"curies":[{"name":"wp","href":"https:\/\/api.w.org\/{rel}","templated":true}]}}