{"id":162036,"date":"2022-09-28T17:58:24","date_gmt":"2022-09-28T17:58:24","guid":{"rendered":"http:\/\/climalife.com\/product\/mobil-shc-gargoyle-80-poe\/"},"modified":"2025-09-25T11:59:50","modified_gmt":"2025-09-25T11:59:50","slug":"mobil-shc-gargoyle-80-poe","status":"publish","type":"product","link":"https:\/\/climalife.com\/hu\/product\/mobil-shc-gargoyle-80-poe\/","title":{"rendered":"MOBIL SHC GARGOYLE\u2122 80 POE"},"content":{"rendered":"<p>\u2022 Kiv\u00e1l\u00f3 kop\u00e1sv\u00e9delem, amely hozz\u00e1j\u00e1rul a kompresszor potenci\u00e1lis \u00e9lettartam\u00e1nak meghosszabb\u00edt\u00e1s\u00e1hoz.<\/p>\n<p>\u2022 Magas viszkozit\u00e1si index \u00e9s kiv\u00e1l\u00f3 foly\u00e9konys\u00e1g alacsony h\u0151m\u00e9rs\u00e9kleten, ami jav\u00edtja az elp\u00e1rologtat\u00f3 hat\u00e9konys\u00e1g\u00e1t.<\/p>\n<p>\u2022 Alacsony tapad\u00e1si egy\u00fctthat\u00f3, ami jav\u00edtja a rendszer hat\u00e9konys\u00e1g\u00e1t \u00e9s cs\u00f6kkenti az energiafogyaszt\u00e1st.<\/p>\n<p>&nbsp;<\/p>\n<h3>Alkalmaz\u00e1sok:<\/h3>\n<p>\u2022 Ipari dugatty\u00fas h\u0171t\u0151kompresszorok az \u00e9lelmiszeriparban, \u00e9lelmiszerek el\u0151k\u00e9sz\u00edt\u00e9s\u00e9hez \u00e9s fagyaszt\u00e1s\u00e1hoz.<br \/>\n\u2022 Ipari alkalmaz\u00e1sok, p\u00e9ld\u00e1ul gyorsfagyaszt\u00e1s \u00e9s h\u0171t\u0151kamr\u00e1k.<br \/>\n\u2022 H\u0171t\u00e9si alkalmaz\u00e1sok a haj\u00f3z\u00e1sban.<\/p>\n","protected":false},"excerpt":{"rendered":"<p>A Mobil SHC Gargoyle 80 POE kifejezetten R-744-es kompresszorok ken\u00e9s\u00e9re lett kifejlesztett olaj, keverhet\u0151 alkalmaz\u00e1sokhoz.<\/p>\n","protected":false},"featured_media":118557,"comment_status":"open","ping_status":"closed","template":"","meta":[],"countries":[4674,4709,4756,4813,4831,4862],"product_brand":[],"product_cat":[9976,9940,9967,9994,13061,13130,13421],"product_tag":[],"class_list":{"0":"post-162036","1":"product","2":"type-product","3":"status-publish","4":"has-post-thumbnail","6":"countries-by","7":"countries-cu","8":"countries-ir","9":"countries-kp","10":"countries-ru","11":"countries-sy","12":"product_cat-autoipar-kozlekedes","13":"product_cat-elelmiszeripar","14":"product_cat-egeszseg-jolet","15":"product_cat-egyeb-iparagak","16":"product_cat-legkondicionalas","17":"product_cat-hutestechnika","18":"product_cat-poe-hu","19":"pa_packaging-kanna-20-l-hu-174","20":"pa_packaging-kanna-5-l-hu-35","22":"first","23":"instock","24":"shipping-taxable","25":"purchasable","26":"product-type-variable"},"_links":{"self":[{"href":"https:\/\/climalife.com\/hu\/wp-json\/wp\/v2\/product\/162036","targetHints":{"allow":["GET"]}}],"collection":[{"href":"https:\/\/climalife.com\/hu\/wp-json\/wp\/v2\/product"}],"about":[{"href":"https:\/\/climalife.com\/hu\/wp-json\/wp\/v2\/types\/product"}],"replies":[{"embeddable":true,"href":"https:\/\/climalife.com\/hu\/wp-json\/wp\/v2\/comments?post=162036"}],"wp:featuredmedia":[{"embeddable":true,"href":"https:\/\/climalife.com\/hu\/wp-json\/wp\/v2\/media\/118557"}],"wp:attachment":[{"href":"https:\/\/climalife.com\/hu\/wp-json\/wp\/v2\/media?parent=162036"}],"wp:term":[{"taxonomy":"countries","embeddable":true,"href":"https:\/\/climalife.com\/hu\/wp-json\/wp\/v2\/countries?post=162036"},{"taxonomy":"product_brand","embeddable":true,"href":"https:\/\/climalife.com\/hu\/wp-json\/wp\/v2\/product_brand?post=162036"},{"taxonomy":"product_cat","embeddable":true,"href":"https:\/\/climalife.com\/hu\/wp-json\/wp\/v2\/product_cat?post=162036"},{"taxonomy":"product_tag","embeddable":true,"href":"https:\/\/climalife.com\/hu\/wp-json\/wp\/v2\/product_tag?post=162036"}],"curies":[{"name":"wp","href":"https:\/\/api.w.org\/{rel}","templated":true}]}}