{"id":162048,"date":"2022-09-28T17:58:33","date_gmt":"2022-09-28T17:58:33","guid":{"rendered":"http:\/\/climalife.com\/product\/solstice-zd-r-1233zd\/"},"modified":"2025-08-12T12:52:11","modified_gmt":"2025-08-12T12:52:11","slug":"solstice-zd-r-1233zd","status":"publish","type":"product","link":"https:\/\/climalife.com\/hu\/product\/solstice-zd-r-1233zd\/","title":{"rendered":"R-1233zd Solstice\u00ae zd"},"content":{"rendered":"<p>Poliol-\u00e9szter olaj (POE) haszn\u00e1land\u00f3.<\/p>\n","protected":false},"excerpt":{"rendered":"<p>Az R-1233zd a HFO-k csal\u00e1dj\u00e1ba tartoz\u00f3 alacsony GWP-j\u0171 \u00e9s alacsony nyom\u00e1s\u00fa fluortartalm\u00fa h\u0171t\u0151k\u00f6zeg. Alkalmas \u00faj ipari kl\u00edmatechnikai alkalmaz\u00e1sokhoz, valamint \u00e9p\u00fcleth\u0171t\u00e9sben haszn\u00e1lt centrifug\u00e1lis kompresszorral (egy vagy t\u00f6bb l\u00e9pcs\u0151s) ell\u00e1tott nagy k\u00f6zvet\u00edt\u0151k\u00f6zeges rendszerek eset\u00e9n, ahol kor\u00e1bban R-123-as h\u0171t\u0151k\u00f6zeget haszn\u00e1ltak.<\/p>\n","protected":false},"featured_media":117432,"comment_status":"open","ping_status":"closed","template":"","meta":[],"countries":[4674,4709,4756,4813,4831,4862],"product_brand":[],"product_cat":[9987,9949,9958,9940,9967,9994,13061,13096,13114,13130,9662],"product_tag":[],"class_list":{"0":"post-162048","1":"product","2":"type-product","3":"status-publish","4":"has-post-thumbnail","6":"countries-by","7":"countries-cu","8":"countries-ir","9":"countries-kp","10":"countries-ru","11":"countries-sy","12":"product_cat-repulestechnika-urhajozas-vedelem","13":"product_cat-epuletek","14":"product_cat-energia","15":"product_cat-elelmiszeripar","16":"product_cat-egeszseg-jolet","17":"product_cat-egyeb-iparagak","18":"product_cat-legkondicionalas","19":"product_cat-futes","20":"product_cat-orc-szerves-rankine-ciklus","21":"product_cat-hutestechnika","22":"product_cat-hfo-hu-23","23":"pa_packaging-cubikool","24":"pa_packaging-palack-52-l-hu-72","25":"pa_packaging-tartaly-448-l-hu-74","26":"pa_packaging-tartaly-930-l-hu-76","28":"first","29":"instock","30":"shipping-taxable","31":"purchasable","32":"product-type-variable"},"_links":{"self":[{"href":"https:\/\/climalife.com\/hu\/wp-json\/wp\/v2\/product\/162048","targetHints":{"allow":["GET"]}}],"collection":[{"href":"https:\/\/climalife.com\/hu\/wp-json\/wp\/v2\/product"}],"about":[{"href":"https:\/\/climalife.com\/hu\/wp-json\/wp\/v2\/types\/product"}],"replies":[{"embeddable":true,"href":"https:\/\/climalife.com\/hu\/wp-json\/wp\/v2\/comments?post=162048"}],"wp:featuredmedia":[{"embeddable":true,"href":"https:\/\/climalife.com\/hu\/wp-json\/wp\/v2\/media\/117432"}],"wp:attachment":[{"href":"https:\/\/climalife.com\/hu\/wp-json\/wp\/v2\/media?parent=162048"}],"wp:term":[{"taxonomy":"countries","embeddable":true,"href":"https:\/\/climalife.com\/hu\/wp-json\/wp\/v2\/countries?post=162048"},{"taxonomy":"product_brand","embeddable":true,"href":"https:\/\/climalife.com\/hu\/wp-json\/wp\/v2\/product_brand?post=162048"},{"taxonomy":"product_cat","embeddable":true,"href":"https:\/\/climalife.com\/hu\/wp-json\/wp\/v2\/product_cat?post=162048"},{"taxonomy":"product_tag","embeddable":true,"href":"https:\/\/climalife.com\/hu\/wp-json\/wp\/v2\/product_tag?post=162048"}],"curies":[{"name":"wp","href":"https:\/\/api.w.org\/{rel}","templated":true}]}}