{"id":162059,"date":"2022-09-28T17:58:42","date_gmt":"2022-09-28T17:58:42","guid":{"rendered":"http:\/\/climalife.com\/product\/solstice-n40-r-448a\/"},"modified":"2025-08-12T12:50:46","modified_gmt":"2025-08-12T12:50:46","slug":"solstice-n40-r-448a","status":"publish","type":"product","link":"https:\/\/climalife.com\/hu\/product\/solstice-n40-r-448a\/","title":{"rendered":"R-448A Solstice\u00ae N40"},"content":{"rendered":"<p>Haszn\u00e1lhat\u00f3 szupermarketekben \u00e9s hipermarketekben h\u0171t\u00f6tt rakt\u00e1rak, \u00e9lelmiszer m\u00e9lyh\u0171t\u0151 berendez\u00e9sek, m\u00e9lyh\u0171t\u00f6tt \u00e9lelmiszerek eltart\u00e1s\u00e1ra szolg\u00e1l\u00f3 t\u00e1rol\u00f3k, valamint h\u0171t\u0151kamionok m\u0171k\u00f6dtet\u00e9s\u00e9re.<\/p>\n<p>Poliol-\u00e9szter olaj (POE) haszn\u00e1land\u00f3.<\/p>\n","protected":false},"excerpt":{"rendered":"<p>Az R-448A HFO h\u0171t\u0151k\u00f6zeg tartalm\u00fa \u201enem azeotropikus\u201d kever\u00e9k. Az R-404A helyettes\u00edt\u00e9s\u00e9re haszn\u00e1lhat\u00f3 ipari \u00e9s kereskedelmi h\u0171t\u00e9sben \u00faj \u00e9s megl\u00e9v\u0151 berendez\u00e9sekben.<\/p>\n","protected":false},"featured_media":116442,"comment_status":"open","ping_status":"closed","template":"","meta":[],"countries":[4674,4709,4756,4813,4831,4862],"product_brand":[],"product_cat":[9987,9976,9940,9967,9994,13130,9608],"product_tag":[],"class_list":{"0":"post-162059","1":"product","2":"type-product","3":"status-publish","4":"has-post-thumbnail","6":"countries-by","7":"countries-cu","8":"countries-ir","9":"countries-kp","10":"countries-ru","11":"countries-sy","12":"product_cat-repulestechnika-urhajozas-vedelem","13":"product_cat-autoipar-kozlekedes","14":"product_cat-elelmiszeripar","15":"product_cat-egeszseg-jolet","16":"product_cat-egyeb-iparagak","17":"product_cat-hutestechnika","18":"product_cat-hfc-hfo-keverekek","19":"pa_packaging-cubikool","20":"pa_packaging-palack-52-l-hu-72","21":"pa_packaging-tartaly-448-l-hu-74","22":"pa_packaging-tartaly-930-l-hu-76","24":"first","25":"instock","26":"shipping-taxable","27":"purchasable","28":"product-type-variable"},"_links":{"self":[{"href":"https:\/\/climalife.com\/hu\/wp-json\/wp\/v2\/product\/162059","targetHints":{"allow":["GET"]}}],"collection":[{"href":"https:\/\/climalife.com\/hu\/wp-json\/wp\/v2\/product"}],"about":[{"href":"https:\/\/climalife.com\/hu\/wp-json\/wp\/v2\/types\/product"}],"replies":[{"embeddable":true,"href":"https:\/\/climalife.com\/hu\/wp-json\/wp\/v2\/comments?post=162059"}],"wp:featuredmedia":[{"embeddable":true,"href":"https:\/\/climalife.com\/hu\/wp-json\/wp\/v2\/media\/116442"}],"wp:attachment":[{"href":"https:\/\/climalife.com\/hu\/wp-json\/wp\/v2\/media?parent=162059"}],"wp:term":[{"taxonomy":"countries","embeddable":true,"href":"https:\/\/climalife.com\/hu\/wp-json\/wp\/v2\/countries?post=162059"},{"taxonomy":"product_brand","embeddable":true,"href":"https:\/\/climalife.com\/hu\/wp-json\/wp\/v2\/product_brand?post=162059"},{"taxonomy":"product_cat","embeddable":true,"href":"https:\/\/climalife.com\/hu\/wp-json\/wp\/v2\/product_cat?post=162059"},{"taxonomy":"product_tag","embeddable":true,"href":"https:\/\/climalife.com\/hu\/wp-json\/wp\/v2\/product_tag?post=162059"}],"curies":[{"name":"wp","href":"https:\/\/api.w.org\/{rel}","templated":true}]}}