{"id":162135,"date":"2022-09-28T17:59:32","date_gmt":"2022-09-28T17:59:32","guid":{"rendered":"http:\/\/climalife.com\/product\/neutraguard-neo\/"},"modified":"2025-07-14T08:32:31","modified_gmt":"2025-07-14T08:32:31","slug":"neutraguard-neo","status":"publish","type":"product","link":"https:\/\/climalife.com\/hu\/product\/neutraguard-neo\/","title":{"rendered":"Neutraguard\u00ae Neo"},"content":{"rendered":"<p><span id=\"result_box\" class=\"\" lang=\"hu\">V\u00edzzel val\u00f3 h\u00edg\u00edt\u00e1s ut\u00e1n a NEUTRAGUARD\u00ae NEO kiv\u00e1l\u00f3 fagyv\u00e9delmet \u00e9s fokozott v\u00e9delmet biztos\u00edt a f\u00e9mek korr\u00f3zi\u00f3ja ellen a k\u00fcl\u00f6nb\u00f6z\u0151 r\u00e9gi \u00e9s \u00faj konstrukci\u00f3s berendez\u00e9sekben (ac\u00e9l, alum\u00ednium, r\u00e9z, s\u00e1rgar\u00e9z, hegeszt\u00e9s stb.); <span class=\"\">ezt a v\u00e9delmet sz\u00e1mos statikus vagy dinamikus\u00a0h\u0151t haszn\u00e1l\u00f3 teszt igazolja<\/span><\/span><span id=\"result_box\" class=\"\" lang=\"hu\"><span class=\"\">.<\/span><\/span><\/p>\n","protected":false},"excerpt":{"rendered":"<p>A NEUTRAGUARD<sup>\u00ae<\/sup> NEO, monopropil\u00e9nglikol \u00e9s inhibitorok alap\u00fa, koncentr\u00e1lt fagy\u00e1ll\u00f3 h\u0151hordoz\u00f3. Ez a term\u00e9k alkalmas v\u00edz keringet\u00e9s\u0171 k\u00f6zponti f\u0171t\u00e9si rendszerekhez, padl\u00f3f\u0171t\u00e9shez, napenergia-rendszerekhez \u00e9s geotermikus alkalmaz\u00e1sokhoz.<\/p>\n","protected":false},"featured_media":196561,"comment_status":"open","ping_status":"closed","template":"","meta":[],"countries":[4674,4709,4756,4813,4831,4862],"product_brand":[],"product_cat":[9994,9958,9949,13096,13535],"product_tag":[],"class_list":{"0":"post-162135","1":"product","2":"type-product","3":"status-publish","4":"has-post-thumbnail","6":"countries-by","7":"countries-cu","8":"countries-ir","9":"countries-kp","10":"countries-ru","11":"countries-sy","12":"product_cat-egyeb-iparagak","13":"product_cat-energia","14":"product_cat-epuletek","15":"product_cat-futes","16":"product_cat-mpg-hu","17":"pa_packaging-hordo-210-i-hu-28","18":"pa_packaging-kanna-20-l-hu-36","19":"pa_packaging-tartaly-1000-kg-hu-139","21":"first","22":"instock","23":"shipping-taxable","24":"purchasable","25":"product-type-variable"},"_links":{"self":[{"href":"https:\/\/climalife.com\/hu\/wp-json\/wp\/v2\/product\/162135","targetHints":{"allow":["GET"]}}],"collection":[{"href":"https:\/\/climalife.com\/hu\/wp-json\/wp\/v2\/product"}],"about":[{"href":"https:\/\/climalife.com\/hu\/wp-json\/wp\/v2\/types\/product"}],"replies":[{"embeddable":true,"href":"https:\/\/climalife.com\/hu\/wp-json\/wp\/v2\/comments?post=162135"}],"wp:featuredmedia":[{"embeddable":true,"href":"https:\/\/climalife.com\/hu\/wp-json\/wp\/v2\/media\/196561"}],"wp:attachment":[{"href":"https:\/\/climalife.com\/hu\/wp-json\/wp\/v2\/media?parent=162135"}],"wp:term":[{"taxonomy":"countries","embeddable":true,"href":"https:\/\/climalife.com\/hu\/wp-json\/wp\/v2\/countries?post=162135"},{"taxonomy":"product_brand","embeddable":true,"href":"https:\/\/climalife.com\/hu\/wp-json\/wp\/v2\/product_brand?post=162135"},{"taxonomy":"product_cat","embeddable":true,"href":"https:\/\/climalife.com\/hu\/wp-json\/wp\/v2\/product_cat?post=162135"},{"taxonomy":"product_tag","embeddable":true,"href":"https:\/\/climalife.com\/hu\/wp-json\/wp\/v2\/product_tag?post=162135"}],"curies":[{"name":"wp","href":"https:\/\/api.w.org\/{rel}","templated":true}]}}