{"id":162164,"date":"2022-09-28T17:59:57","date_gmt":"2022-09-28T17:59:57","guid":{"rendered":"http:\/\/climalife.com\/product\/szervizpalack\/"},"modified":"2025-07-14T08:32:51","modified_gmt":"2025-07-14T08:32:51","slug":"szervizpalack","status":"publish","type":"product","link":"https:\/\/climalife.com\/hu\/product\/szervizpalack\/","title":{"rendered":"Szervizpalack"},"content":{"rendered":"<p>Berendez\u00e9scsomagol\u00e1saink tiszt\u00edtva \u00e9s v\u00e1kuummal \u00fcr\u00edtve ker\u00fclnek kisz\u00e1ll\u00edt\u00e1sra. \u00cdgy garant\u00e1ljuk h\u0171t\u0151k\u00f6zeg\u00e9nek tisztas\u00e1g\u00e1t, \u00e9s a karbantart\u00e1s ut\u00e1n azok visszat\u00f6lthet\u0151k a berendez\u00e9sbe.<\/p>\n<p>A csomagol\u00e1sok m\u00e9rete \u00e9s el\u00e9rhet\u0151s\u00e9ge orsz\u00e1gonk\u00e9nt elt\u00e9r\u0151 lehet.<\/p>\n","protected":false},"excerpt":{"rendered":"<p>B\u00e9relhet\u0151. Egy rendszer h\u0171t\u0151k\u00f6zegt\u00f6ltet\u00e9nek a visszat\u00f6lt\u00e9s\u00e9ig val\u00f3 \u00e1tmeneti t\u00e1rol\u00e1s\u00e1ra.<\/p>\n","protected":false},"featured_media":108711,"comment_status":"open","ping_status":"closed","template":"","meta":[],"countries":[4674,4709,4756,4813,4831,4862],"product_brand":[],"product_cat":[9987,9976,9949,9958,9940,9967,9994,13061,13096,13114,13130,13139,13255],"product_tag":[],"class_list":{"0":"post-162164","1":"product","2":"type-product","3":"status-publish","4":"has-post-thumbnail","6":"countries-by","7":"countries-cu","8":"countries-ir","9":"countries-kp","10":"countries-ru","11":"countries-sy","12":"product_cat-repulestechnika-urhajozas-vedelem","13":"product_cat-autoipar-kozlekedes","14":"product_cat-epuletek","15":"product_cat-energia","16":"product_cat-elelmiszeripar","17":"product_cat-egeszseg-jolet","18":"product_cat-egyeb-iparagak","19":"product_cat-legkondicionalas","20":"product_cat-futes","21":"product_cat-orc-szerves-rankine-ciklus","22":"product_cat-hutestechnika","23":"product_cat-megujulo-energia","24":"product_cat-hutokozeg-visszanyerese","25":"pa_packaging-12-l-hu-132","26":"pa_packaging-88l-hu-126","27":"pa_packaging-palack-26-i-hu-32","28":"pa_pressure-42-bar-hu-242","30":"first","31":"instock","32":"shipping-taxable","33":"purchasable","34":"product-type-variable"},"_links":{"self":[{"href":"https:\/\/climalife.com\/hu\/wp-json\/wp\/v2\/product\/162164","targetHints":{"allow":["GET"]}}],"collection":[{"href":"https:\/\/climalife.com\/hu\/wp-json\/wp\/v2\/product"}],"about":[{"href":"https:\/\/climalife.com\/hu\/wp-json\/wp\/v2\/types\/product"}],"replies":[{"embeddable":true,"href":"https:\/\/climalife.com\/hu\/wp-json\/wp\/v2\/comments?post=162164"}],"wp:featuredmedia":[{"embeddable":true,"href":"https:\/\/climalife.com\/hu\/wp-json\/wp\/v2\/media\/108711"}],"wp:attachment":[{"href":"https:\/\/climalife.com\/hu\/wp-json\/wp\/v2\/media?parent=162164"}],"wp:term":[{"taxonomy":"countries","embeddable":true,"href":"https:\/\/climalife.com\/hu\/wp-json\/wp\/v2\/countries?post=162164"},{"taxonomy":"product_brand","embeddable":true,"href":"https:\/\/climalife.com\/hu\/wp-json\/wp\/v2\/product_brand?post=162164"},{"taxonomy":"product_cat","embeddable":true,"href":"https:\/\/climalife.com\/hu\/wp-json\/wp\/v2\/product_cat?post=162164"},{"taxonomy":"product_tag","embeddable":true,"href":"https:\/\/climalife.com\/hu\/wp-json\/wp\/v2\/product_tag?post=162164"}],"curies":[{"name":"wp","href":"https:\/\/api.w.org\/{rel}","templated":true}]}}