{"id":162174,"date":"2022-09-28T18:00:06","date_gmt":"2022-09-28T18:00:06","guid":{"rendered":"http:\/\/climalife.com\/product\/r-404a\/"},"modified":"2025-08-12T12:41:32","modified_gmt":"2025-08-12T12:41:32","slug":"r-404a","status":"publish","type":"product","link":"https:\/\/climalife.com\/hu\/product\/r-404a\/","title":{"rendered":"R-404A"},"content":{"rendered":"<p>Sz\u00edvesen alkalmazz\u00e1k nagy elad\u00f3terek k\u00f6zponti h\u0171t\u00e9s t\u00edpus\u00fa \u00faj berendez\u00e9seinek l\u00e9tes\u00edt\u00e9s\u00e9n\u00e9l (szupermarket, hipermarket), h\u0171t\u00f6tt rakt\u00e1rak, \u00e9lelmiszer m\u00e9lyh\u0171t\u0151 berendez\u00e9sek, m\u00e9lyh\u0171t\u00f6tt \u00e9lelmiszerek eltart\u00e1s\u00e1ra szolg\u00e1l\u00f3 t\u00e1rol\u00f3k, valamint h\u0171t\u0151kamionok m\u0171k\u00f6dtet\u00e9s\u00e9re.<\/p>\n","protected":false},"excerpt":{"rendered":"<p>Az R-404A egy olyan kv\u00e1zi-azeotr\u00f3p HFC kever\u00e9k, amelyet kereskedelmi, ipari \u00e9s rakt\u00e9rh\u0171t\u00e9sre fejlesztettek ki.<\/p>\n","protected":false},"featured_media":108603,"comment_status":"open","ping_status":"closed","template":"","meta":[],"countries":[4674,4709,4756,4813,4831,4862],"product_brand":[],"product_cat":[9976,9967,9994,9940,9958,9446,13130,9987],"product_tag":[],"class_list":{"0":"post-162174","1":"product","2":"type-product","3":"status-publish","4":"has-post-thumbnail","6":"countries-by","7":"countries-cu","8":"countries-ir","9":"countries-kp","10":"countries-ru","11":"countries-sy","12":"product_cat-autoipar-kozlekedes","13":"product_cat-egeszseg-jolet","14":"product_cat-egyeb-iparagak","15":"product_cat-elelmiszeripar","16":"product_cat-energia","17":"product_cat-hfc-hu-33","18":"product_cat-hutestechnika","19":"product_cat-repulestechnika-urhajozas-vedelem","20":"pa_packaging-cubikool","21":"pa_packaging-friostar-hu-69","22":"pa_packaging-palack-52-l-hu-72","23":"pa_packaging-tartaly-448-l-hu-74","24":"pa_packaging-tartaly-930-l-hu-76","26":"first","27":"instock","28":"shipping-taxable","29":"purchasable","30":"product-type-variable"},"_links":{"self":[{"href":"https:\/\/climalife.com\/hu\/wp-json\/wp\/v2\/product\/162174","targetHints":{"allow":["GET"]}}],"collection":[{"href":"https:\/\/climalife.com\/hu\/wp-json\/wp\/v2\/product"}],"about":[{"href":"https:\/\/climalife.com\/hu\/wp-json\/wp\/v2\/types\/product"}],"replies":[{"embeddable":true,"href":"https:\/\/climalife.com\/hu\/wp-json\/wp\/v2\/comments?post=162174"}],"wp:featuredmedia":[{"embeddable":true,"href":"https:\/\/climalife.com\/hu\/wp-json\/wp\/v2\/media\/108603"}],"wp:attachment":[{"href":"https:\/\/climalife.com\/hu\/wp-json\/wp\/v2\/media?parent=162174"}],"wp:term":[{"taxonomy":"countries","embeddable":true,"href":"https:\/\/climalife.com\/hu\/wp-json\/wp\/v2\/countries?post=162174"},{"taxonomy":"product_brand","embeddable":true,"href":"https:\/\/climalife.com\/hu\/wp-json\/wp\/v2\/product_brand?post=162174"},{"taxonomy":"product_cat","embeddable":true,"href":"https:\/\/climalife.com\/hu\/wp-json\/wp\/v2\/product_cat?post=162174"},{"taxonomy":"product_tag","embeddable":true,"href":"https:\/\/climalife.com\/hu\/wp-json\/wp\/v2\/product_tag?post=162174"}],"curies":[{"name":"wp","href":"https:\/\/api.w.org\/{rel}","templated":true}]}}