{"id":162193,"date":"2022-09-28T18:00:23","date_gmt":"2022-09-28T18:00:23","guid":{"rendered":"http:\/\/climalife.com\/product\/nettoyant-n\/"},"modified":"2025-07-14T08:33:32","modified_gmt":"2025-07-14T08:33:32","slug":"nettoyant-n","status":"publish","type":"product","link":"https:\/\/climalife.com\/hu\/product\/nettoyant-n\/","title":{"rendered":"Nettoyant N"},"content":{"rendered":"<p>Rendel\u00e9sre gy\u00e1rtjuk. V\u00edzzel \u00f6bl\u00edteni kell. Azonnal haszn\u00e1latra k\u00e9sz.<\/p>\n","protected":false},"excerpt":{"rendered":"<p>A h\u0171t\u0151k\u00f6zeg-k\u00f6r\u00f6k tiszt\u00edt\u00e1s\u00e1ra, miel\u0151tt azokat h\u0171t\u0151k\u00f6zeggel t\u00f6lten\u00e9k fel.<br \/>\nTiszt\u00edtja a k\u00f6r\u00f6ket szennyez\u0151d\u00e9sekt\u0151l vagy nem megkem\u00e9nyedett szennyez\u0151d\u00e9sekt\u0151l, illetve a h\u0171t\u0151k\u00f6zeg-k\u00f6r\u00f6ket, ha azok \u00e1talak\u00edt\u00e1sra ker\u00fclnek h\u0171t\u0151k\u00f6zeggel.<\/p>\n","protected":false},"featured_media":107514,"comment_status":"open","ping_status":"closed","template":"","meta":[],"countries":[4674,4709,4756,4813,4831,4862],"product_brand":[],"product_cat":[9987,9949,9958,9940,9967,9994,13061,13096,13130,13139,9356],"product_tag":[],"class_list":{"0":"post-162193","1":"product","2":"type-product","3":"status-publish","4":"has-post-thumbnail","6":"countries-by","7":"countries-cu","8":"countries-ir","9":"countries-kp","10":"countries-ru","11":"countries-sy","12":"product_cat-repulestechnika-urhajozas-vedelem","13":"product_cat-epuletek","14":"product_cat-energia","15":"product_cat-elelmiszeripar","16":"product_cat-egeszseg-jolet","17":"product_cat-egyeb-iparagak","18":"product_cat-legkondicionalas","19":"product_cat-futes","20":"product_cat-hutestechnika","21":"product_cat-megujulo-energia","22":"product_cat-kozvetitokozegek-keringesi-rendszereinek-tisztitasa","23":"pa_packaging-hordo-200-i-hu-39","25":"first","26":"instock","27":"shipping-taxable","28":"purchasable","29":"product-type-variable"},"_links":{"self":[{"href":"https:\/\/climalife.com\/hu\/wp-json\/wp\/v2\/product\/162193","targetHints":{"allow":["GET"]}}],"collection":[{"href":"https:\/\/climalife.com\/hu\/wp-json\/wp\/v2\/product"}],"about":[{"href":"https:\/\/climalife.com\/hu\/wp-json\/wp\/v2\/types\/product"}],"replies":[{"embeddable":true,"href":"https:\/\/climalife.com\/hu\/wp-json\/wp\/v2\/comments?post=162193"}],"wp:featuredmedia":[{"embeddable":true,"href":"https:\/\/climalife.com\/hu\/wp-json\/wp\/v2\/media\/107514"}],"wp:attachment":[{"href":"https:\/\/climalife.com\/hu\/wp-json\/wp\/v2\/media?parent=162193"}],"wp:term":[{"taxonomy":"countries","embeddable":true,"href":"https:\/\/climalife.com\/hu\/wp-json\/wp\/v2\/countries?post=162193"},{"taxonomy":"product_brand","embeddable":true,"href":"https:\/\/climalife.com\/hu\/wp-json\/wp\/v2\/product_brand?post=162193"},{"taxonomy":"product_cat","embeddable":true,"href":"https:\/\/climalife.com\/hu\/wp-json\/wp\/v2\/product_cat?post=162193"},{"taxonomy":"product_tag","embeddable":true,"href":"https:\/\/climalife.com\/hu\/wp-json\/wp\/v2\/product_tag?post=162193"}],"curies":[{"name":"wp","href":"https:\/\/api.w.org\/{rel}","templated":true}]}}