{"id":162203,"date":"2022-09-28T18:00:30","date_gmt":"2022-09-28T18:00:30","guid":{"rendered":"http:\/\/climalife.com\/product\/alkali-tartalek\/"},"modified":"2026-01-29T13:41:38","modified_gmt":"2026-01-29T13:41:38","slug":"alkali-tartalek","status":"publish","type":"product","link":"https:\/\/climalife.com\/hu\/product\/alkali-tartalek\/","title":{"rendered":"Alk\u00e1li tartal\u00e9k"},"content":{"rendered":"","protected":false},"excerpt":{"rendered":"<p>Korr\u00f3zi\u00f3 elleni v\u00e9delem ki\u00e9rt\u00e9kel\u00e9se.<\/p>\n","protected":false},"featured_media":108531,"comment_status":"open","ping_status":"closed","template":"","meta":[],"countries":[4674,4709,4756,4813,4831,4862],"product_brand":[],"product_cat":[9987,9949,9940,9967,9994,13061,13096,13130,9482],"product_tag":[],"class_list":{"0":"post-162203","1":"product","2":"type-product","3":"status-publish","4":"has-post-thumbnail","6":"countries-by","7":"countries-cu","8":"countries-ir","9":"countries-kp","10":"countries-ru","11":"countries-sy","12":"product_cat-repulestechnika-urhajozas-vedelem","13":"product_cat-epuletek","14":"product_cat-elelmiszeripar","15":"product_cat-egeszseg-jolet","16":"product_cat-egyeb-iparagak","17":"product_cat-legkondicionalas","18":"product_cat-futes","19":"product_cat-hutestechnika","20":"product_cat-kozvetitokozeg-analizis","21":"pa_packaging-egyseg-hu-25","23":"first","24":"instock","25":"shipping-taxable","26":"purchasable","27":"product-type-simple"},"_links":{"self":[{"href":"https:\/\/climalife.com\/hu\/wp-json\/wp\/v2\/product\/162203","targetHints":{"allow":["GET"]}}],"collection":[{"href":"https:\/\/climalife.com\/hu\/wp-json\/wp\/v2\/product"}],"about":[{"href":"https:\/\/climalife.com\/hu\/wp-json\/wp\/v2\/types\/product"}],"replies":[{"embeddable":true,"href":"https:\/\/climalife.com\/hu\/wp-json\/wp\/v2\/comments?post=162203"}],"wp:featuredmedia":[{"embeddable":true,"href":"https:\/\/climalife.com\/hu\/wp-json\/wp\/v2\/media\/108531"}],"wp:attachment":[{"href":"https:\/\/climalife.com\/hu\/wp-json\/wp\/v2\/media?parent=162203"}],"wp:term":[{"taxonomy":"countries","embeddable":true,"href":"https:\/\/climalife.com\/hu\/wp-json\/wp\/v2\/countries?post=162203"},{"taxonomy":"product_brand","embeddable":true,"href":"https:\/\/climalife.com\/hu\/wp-json\/wp\/v2\/product_brand?post=162203"},{"taxonomy":"product_cat","embeddable":true,"href":"https:\/\/climalife.com\/hu\/wp-json\/wp\/v2\/product_cat?post=162203"},{"taxonomy":"product_tag","embeddable":true,"href":"https:\/\/climalife.com\/hu\/wp-json\/wp\/v2\/product_tag?post=162203"}],"curies":[{"name":"wp","href":"https:\/\/api.w.org\/{rel}","templated":true}]}}