{"id":162213,"date":"2022-09-28T18:00:39","date_gmt":"2022-09-28T18:00:39","guid":{"rendered":"http:\/\/climalife.com\/product\/folyadek-fazisu-hutokozeg-bevizsgalas-osszetetel-meghatarozassal\/"},"modified":"2025-08-12T12:39:18","modified_gmt":"2025-08-12T12:39:18","slug":"folyadek-fazisu-hutokozeg-bevizsgalas-osszetetel-meghatarozassal","status":"publish","type":"product","link":"https:\/\/climalife.com\/hu\/product\/folyadek-fazisu-hutokozeg-bevizsgalas-osszetetel-meghatarozassal\/","title":{"rendered":"Folyad\u00e9k f\u00e1zis\u00fa h\u0171t\u0151k\u00f6zeg bevizsg\u00e1l\u00e1s \u00f6sszet\u00e9tel meghat\u00e1roz\u00e1ssal"},"content":{"rendered":"","protected":false},"excerpt":{"rendered":"<p>Tartalmazza: \u00f6sszet\u00e9tel, v\u00edztartalom, olajtartalom, savtartalom, megjelen\u00e9s.<br \/>\nFCKW, H-FCKW, H-FKW, HFO h\u0171t\u0151k\u00f6zegekhez, ND h\u0171t\u0151k\u00f6zegekhez nem alkalmas.<\/p>\n","protected":false},"featured_media":107532,"comment_status":"open","ping_status":"closed","template":"","meta":[],"countries":[4674,4709,4756,4813,4831,4862],"product_brand":[],"product_cat":[9976,9967,9994,9940,9949,13096,13130,9248,13061,9987],"product_tag":[],"class_list":{"0":"post-162213","1":"product","2":"type-product","3":"status-publish","4":"has-post-thumbnail","6":"countries-by","7":"countries-cu","8":"countries-ir","9":"countries-kp","10":"countries-ru","11":"countries-sy","12":"product_cat-autoipar-kozlekedes","13":"product_cat-egeszseg-jolet","14":"product_cat-egyeb-iparagak","15":"product_cat-elelmiszeripar","16":"product_cat-epuletek","17":"product_cat-futes","18":"product_cat-hutestechnika","19":"product_cat-hutokozeg-bevizsgalas","20":"product_cat-legkondicionalas","21":"product_cat-repulestechnika-urhajozas-vedelem","22":"pa_packaging-egyseg-hu-25","24":"first","25":"instock","26":"shipping-taxable","27":"purchasable","28":"product-type-variable"},"_links":{"self":[{"href":"https:\/\/climalife.com\/hu\/wp-json\/wp\/v2\/product\/162213","targetHints":{"allow":["GET"]}}],"collection":[{"href":"https:\/\/climalife.com\/hu\/wp-json\/wp\/v2\/product"}],"about":[{"href":"https:\/\/climalife.com\/hu\/wp-json\/wp\/v2\/types\/product"}],"replies":[{"embeddable":true,"href":"https:\/\/climalife.com\/hu\/wp-json\/wp\/v2\/comments?post=162213"}],"wp:featuredmedia":[{"embeddable":true,"href":"https:\/\/climalife.com\/hu\/wp-json\/wp\/v2\/media\/107532"}],"wp:attachment":[{"href":"https:\/\/climalife.com\/hu\/wp-json\/wp\/v2\/media?parent=162213"}],"wp:term":[{"taxonomy":"countries","embeddable":true,"href":"https:\/\/climalife.com\/hu\/wp-json\/wp\/v2\/countries?post=162213"},{"taxonomy":"product_brand","embeddable":true,"href":"https:\/\/climalife.com\/hu\/wp-json\/wp\/v2\/product_brand?post=162213"},{"taxonomy":"product_cat","embeddable":true,"href":"https:\/\/climalife.com\/hu\/wp-json\/wp\/v2\/product_cat?post=162213"},{"taxonomy":"product_tag","embeddable":true,"href":"https:\/\/climalife.com\/hu\/wp-json\/wp\/v2\/product_tag?post=162213"}],"curies":[{"name":"wp","href":"https:\/\/api.w.org\/{rel}","templated":true}]}}