{"id":162256,"date":"2022-09-28T18:01:07","date_gmt":"2022-09-28T18:01:07","guid":{"rendered":"http:\/\/climalife.com\/product\/r-513a\/"},"modified":"2025-11-03T13:36:34","modified_gmt":"2025-11-03T13:36:34","slug":"r-513a","status":"publish","type":"product","link":"https:\/\/climalife.com\/hu\/product\/r-513a\/","title":{"rendered":"R-513A"},"content":{"rendered":"<p>Azzal a c\u00e9llal tervezt\u00e9k, hogy helyettes\u00edtse az R-134a-t h\u00e1ztart\u00e1si-, kereskedelmi \u00e9s ipari h\u0171t\u00e9sben egyar\u00e1nt, valamint l\u00e9gkondicion\u00e1l\u00f3kban, folyad\u00e9kh\u0171t\u0151kben \u00e9s h\u0151szivatty\u00fakban.Haszn\u00e1lhat\u00f3 direkt expanzi\u00f3s \u00e9s el\u00e1rasztott elp\u00e1rologtat\u00f3s rendszerekben is.<\/p>\n","protected":false},"excerpt":{"rendered":"<p>Az R-513A HFC\/HFO h\u0171t\u0151k\u00f6zegeket tartalmaz\u00f3 azeotr\u00f3p kever\u00e9k.<\/p>\n","protected":false},"featured_media":120735,"comment_status":"open","ping_status":"closed","template":"","meta":[],"countries":[4674,4709,4756,4813,4831,4862],"product_brand":[],"product_cat":[9967,9994,9940,9958,9949,13096,9608,13130,13061,9987],"product_tag":[],"class_list":{"0":"post-162256","1":"product","2":"type-product","3":"status-publish","4":"has-post-thumbnail","6":"countries-by","7":"countries-cu","8":"countries-ir","9":"countries-kp","10":"countries-ru","11":"countries-sy","12":"product_cat-egeszseg-jolet","13":"product_cat-egyeb-iparagak","14":"product_cat-elelmiszeripar","15":"product_cat-energia","16":"product_cat-epuletek","17":"product_cat-futes","18":"product_cat-hfc-hfo-keverekek","19":"product_cat-hutestechnika","20":"product_cat-legkondicionalas","21":"product_cat-repulestechnika-urhajozas-vedelem","22":"pa_packaging-cubikool","23":"pa_packaging-palack-52-l-hu-72","24":"pa_packaging-tartaly-448-l-hu-74","25":"pa_packaging-tartaly-930-l-hu-76","27":"first","28":"instock","29":"shipping-taxable","30":"purchasable","31":"product-type-variable"},"_links":{"self":[{"href":"https:\/\/climalife.com\/hu\/wp-json\/wp\/v2\/product\/162256","targetHints":{"allow":["GET"]}}],"collection":[{"href":"https:\/\/climalife.com\/hu\/wp-json\/wp\/v2\/product"}],"about":[{"href":"https:\/\/climalife.com\/hu\/wp-json\/wp\/v2\/types\/product"}],"replies":[{"embeddable":true,"href":"https:\/\/climalife.com\/hu\/wp-json\/wp\/v2\/comments?post=162256"}],"wp:featuredmedia":[{"embeddable":true,"href":"https:\/\/climalife.com\/hu\/wp-json\/wp\/v2\/media\/120735"}],"wp:attachment":[{"href":"https:\/\/climalife.com\/hu\/wp-json\/wp\/v2\/media?parent=162256"}],"wp:term":[{"taxonomy":"countries","embeddable":true,"href":"https:\/\/climalife.com\/hu\/wp-json\/wp\/v2\/countries?post=162256"},{"taxonomy":"product_brand","embeddable":true,"href":"https:\/\/climalife.com\/hu\/wp-json\/wp\/v2\/product_brand?post=162256"},{"taxonomy":"product_cat","embeddable":true,"href":"https:\/\/climalife.com\/hu\/wp-json\/wp\/v2\/product_cat?post=162256"},{"taxonomy":"product_tag","embeddable":true,"href":"https:\/\/climalife.com\/hu\/wp-json\/wp\/v2\/product_tag?post=162256"}],"curies":[{"name":"wp","href":"https:\/\/api.w.org\/{rel}","templated":true}]}}