{"id":162267,"date":"2022-09-28T18:01:17","date_gmt":"2022-09-28T18:01:17","guid":{"rendered":"http:\/\/climalife.com\/product\/mgs-150\/"},"modified":"2024-12-12T15:36:18","modified_gmt":"2024-12-12T15:36:18","slug":"mgs-150","status":"publish","type":"product","link":"https:\/\/climalife.com\/hu\/product\/mgs-150\/","title":{"rendered":"MGS 150"},"content":{"rendered":"<div id=\"reference-content\" class=\"textarea mce-content-body\">\n<p>Ezek a telep\u00edtett sziv\u00e1rg\u00e1s\u00e9rz\u00e9kel\u0151k egyszer\u0171v\u00e9 \u00e9s k\u00e9nyelmess\u00e9 teszik a biztons\u00e1gi el\u0151\u00edr\u00e1sok betart\u00e1s\u00e1t a g\u00e9ptermekben \u00e9s a h\u0171t\u00e9stechnik\u00e1ban. K\u00f6nny\u0171 haszn\u00e1latukkal id\u0151t \u00e9s p\u00e9nzt takar\u00edtanak meg a berendez\u00e9sek ter\u00e9n is.<\/p>\n<p>A Climalife biztos\u00edtja a csere\u00e9rz\u00e9kel\u0151k \u00e9s kalibr\u00e1ci\u00f3s k\u00e9szletek el\u00e9rhet\u0151s\u00e9g\u00e9t az MGS 150 sorozathoz.<\/p>\n<\/div>\n","protected":false},"excerpt":{"rendered":"<p>Az MGS 150 telep\u00edtett sziv\u00e1rg\u00e1s\u00e9rz\u00e9kel\u0151ket most k\u00e9t \u00faj term\u00e9kcsal\u00e1d v\u00e1ltja fel: az MGS 400-as \u00e9s az MGS 550-es sorozat.<\/p>\n","protected":false},"featured_media":117450,"comment_status":"open","ping_status":"closed","template":"","meta":[],"countries":[4674,4709,4756,4760,4813,4831,4862],"product_brand":[],"product_cat":[9265],"product_tag":[],"class_list":{"0":"post-162267","1":"product","2":"type-product","3":"status-publish","4":"has-post-thumbnail","6":"countries-by","7":"countries-cu","8":"countries-ir","9":"countries-it","10":"countries-kp","11":"countries-ru","12":"countries-sy","13":"product_cat-telepitett","14":"pa_packaging-egyseg-hu-25","16":"first","17":"instock","18":"shipping-taxable","19":"purchasable","20":"product-type-simple"},"_links":{"self":[{"href":"https:\/\/climalife.com\/hu\/wp-json\/wp\/v2\/product\/162267","targetHints":{"allow":["GET"]}}],"collection":[{"href":"https:\/\/climalife.com\/hu\/wp-json\/wp\/v2\/product"}],"about":[{"href":"https:\/\/climalife.com\/hu\/wp-json\/wp\/v2\/types\/product"}],"replies":[{"embeddable":true,"href":"https:\/\/climalife.com\/hu\/wp-json\/wp\/v2\/comments?post=162267"}],"wp:featuredmedia":[{"embeddable":true,"href":"https:\/\/climalife.com\/hu\/wp-json\/wp\/v2\/media\/117450"}],"wp:attachment":[{"href":"https:\/\/climalife.com\/hu\/wp-json\/wp\/v2\/media?parent=162267"}],"wp:term":[{"taxonomy":"countries","embeddable":true,"href":"https:\/\/climalife.com\/hu\/wp-json\/wp\/v2\/countries?post=162267"},{"taxonomy":"product_brand","embeddable":true,"href":"https:\/\/climalife.com\/hu\/wp-json\/wp\/v2\/product_brand?post=162267"},{"taxonomy":"product_cat","embeddable":true,"href":"https:\/\/climalife.com\/hu\/wp-json\/wp\/v2\/product_cat?post=162267"},{"taxonomy":"product_tag","embeddable":true,"href":"https:\/\/climalife.com\/hu\/wp-json\/wp\/v2\/product_tag?post=162267"}],"curies":[{"name":"wp","href":"https:\/\/api.w.org\/{rel}","templated":true}]}}