{"id":162290,"date":"2022-10-05T00:58:10","date_gmt":"2022-10-05T00:58:10","guid":{"rendered":"http:\/\/climalife.com\/?post_type=product&#038;p=162290"},"modified":"2026-01-29T13:41:38","modified_gmt":"2026-01-29T13:41:38","slug":"grv-hutokozeg-lefejto","status":"publish","type":"product","link":"https:\/\/climalife.com\/hu\/product\/grv-hutokozeg-lefejto\/","title":{"rendered":"H\u0171t\u0151k\u00f6zeg lefejt\u0151 aggreg\u00e1t GRV tervez\u00e9s"},"content":{"rendered":"<p>\u00dagy tervezt\u00e9k, hogy ak\u00e1r 1 mbar abszol\u00fat nyom\u00e1sig visszanyerje az \u00f6sszes h\u0171t\u0151k\u00f6zeget vagy SF<sub>6<\/sub>-ot.<\/p>\n<p>A GRV-k k\u00fcl\u00f6n\u00f6sen alkalmasak olyan lefejt\u00e9si m\u0171veletekhez, ahol a visszanyert folyad\u00e9k nem tartalmaz semmilyen olajnyomot.<\/p>\n<p>Az \u00d6n specifik\u00e1ci\u00f3it\u00f3l f\u00fcgg\u0151en t\u00f6bbf\u00e9le modellt k\u00edn\u00e1lunk (mobil, sz\u00e1ll\u00edthat\u00f3, v\u00e1ltoz\u00f3 nyom\u00e1s, folyad\u00e9k- vagy g\u00e1zf\u00e1zis, push-pull&#8230;).<\/p>\n<p>&nbsp;<\/p>\n","protected":false},"excerpt":{"rendered":"<p>Lefejt\u0151 berendez\u00e9s \u00e9s v\u00e1kuumszivatty\u00fa (GRV) <\/p>\n","protected":false},"featured_media":108333,"comment_status":"open","ping_status":"closed","template":"","meta":[],"countries":[4674,4709,4756,4813,4831,4862],"product_brand":[],"product_cat":[9223,9949,9958,9967,13070,9760,13130,13487],"product_tag":[],"class_list":{"0":"post-162290","1":"product","2":"type-product","3":"status-publish","4":"has-post-thumbnail","6":"countries-by","7":"countries-cu","8":"countries-ir","9":"countries-kp","10":"countries-ru","11":"countries-sy","12":"product_cat-iparagak","13":"product_cat-epuletek","14":"product_cat-energia","15":"product_cat-egeszseg-jolet","16":"product_cat-dielektromos-sf6","17":"product_cat-hajtogazok","18":"product_cat-hutestechnika","19":"product_cat-lefejto-es-atfejto-berendezesek","21":"first","22":"instock","23":"shipping-taxable","24":"purchasable","25":"product-type-simple"},"_links":{"self":[{"href":"https:\/\/climalife.com\/hu\/wp-json\/wp\/v2\/product\/162290","targetHints":{"allow":["GET"]}}],"collection":[{"href":"https:\/\/climalife.com\/hu\/wp-json\/wp\/v2\/product"}],"about":[{"href":"https:\/\/climalife.com\/hu\/wp-json\/wp\/v2\/types\/product"}],"replies":[{"embeddable":true,"href":"https:\/\/climalife.com\/hu\/wp-json\/wp\/v2\/comments?post=162290"}],"wp:featuredmedia":[{"embeddable":true,"href":"https:\/\/climalife.com\/hu\/wp-json\/wp\/v2\/media\/108333"}],"wp:attachment":[{"href":"https:\/\/climalife.com\/hu\/wp-json\/wp\/v2\/media?parent=162290"}],"wp:term":[{"taxonomy":"countries","embeddable":true,"href":"https:\/\/climalife.com\/hu\/wp-json\/wp\/v2\/countries?post=162290"},{"taxonomy":"product_brand","embeddable":true,"href":"https:\/\/climalife.com\/hu\/wp-json\/wp\/v2\/product_brand?post=162290"},{"taxonomy":"product_cat","embeddable":true,"href":"https:\/\/climalife.com\/hu\/wp-json\/wp\/v2\/product_cat?post=162290"},{"taxonomy":"product_tag","embeddable":true,"href":"https:\/\/climalife.com\/hu\/wp-json\/wp\/v2\/product_tag?post=162290"}],"curies":[{"name":"wp","href":"https:\/\/api.w.org\/{rel}","templated":true}]}}