{"id":162311,"date":"2022-09-28T18:01:58","date_gmt":"2022-09-28T18:01:58","guid":{"rendered":"http:\/\/climalife.com\/product\/solufluid\/"},"modified":"2025-08-13T17:33:02","modified_gmt":"2025-08-13T17:33:02","slug":"solufluid","status":"publish","type":"product","link":"https:\/\/climalife.com\/hu\/product\/solufluid\/","title":{"rendered":"Solufluid\u00ae"},"content":{"rendered":"<p>Alkalmas padl\u00f3f\u0171t\u00e9shez\/padl\u00f6h\u0171t\u00e9shez h\u00e1l\u00f3zatos polietil\u00e9n (PER) cs\u00f6vekkel, f\u0171t\u00e9si \u00e9s h\u0171t\u00e9si rendszerekhez, valamint t\u0171zolt\u00f3 cs\u00f6vekhez.<\/p>\n","protected":false},"excerpt":{"rendered":"<p>A SOLUFLUID<sup>\u00ae<\/sup> egy MONOPROPYLENGLYKOL \u00e9s korr\u00f3zi\u00f3g\u00e1tl\u00f3 anyagok alap\u00fa, K\u00c9SZEN HASZN\u00c1LHAT\u00d3 h\u0151hordoz\u00f3.<\/p>\n","protected":false},"featured_media":197745,"comment_status":"open","ping_status":"closed","template":"","meta":[],"countries":[4674,4709,4756,4813,4831,4862],"product_brand":[],"product_cat":[9949,9967,9994,13061,13096,13535],"product_tag":[],"class_list":{"0":"post-162311","1":"product","2":"type-product","3":"status-publish","4":"has-post-thumbnail","6":"countries-by","7":"countries-cu","8":"countries-ir","9":"countries-kp","10":"countries-ru","11":"countries-sy","12":"product_cat-epuletek","13":"product_cat-egeszseg-jolet","14":"product_cat-egyeb-iparagak","15":"product_cat-legkondicionalas","16":"product_cat-futes","17":"product_cat-mpg-hu","18":"pa_packaging-hordo-210-i-hu-28","19":"pa_packaging-kanna-20-l-hu-36","20":"pa_packaging-tartaly-1000-kg-hu-139","21":"pa_protection-25c-hu-233","23":"first","24":"outofstock","25":"shipping-taxable","26":"product-type-variable"},"_links":{"self":[{"href":"https:\/\/climalife.com\/hu\/wp-json\/wp\/v2\/product\/162311","targetHints":{"allow":["GET"]}}],"collection":[{"href":"https:\/\/climalife.com\/hu\/wp-json\/wp\/v2\/product"}],"about":[{"href":"https:\/\/climalife.com\/hu\/wp-json\/wp\/v2\/types\/product"}],"replies":[{"embeddable":true,"href":"https:\/\/climalife.com\/hu\/wp-json\/wp\/v2\/comments?post=162311"}],"wp:featuredmedia":[{"embeddable":true,"href":"https:\/\/climalife.com\/hu\/wp-json\/wp\/v2\/media\/197745"}],"wp:attachment":[{"href":"https:\/\/climalife.com\/hu\/wp-json\/wp\/v2\/media?parent=162311"}],"wp:term":[{"taxonomy":"countries","embeddable":true,"href":"https:\/\/climalife.com\/hu\/wp-json\/wp\/v2\/countries?post=162311"},{"taxonomy":"product_brand","embeddable":true,"href":"https:\/\/climalife.com\/hu\/wp-json\/wp\/v2\/product_brand?post=162311"},{"taxonomy":"product_cat","embeddable":true,"href":"https:\/\/climalife.com\/hu\/wp-json\/wp\/v2\/product_cat?post=162311"},{"taxonomy":"product_tag","embeddable":true,"href":"https:\/\/climalife.com\/hu\/wp-json\/wp\/v2\/product_tag?post=162311"}],"curies":[{"name":"wp","href":"https:\/\/api.w.org\/{rel}","templated":true}]}}