{"id":162349,"date":"2022-09-28T18:02:39","date_gmt":"2022-09-28T18:02:39","guid":{"rendered":"http:\/\/climalife.com\/product\/szerviz-tartaly\/"},"modified":"2025-07-14T08:22:36","modified_gmt":"2025-07-14T08:22:36","slug":"szerviz-tartaly","status":"publish","type":"product","link":"https:\/\/climalife.com\/hu\/product\/szerviz-tartaly\/","title":{"rendered":"Szerviz tart\u00e1ly"},"content":{"rendered":"<p>A csomagol\u00e1si m\u00e9retek \u00e9s a rendelkez\u00e9sre \u00e1ll\u00e1s orsz\u00e1gonk\u00e9nt elt\u00e9r\u0151 lehet.<\/p>\n","protected":false},"excerpt":{"rendered":"<p>B\u00e9relhet\u0151. Egy rendszer h\u0171t\u0151k\u00f6zegt\u00f6ltet\u00e9nek a visszat\u00f6lt\u00e9s\u00e9ig val\u00f3 \u00e1tmeneti t\u00e1rol\u00e1s\u00e1ra.<\/p>\n","protected":false},"featured_media":107478,"comment_status":"open","ping_status":"closed","template":"","meta":[],"countries":[4674,4709,4756,4813,4831,4862],"product_brand":[],"product_cat":[9987,9976,9949,9958,9940,9967,9994,13061,13078,13096,13130,13255],"product_tag":[],"class_list":{"0":"post-162349","1":"product","2":"type-product","3":"status-publish","4":"has-post-thumbnail","6":"countries-by","7":"countries-cu","8":"countries-ir","9":"countries-kp","10":"countries-ru","11":"countries-sy","12":"product_cat-repulestechnika-urhajozas-vedelem","13":"product_cat-autoipar-kozlekedes","14":"product_cat-epuletek","15":"product_cat-energia","16":"product_cat-elelmiszeripar","17":"product_cat-egeszseg-jolet","18":"product_cat-egyeb-iparagak","19":"product_cat-legkondicionalas","20":"product_cat-szetszereles-megsemmisites","21":"product_cat-futes","22":"product_cat-hutestechnika","23":"product_cat-hutokozeg-visszanyerese","24":"pa_packaging-tartaly-930-l-hu-76","26":"first","27":"instock","28":"shipping-taxable","29":"purchasable","30":"product-type-variable"},"_links":{"self":[{"href":"https:\/\/climalife.com\/hu\/wp-json\/wp\/v2\/product\/162349","targetHints":{"allow":["GET"]}}],"collection":[{"href":"https:\/\/climalife.com\/hu\/wp-json\/wp\/v2\/product"}],"about":[{"href":"https:\/\/climalife.com\/hu\/wp-json\/wp\/v2\/types\/product"}],"replies":[{"embeddable":true,"href":"https:\/\/climalife.com\/hu\/wp-json\/wp\/v2\/comments?post=162349"}],"wp:featuredmedia":[{"embeddable":true,"href":"https:\/\/climalife.com\/hu\/wp-json\/wp\/v2\/media\/107478"}],"wp:attachment":[{"href":"https:\/\/climalife.com\/hu\/wp-json\/wp\/v2\/media?parent=162349"}],"wp:term":[{"taxonomy":"countries","embeddable":true,"href":"https:\/\/climalife.com\/hu\/wp-json\/wp\/v2\/countries?post=162349"},{"taxonomy":"product_brand","embeddable":true,"href":"https:\/\/climalife.com\/hu\/wp-json\/wp\/v2\/product_brand?post=162349"},{"taxonomy":"product_cat","embeddable":true,"href":"https:\/\/climalife.com\/hu\/wp-json\/wp\/v2\/product_cat?post=162349"},{"taxonomy":"product_tag","embeddable":true,"href":"https:\/\/climalife.com\/hu\/wp-json\/wp\/v2\/product_tag?post=162349"}],"curies":[{"name":"wp","href":"https:\/\/api.w.org\/{rel}","templated":true}]}}