{"id":162368,"date":"2022-09-28T18:02:56","date_gmt":"2022-09-28T18:02:56","guid":{"rendered":"http:\/\/climalife.com\/product\/total-lunaria-nh-68\/"},"modified":"2025-07-14T08:23:22","modified_gmt":"2025-07-14T08:23:22","slug":"total-lunaria-nh-68","status":"publish","type":"product","link":"https:\/\/climalife.com\/hu\/product\/total-lunaria-nh-68\/","title":{"rendered":"Total Lunaria NH 68"},"content":{"rendered":"<p>Alkalmaz\u00e1s:<br \/>\n&#8211; dugatty\u00fas kompresszorok ken\u00e9se (meghajt\u00e1sok, hengerek, t\u00f6m\u00edt\u00e9sek).<br \/>\n&#8211; rot\u00e1ci\u00f3s kompresszorok ken\u00e9se<br \/>\n&#8211; Alkalmaz\u00e1si ter\u00fclet: p\u00e1rolg\u00e1si h\u0151m\u00e9rs\u00e9klet -30 \u00b0C felett.<\/p>\n","protected":false},"excerpt":{"rendered":"<p>Adal\u00e9kokkal ell\u00e1tott \u00e1sv\u00e1nyi olajok h\u0171t\u0151k\u00f6zeg-kompresszorok ken\u00e9s\u00e9hez, amelyekben amm\u00f3niag\u00e1z (R-717) h\u0171t\u0151k\u00f6zegk\u00e9nt haszn\u00e1latos.<\/p>\n","protected":false},"featured_media":108162,"comment_status":"open","ping_status":"closed","template":"","meta":[],"countries":[4674,4709,4756,4813,4831,4862],"product_brand":[],"product_cat":[9987,9940,9967,9994,13096,13130,9347],"product_tag":[],"class_list":{"0":"post-162368","1":"product","2":"type-product","3":"status-publish","4":"has-post-thumbnail","6":"countries-by","7":"countries-cu","8":"countries-ir","9":"countries-kp","10":"countries-ru","11":"countries-sy","12":"product_cat-repulestechnika-urhajozas-vedelem","13":"product_cat-elelmiszeripar","14":"product_cat-egeszseg-jolet","15":"product_cat-egyeb-iparagak","16":"product_cat-futes","17":"product_cat-hutestechnika","18":"product_cat-asvanyi-olajok","19":"pa_packaging-hordo-208-l-hu-49","20":"pa_packaging-kanna-20-l-hu-36","22":"first","23":"instock","24":"shipping-taxable","25":"purchasable","26":"product-type-variable"},"_links":{"self":[{"href":"https:\/\/climalife.com\/hu\/wp-json\/wp\/v2\/product\/162368","targetHints":{"allow":["GET"]}}],"collection":[{"href":"https:\/\/climalife.com\/hu\/wp-json\/wp\/v2\/product"}],"about":[{"href":"https:\/\/climalife.com\/hu\/wp-json\/wp\/v2\/types\/product"}],"replies":[{"embeddable":true,"href":"https:\/\/climalife.com\/hu\/wp-json\/wp\/v2\/comments?post=162368"}],"wp:featuredmedia":[{"embeddable":true,"href":"https:\/\/climalife.com\/hu\/wp-json\/wp\/v2\/media\/108162"}],"wp:attachment":[{"href":"https:\/\/climalife.com\/hu\/wp-json\/wp\/v2\/media?parent=162368"}],"wp:term":[{"taxonomy":"countries","embeddable":true,"href":"https:\/\/climalife.com\/hu\/wp-json\/wp\/v2\/countries?post=162368"},{"taxonomy":"product_brand","embeddable":true,"href":"https:\/\/climalife.com\/hu\/wp-json\/wp\/v2\/product_brand?post=162368"},{"taxonomy":"product_cat","embeddable":true,"href":"https:\/\/climalife.com\/hu\/wp-json\/wp\/v2\/product_cat?post=162368"},{"taxonomy":"product_tag","embeddable":true,"href":"https:\/\/climalife.com\/hu\/wp-json\/wp\/v2\/product_tag?post=162368"}],"curies":[{"name":"wp","href":"https:\/\/api.w.org\/{rel}","templated":true}]}}